{"id":9028,"date":"2023-12-18T11:35:02","date_gmt":"2023-12-18T11:35:02","guid":{"rendered":"https:\/\/www.albadelakhar.ly\/?page_id=9028"},"modified":"2024-02-12T08:02:03","modified_gmt":"2024-02-12T08:02:03","slug":"qui-sommes-nous","status":"publish","type":"page","link":"https:\/\/www.albadelakhar.ly\/fr\/qui-sommes-nous\/","title":{"rendered":"Qui sommes-nous"},"content":{"rendered":"<section class=\"wpb-content-wrapper\"><p>[vc_row full_width=&#8221;stretch_row&#8221; video_bg=&#8221;yes&#8221; video_bg_url=&#8221;&#8221; kd_image_overlay=&#8221;true&#8221; css=&#8221;.vc_custom_1702571565695{padding-top: 260px !important;padding-bottom: 200px !important;background-image: url(https:\/\/www.albadelakhar.ly\/wp-content\/uploads\/2023\/12\/bnpre2-min-1.jpg?id=8367) !important;}&#8221;][vc_column css=&#8221;.vc_custom_1513003956648{padding-top: 0px !important;}&#8221;][vc_row_inner][vc_column_inner width=&#8221;1\/6&#8243; css=&#8221;.vc_custom_1513004658055{padding-top: 50px !important;padding-left: 0px !important;}&#8221;][\/vc_column_inner][vc_column_inner width=&#8221;2\/3&#8243; css=&#8221;.vc_custom_1513008591637{padding-right: 0px !important;padding-left: 0px !important;}&#8221;]<div class=\"kd-text-rotator kd-rotatorid-69f555dd4cf1d text-center slower-text-rotator \"><div class=\"kd-text-rotator-container\"><h4 class=\"rotator-single kd-rotator-item-1 \" style=\" color: #ffffff; font-size: 70px;\">\u00c0 propos de Albadel Akhar Co.<\/h4><h4 class=\"rotator-single kd-rotator-item-2 \" style=\" color: #ffffff; font-size: 70px;\">Entreprise leader dans le domaine de l'air comprim\u00e9<\/h4><h4 class=\"rotator-single kd-rotator-item-3 \" style=\" color: #ffffff; font-size: 70px;\">Des services in\u00e9gal\u00e9s pour une efficacit\u00e9 maximale<\/h4><h4 class=\"rotator-single kd-rotator-item-4 last\" style=\"transition: all 0.5s 10s; color: #ffffff; font-size: 70px;\">\u00c0 propos de Albadel Akhar Co.<\/h4><\/div><\/div>[\/vc_column_inner][vc_column_inner width=&#8221;1\/6&#8243;][\/vc_column_inner][\/vc_row_inner][\/vc_column][\/vc_row][vc_row full_width=&#8221;stretch_row_content&#8221; parallax=&#8221;content-moving&#8221; css=&#8221;.vc_custom_1702545661513{padding-top: 100px !important;padding-bottom: 85px !important;}&#8221;][vc_column][vc_row_inner css=&#8221;.vc_custom_1702549923783{background-image: url(https:\/\/www.albadelakhar.ly\/wp-content\/uploads\/2023\/12\/bbg.jpg?id=7983) !important;background-position: center !important;background-repeat: no-repeat !important;background-size: cover !important;}&#8221;][vc_column_inner width=&#8221;1\/3&#8243; offset=&#8221;vc_col-lg-4 vc_col-md-12&#8243; css=&#8221;.vc_custom_1702549364334{padding-right: 50px !important;padding-left: 0px !important;}&#8221;]<header class=\"kd-section-title col-lg-12 text-left  kd-animated fadeIn   vc_custom_1703014096012\" data-animation-delay=200><h1 class=\"separator_off\" >Albadel Akhar Co.<\/h1><\/header>[\/vc_column_inner][vc_column_inner width=&#8221;1\/3&#8243; offset=&#8221;vc_col-lg-4 vc_col-md-6&#8243;][vc_column_text]<\/p>\n<p style=\"text-align: justify;\">La soci\u00e9t\u00e9<strong> Albadel Akhar Co.<\/strong>, pionni\u00e8re dans le domaine des \u00e9quipements industriels et des syst\u00e8mes d&#8217;air comprim\u00e9, se situe actuellement au sommet des entreprises sp\u00e9cialis\u00e9es dans ce domaine. Nous sommes fiers de notre coop\u00e9ration avec les meilleures entreprises internationales sp\u00e9cialis\u00e9es dans les syst\u00e8mes d&#8217;air comprim\u00e9 et les \u00e9quipements industriels, car notre force r\u00e9side dans l&#8217;\u00e9change d&#8217;exp\u00e9riences et la coop\u00e9ration pour parvenir au d\u00e9veloppement et au d\u00e9veloppement.<\/p>\n<p>[\/vc_column_text][\/vc_column_inner][vc_column_inner width=&#8221;1\/3&#8243; offset=&#8221;vc_col-lg-4 vc_col-md-6&#8243;][vc_column_text]<\/p>\n<p style=\"text-align: justify;\"><strong>Depuis 1991,<\/strong> nous accordons la priorit\u00e9 \u00e0 nos clients. Nous nous effor\u00e7ons de fournir des produits et services de haute qualit\u00e9 qui contribuent \u00e0 am\u00e9liorer l\u2019efficacit\u00e9 des op\u00e9rations et \u00e0 \u00e9conomiser du temps, des efforts et de l\u2019argent. Nous comprenons l&#8217;importance de l&#8217;innovation et des technologies avanc\u00e9es et nous nous effor\u00e7ons de fournir des solutions personnalis\u00e9es qui r\u00e9pondent pr\u00e9cis\u00e9ment aux besoins de nos clients, faisant de nous un partenaire strat\u00e9gique pour les entreprises qui s&#8217;efforcent de devenir leader dans leur domaine.<\/p>\n<p>[\/vc_column_text][\/vc_column_inner][\/vc_row_inner][\/vc_column][\/vc_row][vc_row full_width=&#8221;stretch_row_content_no_spaces&#8221; css=&#8221;.vc_custom_1704207268025{background-color: #f5f5f5 !important;}&#8221; el_class=&#8221;vc_hidden-sm vc_hidden-xs&#8221; top_section_title=&#8221;&#8221; bottom_section_title=&#8221;&#8221;][vc_column width=&#8221;1\/2&#8243; offset=&#8221;vc_col-lg-6 vc_col-md-12&#8243;][vc_row_inner css=&#8221;.vc_custom_1703023432289{padding-top: 145px !important;padding-right: 50px !important;padding-left: 50px !important;}&#8221;][vc_column_inner css=&#8221;.vc_custom_1703023441382{margin-left: 10px !important;}&#8221;]<header class=\"kd-section-title col-lg-12 text-left  kd-animated fadeIn  \" data-animation-delay=200><h2 class=\"separator_off\" >Notre partenaire strat\u00e9gique<\/h2><\/header>[vc_empty_space height=&#8221;22px&#8221;][vc_column_text]<strong>Atlas Copco<\/strong> a \u00e9t\u00e9 cr\u00e9\u00e9 en 1873 et s&#8217;est depuis impos\u00e9 comme l&#8217;un des leaders mondiaux de l&#8217;industrie. Son si\u00e8ge social est situ\u00e9 au c\u0153ur battant de l&#8217;innovation, Nacka, Stockholm, Su\u00e8de.<\/p>\n<p><strong>Atlas Copco<\/strong> est fier d&#8217;\u00eatre le premier fournisseur mondial de solutions de productivit\u00e9 industrielle pour l&#8217;air comprim\u00e9. Ses services s&#8217;\u00e9tendent dans plus de 180 pays, fournissant des produits et services qui incarnent les normes de durabilit\u00e9 les plus \u00e9lev\u00e9es. Nos solutions innovantes r\u00e9pondent aux divers besoins des entreprises de services, des sous-traitants, des industries manufacturi\u00e8res, des secteurs p\u00e9troliers et gaziers et bien d\u2019autres encore. Fort de notre engagement \u00e0 fournir la meilleure qualit\u00e9 et efficacit\u00e9 dans chaque service que nous fournissons, Atlas Copco reste un symbole d&#8217;innovation et de qualit\u00e9 dans un monde o\u00f9 la fiabilit\u00e9 et les performances sup\u00e9rieures sont particuli\u00e8rement importantes.[\/vc_column_text][\/vc_column_inner][\/vc_row_inner][\/vc_column][vc_column width=&#8221;1\/2&#8243; css=&#8221;.vc_custom_1538998872764{padding-top: 0px !important;}&#8221; offset=&#8221;vc_col-lg-6 vc_col-md-12&#8243;][vc_row_inner css=&#8221;.vc_custom_1702547403774{padding-top: 300px !important;padding-bottom: 220px !important;background-image: url(https:\/\/www.albadelakhar.ly\/wp-content\/uploads\/2023\/12\/corporate-business-handshake-partners-min.jpg?id=7939) !important;background-position: center !important;background-repeat: no-repeat !important;background-size: cover !important;}&#8221;][vc_column_inner css=&#8221;.vc_custom_1511789291663{padding-top: 0px !important;padding-bottom: 0px !important;}&#8221;][vc_empty_space height=&#8221;100px&#8221;][\/vc_column_inner][\/vc_row_inner][\/vc_column][\/vc_row][vc_row full_width=&#8221;stretch_row_content_no_spaces&#8221; css=&#8221;.vc_custom_1704207308063{background-color: #f5f5f5 !important;}&#8221; el_class=&#8221;vc_hidden-md&#8221; top_section_title=&#8221;&#8221; bottom_section_title=&#8221;&#8221;][vc_column width=&#8221;1\/2&#8243; offset=&#8221;vc_col-lg-6 vc_col-md-12&#8243;][vc_row_inner css=&#8221;.vc_custom_1702547403774{padding-top: 300px !important;padding-bottom: 220px !important;background-image: url(https:\/\/www.albadelakhar.ly\/wp-content\/uploads\/2023\/12\/corporate-business-handshake-partners-min.jpg?id=7939) !important;background-position: center !important;background-repeat: no-repeat !important;background-size: cover !important;}&#8221;][vc_column_inner css=&#8221;.vc_custom_1511789291663{padding-top: 0px !important;padding-bottom: 0px !important;}&#8221;][vc_empty_space height=&#8221;100px&#8221;][\/vc_column_inner][\/vc_row_inner][\/vc_column][vc_column width=&#8221;1\/2&#8243; css=&#8221;.vc_custom_1538998872764{padding-top: 0px !important;}&#8221; offset=&#8221;vc_col-lg-6 vc_col-md-12&#8243;][vc_row_inner css=&#8221;.vc_custom_1703023432289{padding-top: 145px !important;padding-right: 50px !important;padding-left: 50px !important;}&#8221;][vc_column_inner css=&#8221;.vc_custom_1703023441382{margin-left: 10px !important;}&#8221;]<header class=\"kd-section-title col-lg-12 text-left  kd-animated fadeIn  \" data-animation-delay=200><h2 class=\"separator_off\" >Notre partenaire strat\u00e9gique<\/h2><\/header>[vc_empty_space height=&#8221;22px&#8221;][vc_column_text]<strong>Atlas Copco<\/strong> a \u00e9t\u00e9 cr\u00e9\u00e9 en 1873 et s&#8217;est depuis impos\u00e9 comme l&#8217;un des leaders mondiaux de l&#8217;industrie. Son si\u00e8ge social est situ\u00e9 au c\u0153ur battant de l&#8217;innovation, Nacka, Stockholm, Su\u00e8de.<\/p>\n<p><strong>Atlas Copco<\/strong> est fier d&#8217;\u00eatre le premier fournisseur mondial de solutions de productivit\u00e9 industrielle pour l&#8217;air comprim\u00e9. Ses services s&#8217;\u00e9tendent dans plus de 180 pays, fournissant des produits et services qui incarnent les normes de durabilit\u00e9 les plus \u00e9lev\u00e9es. Nos solutions innovantes r\u00e9pondent aux divers besoins des entreprises de services, des sous-traitants, des industries manufacturi\u00e8res, des secteurs p\u00e9troliers et gaziers et bien d\u2019autres encore. Fort de notre engagement \u00e0 fournir la meilleure qualit\u00e9 et efficacit\u00e9 dans chaque service que nous fournissons, Atlas Copco reste un symbole d&#8217;innovation et de qualit\u00e9 dans un monde o\u00f9 la fiabilit\u00e9 et les performances sup\u00e9rieures sont particuli\u00e8rement importantes.[\/vc_column_text][\/vc_column_inner][\/vc_row_inner][\/vc_column][\/vc_row][vc_row full_width=&#8221;stretch_row_content_no_spaces&#8221; css=&#8221;.vc_custom_1538998888291{background-color: #f5f5f5 !important;}&#8221;][vc_column width=&#8221;1\/2&#8243; css=&#8221;.vc_custom_1538998872764{padding-top: 0px !important;}&#8221; offset=&#8221;vc_col-lg-6 vc_col-md-12&#8243;][vc_row_inner css=&#8221;.vc_custom_1702548583776{padding-top: 300px !important;padding-bottom: 220px !important;background-image: url(https:\/\/www.albadelakhar.ly\/wp-content\/uploads\/2023\/12\/young-courier-pointing-something-while-witting-with-his-coworker-back-delivery-van-min.jpg?id=7943) !important;background-position: center !important;background-repeat: no-repeat !important;background-size: cover !important;}&#8221;][vc_column_inner css=&#8221;.vc_custom_1511789291663{padding-top: 0px !important;padding-bottom: 0px !important;}&#8221;][vc_empty_space height=&#8221;100px&#8221;][\/vc_column_inner][\/vc_row_inner][\/vc_column][vc_column width=&#8221;1\/2&#8243; offset=&#8221;vc_col-lg-6 vc_col-md-12&#8243;][vc_row_inner css=&#8221;.vc_custom_1703023449257{padding-top: 145px !important;padding-right: 50px !important;padding-left: 50px !important;}&#8221;][vc_column_inner css=&#8221;.vc_custom_1703023456450{margin-left: 10px !important;}&#8221;]<header class=\"kd-section-title col-lg-12 text-left  kd-animated fadeIn  \" data-animation-delay=200><h2 class=\"separator_off\" >Nous venons \u00e0 vous<\/h2><\/header>[vc_empty_space height=&#8221;22px&#8221;][vc_column_text]<\/p>\n<p style=\"text-align: left;\"><strong>Albadel Akhar Co.<\/strong> aspire \u00e0 atteindre son objectif principal, qui est de r\u00e9pondre \u00e0 vos besoins de mani\u00e8re globale et efficace. Nous sommes fiers de fournir des services d&#8217;inspection en direct sur le terrain, o\u00f9 nous analysons soigneusement vos besoins pour fournir des solutions optimales, qu&#8217;il s&#8217;agisse de compresseurs d&#8217;air, de filtres ou autres. Nos techniciens experts poss\u00e8dent les comp\u00e9tences n\u00e9cessaires pour installer efficacement des \u00e9quipements ou effectuer un d\u00e9pannage complet, rapidement et efficacement.<\/p>\n<p style=\"text-align: left;\">Nos normes et notre fa\u00e7on de travailler nous distinguent clairement de nos concurrents. Nous souhaitons fournir des produits originaux d\u2019une qualit\u00e9 in\u00e9gal\u00e9e, avec des services de maintenance complets et la fourniture de pi\u00e8ces de rechange d\u2019origine. Nous offrons une garantie d&#8217;un an sur nos produits, vous assurant tranquillit\u00e9 d&#8217;esprit et s\u00e9curit\u00e9. Chez <strong>Albadel Akhar Co.<\/strong> y, nous souhaitons offrir une exp\u00e9rience unique, o\u00f9 qualit\u00e9 et professionnalisme se combinent dans nos services en tant que distributeurs d&#8217;Atlas Copco International en Libye.<\/p>\n<p>[\/vc_column_text][\/vc_column_inner][\/vc_row_inner][\/vc_column][\/vc_row][vc_row full_width=&#8221;stretch_row&#8221; css=&#8221;.vc_custom_1702548615031{margin-top: 0px !important;padding-top: 70px !important;padding-right: 50px !important;padding-left: 50px !important;background-color: #ffffff !important;}&#8221;][vc_column][vc_row_inner][vc_column_inner width=&#8221;1\/5&#8243;]<div class=\"key-icon-box icon-default icon-top cont-left ib-hover-1\" style=\"background-color: transparent;\" ><div class=\"ib-wrapper\"><i class=\"iconsmind-Bar-Chart iconsmind-Business-Finance\" style=\" color: #00adf1;\"><\/i> <h4 class=\"service-heading\" >Nos objectifs<\/h4><p >Notre objectif est d\u2019am\u00e9liorer la qualit\u00e9 et l\u2019efficacit\u00e9 de tous nos travaux, et d\u2019allier rapidit\u00e9 de mise en \u0153uvre et performance qualit\u00e9.<\/p><\/div><\/div>[\/vc_column_inner][vc_column_inner width=&#8221;1\/5&#8243;]<div class=\"key-icon-box icon-default icon-top cont-left ib-hover-1\" style=\"background-color: transparent;\" ><div class=\"ib-wrapper\"><i class=\"iconsmind-Geo2-Star iconsmind-Maps-Locations\" style=\" color: #00adf1;\"><\/i> <h4 class=\"service-heading\" >Notre culture<\/h4><p >Nous veillons \u00e0 ce que nos employ\u00e9s aient la priorit\u00e9 au sein de l'entreprise dans l'utilisation des derni\u00e8res technologies modernes pour d\u00e9velopper leurs comp\u00e9tences et aptitudes.<\/p><\/div><\/div>[\/vc_column_inner][vc_column_inner width=&#8221;1\/5&#8243;]<div class=\"key-icon-box icon-default icon-top cont-left ib-hover-1\" style=\"background-color: transparent;\" ><div class=\"ib-wrapper\"><i class=\"iconsmind-Diamond iconsmind-Business-Finance\" style=\" color: #00adf1;\"><\/i> <h4 class=\"service-heading\" >Nos valeurs<\/h4><p >Nous avons un ensemble de valeurs qui d\u00e9finissent notre style de travail et nous les partageons tous : engagement, excellence et \u00e9thique professionnelle.<\/p><\/div><\/div>[\/vc_column_inner][vc_column_inner width=&#8221;1\/5&#8243; css=&#8221;.vc_custom_1556026232910{padding-left: 0px !important;}&#8221;]<div class=\"key-icon-box icon-default icon-top cont-left ib-hover-1\" style=\"background-color: transparent;\" ><div class=\"ib-wrapper\"><i class=\"iconsmind-Eye-Visible iconsmind-Bodypart\" style=\" color: #00adf1;\"><\/i> <h4 class=\"service-heading\" >Notre vision<\/h4><p >\u00catre l'entreprise leader et le choix id\u00e9al et le plus honn\u00eate pour fournir des solutions appropri\u00e9es et durables dans le domaine de l'air comprim\u00e9.<\/p><\/div><\/div>[\/vc_column_inner][vc_column_inner width=&#8221;1\/5&#8243; css=&#8221;.vc_custom_1556026237758{padding-left: 0px !important;}&#8221;]<div class=\"key-icon-box icon-default icon-top cont-left ib-hover-1\" style=\"background-color: transparent;\" ><div class=\"ib-wrapper\"><i class=\"iconsmind-Bird-DeliveringLetter iconsmind-Communications-Network\" style=\" color: #00adf1;\"><\/i> <h4 class=\"service-heading\" >Notre message<\/h4><p >Atteindre l'excellence dans la fourniture de produits et de services de haute qualit\u00e9 en suivant le rythme et en absorbant tous les d\u00e9veloppements dans les domaines de la technologie industrielle moderne pour atteindre la satisfaction de nos clients et r\u00e9pondre \u00e0 leurs diverses ambitions.<\/p><\/div><\/div>[\/vc_column_inner][\/vc_row_inner][\/vc_column][\/vc_row]<\/p>\n<\/section>","protected":false},"excerpt":{"rendered":"<p>[vc_row full_width=&#8221;stretch_row&#8221; video_bg=&#8221;yes&#8221; video_bg_url=&#8221;&#8221; kd_image_overlay=&#8221;true&#8221; css=&#8221;.vc_custom_1702571565695{padding-top: 260px !important;padding-bottom: 200px !important;background-image: url(https:\/\/www.albadelakhar.ly\/wp-content\/uploads\/2023\/12\/bnpre2-min-1.jpg?id=8367) !important;}&#8221;][vc_column css=&#8221;.vc_custom_1513003956648{padding-top: 0px !important;}&#8221;][vc_row_inner][vc_column_inner width=&#8221;1\/6&#8243; css=&#8221;.vc_custom_1513004658055{padding-top: 50px !important;padding-left: 0px [&hellip;]<\/p>\n","protected":false},"author":2,"featured_media":0,"parent":0,"menu_order":0,"comment_status":"closed","ping_status":"closed","template":"","meta":{"footnotes":""},"class_list":["post-9028","page","type-page","status-publish","hentry"],"yoast_head":"<!-- This site is optimized with the Yoast SEO plugin v22.0 - https:\/\/yoast.com\/wordpress\/plugins\/seo\/ -->\n<title>Qui sommes-nous | Atlas Copco<\/title>\n<meta name=\"description\" content=\"La soci\u00e9t\u00e9 Albadel Akhar Co., pionni\u00e8re dans le domaine des \u00e9quipements industriels et des syst\u00e8mes d&#039;air comprim\u00e9, se situe actuellement au sommet des\" \/>\n<meta name=\"robots\" content=\"index, follow, max-snippet:-1, max-image-preview:large, max-video-preview:-1\" \/>\n<link rel=\"canonical\" href=\"https:\/\/www.albadelakhar.ly\/fr\/qui-sommes-nous\/\" \/>\n<meta property=\"og:locale\" content=\"fr_FR\" \/>\n<meta property=\"og:type\" content=\"article\" \/>\n<meta property=\"og:title\" content=\"Qui sommes-nous | Atlas Copco\" \/>\n<meta property=\"og:description\" content=\"La soci\u00e9t\u00e9 Albadel Akhar Co., pionni\u00e8re dans le domaine des \u00e9quipements industriels et des syst\u00e8mes d&#039;air comprim\u00e9, se situe actuellement au sommet des\" \/>\n<meta property=\"og:url\" content=\"https:\/\/www.albadelakhar.ly\/fr\/qui-sommes-nous\/\" \/>\n<meta property=\"og:site_name\" content=\"Atlas Copco\" \/>\n<meta property=\"article:modified_time\" content=\"2024-02-12T08:02:03+00:00\" \/>\n<meta name=\"twitter:card\" content=\"summary_large_image\" \/>\n<meta name=\"twitter:label1\" content=\"Dur\u00e9e de lecture estim\u00e9e\" \/>\n\t<meta name=\"twitter:data1\" content=\"6 minutes\" \/>\n<script type=\"application\/ld+json\" class=\"yoast-schema-graph\">{\"@context\":\"https:\/\/schema.org\",\"@graph\":[{\"@type\":\"WebPage\",\"@id\":\"https:\/\/www.albadelakhar.ly\/fr\/qui-sommes-nous\/\",\"url\":\"https:\/\/www.albadelakhar.ly\/fr\/qui-sommes-nous\/\",\"name\":\"Qui sommes-nous | Atlas Copco\",\"isPartOf\":{\"@id\":\"https:\/\/www.albadelakhar.ly\/#website\"},\"datePublished\":\"2023-12-18T11:35:02+00:00\",\"dateModified\":\"2024-02-12T08:02:03+00:00\",\"description\":\"La soci\u00e9t\u00e9 Albadel Akhar Co., pionni\u00e8re dans le domaine des \u00e9quipements industriels et des syst\u00e8mes d'air comprim\u00e9, se situe actuellement au sommet des\",\"breadcrumb\":{\"@id\":\"https:\/\/www.albadelakhar.ly\/fr\/qui-sommes-nous\/#breadcrumb\"},\"inLanguage\":\"fr-FR\",\"potentialAction\":[{\"@type\":\"ReadAction\",\"target\":[\"https:\/\/www.albadelakhar.ly\/fr\/qui-sommes-nous\/\"]}]},{\"@type\":\"BreadcrumbList\",\"@id\":\"https:\/\/www.albadelakhar.ly\/fr\/qui-sommes-nous\/#breadcrumb\",\"itemListElement\":[{\"@type\":\"ListItem\",\"position\":1,\"name\":\"Accueil\",\"item\":\"https:\/\/www.albadelakhar.ly\/fr\/\"},{\"@type\":\"ListItem\",\"position\":2,\"name\":\"Qui sommes-nous\"}]},{\"@type\":\"WebSite\",\"@id\":\"https:\/\/www.albadelakhar.ly\/#website\",\"url\":\"https:\/\/www.albadelakhar.ly\/\",\"name\":\"Atlas Copco\",\"description\":\"Albadel Akhar Co.\",\"potentialAction\":[{\"@type\":\"SearchAction\",\"target\":{\"@type\":\"EntryPoint\",\"urlTemplate\":\"https:\/\/www.albadelakhar.ly\/?s={search_term_string}\"},\"query-input\":\"required name=search_term_string\"}],\"inLanguage\":\"fr-FR\"}]}<\/script>\n<!-- \/ Yoast SEO plugin. -->","yoast_head_json":{"title":"Qui sommes-nous | Atlas Copco","description":"La soci\u00e9t\u00e9 Albadel Akhar Co., pionni\u00e8re dans le domaine des \u00e9quipements industriels et des syst\u00e8mes d'air comprim\u00e9, se situe actuellement au sommet des","robots":{"index":"index","follow":"follow","max-snippet":"max-snippet:-1","max-image-preview":"max-image-preview:large","max-video-preview":"max-video-preview:-1"},"canonical":"https:\/\/www.albadelakhar.ly\/fr\/qui-sommes-nous\/","og_locale":"fr_FR","og_type":"article","og_title":"Qui sommes-nous | Atlas Copco","og_description":"La soci\u00e9t\u00e9 Albadel Akhar Co., pionni\u00e8re dans le domaine des \u00e9quipements industriels et des syst\u00e8mes d'air comprim\u00e9, se situe actuellement au sommet des","og_url":"https:\/\/www.albadelakhar.ly\/fr\/qui-sommes-nous\/","og_site_name":"Atlas Copco","article_modified_time":"2024-02-12T08:02:03+00:00","twitter_card":"summary_large_image","twitter_misc":{"Dur\u00e9e de lecture estim\u00e9e":"6 minutes"},"schema":{"@context":"https:\/\/schema.org","@graph":[{"@type":"WebPage","@id":"https:\/\/www.albadelakhar.ly\/fr\/qui-sommes-nous\/","url":"https:\/\/www.albadelakhar.ly\/fr\/qui-sommes-nous\/","name":"Qui sommes-nous | Atlas Copco","isPartOf":{"@id":"https:\/\/www.albadelakhar.ly\/#website"},"datePublished":"2023-12-18T11:35:02+00:00","dateModified":"2024-02-12T08:02:03+00:00","description":"La soci\u00e9t\u00e9 Albadel Akhar Co., pionni\u00e8re dans le domaine des \u00e9quipements industriels et des syst\u00e8mes d'air comprim\u00e9, se situe actuellement au sommet des","breadcrumb":{"@id":"https:\/\/www.albadelakhar.ly\/fr\/qui-sommes-nous\/#breadcrumb"},"inLanguage":"fr-FR","potentialAction":[{"@type":"ReadAction","target":["https:\/\/www.albadelakhar.ly\/fr\/qui-sommes-nous\/"]}]},{"@type":"BreadcrumbList","@id":"https:\/\/www.albadelakhar.ly\/fr\/qui-sommes-nous\/#breadcrumb","itemListElement":[{"@type":"ListItem","position":1,"name":"Accueil","item":"https:\/\/www.albadelakhar.ly\/fr\/"},{"@type":"ListItem","position":2,"name":"Qui sommes-nous"}]},{"@type":"WebSite","@id":"https:\/\/www.albadelakhar.ly\/#website","url":"https:\/\/www.albadelakhar.ly\/","name":"Atlas Copco","description":"Albadel Akhar Co.","potentialAction":[{"@type":"SearchAction","target":{"@type":"EntryPoint","urlTemplate":"https:\/\/www.albadelakhar.ly\/?s={search_term_string}"},"query-input":"required name=search_term_string"}],"inLanguage":"fr-FR"}]}},"_links":{"self":[{"href":"https:\/\/www.albadelakhar.ly\/fr\/wp-json\/wp\/v2\/pages\/9028","targetHints":{"allow":["GET"]}}],"collection":[{"href":"https:\/\/www.albadelakhar.ly\/fr\/wp-json\/wp\/v2\/pages"}],"about":[{"href":"https:\/\/www.albadelakhar.ly\/fr\/wp-json\/wp\/v2\/types\/page"}],"author":[{"embeddable":true,"href":"https:\/\/www.albadelakhar.ly\/fr\/wp-json\/wp\/v2\/users\/2"}],"replies":[{"embeddable":true,"href":"https:\/\/www.albadelakhar.ly\/fr\/wp-json\/wp\/v2\/comments?post=9028"}],"version-history":[{"count":11,"href":"https:\/\/www.albadelakhar.ly\/fr\/wp-json\/wp\/v2\/pages\/9028\/revisions"}],"predecessor-version":[{"id":9579,"href":"https:\/\/www.albadelakhar.ly\/fr\/wp-json\/wp\/v2\/pages\/9028\/revisions\/9579"}],"wp:attachment":[{"href":"https:\/\/www.albadelakhar.ly\/fr\/wp-json\/wp\/v2\/media?parent=9028"}],"curies":[{"name":"wp","href":"https:\/\/api.w.org\/{rel}","templated":true}]}}