{"id":9056,"date":"2023-12-18T11:45:31","date_gmt":"2023-12-18T11:45:31","guid":{"rendered":"https:\/\/www.albadelakhar.ly\/?page_id=9056"},"modified":"2023-12-18T11:47:33","modified_gmt":"2023-12-18T11:47:33","slug":"machines-daspiration-dair","status":"publish","type":"page","link":"https:\/\/www.albadelakhar.ly\/fr\/nos-produits\/machines-daspiration-dair\/","title":{"rendered":"Machines d&#8217;aspiration d&#8217;air"},"content":{"rendered":"<section class=\"wpb-content-wrapper\"><p>[vc_row full_width=&#8221;stretch_row&#8221; video_bg=&#8221;yes&#8221; video_bg_url=&#8221;&#8221; kd_image_overlay_color=&#8221;rgba(11,35,65,0.68)&#8221; kd_image_overlay=&#8221;true&#8221; css=&#8221;.vc_custom_1702637325958{padding-top: 140px !important;padding-bottom: 140px !important;background-image: url(https:\/\/www.albadelakhar.ly\/wp-content\/uploads\/2023\/12\/hero-vacuum-pumps-min-min.jpg?id=8784) !important;}&#8221;][vc_column css=&#8221;.vc_custom_1513003956648{padding-top: 0px !important;}&#8221;][vc_row_inner][vc_column_inner width=&#8221;1\/6&#8243; css=&#8221;.vc_custom_1513004658055{padding-top: 50px !important;padding-left: 0px !important;}&#8221;][\/vc_column_inner][vc_column_inner width=&#8221;2\/3&#8243; css=&#8221;.vc_custom_1513008591637{padding-right: 0px !important;padding-left: 0px !important;}&#8221;]<div class=\"kd-text-rotator kd-rotatorid-69f473023d2e7 text-center  \"><div class=\"kd-text-rotator-container\"><h2 class=\"rotator-single kd-rotator-item-1 last\" style=\"transition: all 0.5s 0.5s; color: #ffffff; font-size: 60px;\">Machines d'aspiration d'air<\/h2><\/div><\/div>[\/vc_column_inner][vc_column_inner width=&#8221;1\/6&#8243;][\/vc_column_inner][\/vc_row_inner][\/vc_column][\/vc_row][vc_row full_width=&#8221;stretch_row_content&#8221; css=&#8221;.vc_custom_1702572214377{background-color: #f5f5f5 !important;}&#8221;][vc_column width=&#8221;1\/6&#8243;][\/vc_column][vc_column width=&#8221;2\/3&#8243;][vc_empty_space][vc_custom_heading text=&#8221;Machines sous vide d&#8217;Atlas Copco&#8221; font_container=&#8221;tag:h2|text_align:left|color:%2300adf1&#8243; use_theme_fonts=&#8221;yes&#8221;][vc_column_text]Nous croyons en la maximisation de la valeur pour nos clients en fournissant des solutions de vide pour les processus industriels. D\u00e9couvrez comment y parvenir gr\u00e2ce aux produits d&#8217;aspiration d&#8217;air d&#8217;Atlas Copco et obtenez les derni\u00e8res mises \u00e0 jour sur nos produits et activit\u00e9s de la soci\u00e9t\u00e9 Albadel Akhar Co.. Nous vous aiderons \u00e0 trouver les meilleures solutions pour la technologie du vide, les produits sous vide et d&#8217;autres produits li\u00e9s \u00e0 l&#8217;air. Nos produits couvrent les besoins de tous les secteurs industriels, y compris les industries chimiques : emballage alimentaire, impression papier et plastique, fabrication de briques et d&#8217;argile, etc.<\/p>\n<p><strong>Plage d&#8217;aspiration d&#8217;air\u00a0:<\/strong> 0,75 \u00e0 5\u00a0400 m\u00e8tres cubes par heure<br \/>\n<strong>Gamme de moteurs :<\/strong> 0,9 \u2013 132 kW[\/vc_column_text][vc_empty_space][\/vc_column][vc_column width=&#8221;1\/6&#8243;][\/vc_column][\/vc_row][vc_row full_width=&#8221;stretch_row_content&#8221; css=&#8221;.vc_custom_1702572379275{background-color: #f5f5f5 !important;}&#8221;][vc_column][vc_empty_space height=&#8221;42px&#8221;]<div class=\"woocommerce columns-4 \"><ul class=\"products columns-4\">\n\n<li class=\"woo-detailed-style product type-product post-9108 status-publish first instock has-post-thumbnail shipping-taxable product-type-simple\">\n\t<div class=\"woo-entry-image\"><\/div><div class=\"woo-entry-wrapper\"><\/div><\/li>\n\n<li class=\"woo-detailed-style product type-product post-9427 status-publish instock product_cat-pompes-daspiration-dair has-post-thumbnail shipping-taxable product-type-simple\">\n\t<div class=\"woo-entry-image\"><\/div><div class=\"woo-entry-wrapper\"><\/div><\/li>\n\n<li class=\"woo-detailed-style product type-product post-9096 status-publish instock has-post-thumbnail shipping-taxable product-type-simple\">\n\t<div class=\"woo-entry-image\"><\/div><div class=\"woo-entry-wrapper\"><\/div><\/li>\n\n<li class=\"woo-detailed-style product type-product post-9102 status-publish last instock product_cat-pompes-daspiration-dair product_cat-uncategorized-fr has-post-thumbnail shipping-taxable product-type-simple\">\n\t<div class=\"woo-entry-image\"><\/div><div class=\"woo-entry-wrapper\"><\/div><\/li>\n<\/ul>\n<\/div>[\/vc_column][\/vc_row][vc_row full_width=&#8221;stretch_row_content&#8221; css=&#8221;.vc_custom_1702572214377{background-color: #f5f5f5 !important;}&#8221;][vc_column width=&#8221;1\/6&#8243;][\/vc_column][vc_column width=&#8221;2\/3&#8243;][vc_empty_space][vc_custom_heading text=&#8221;Pourquoi choisir les pompes \u00e0 vide Atlas Copco plut\u00f4t que d&#8217;autres alternatives ?&#8221; font_container=&#8221;tag:h2|text_align:left|color:%2300adf1&#8243; use_theme_fonts=&#8221;yes&#8221;][vc_column_text]<\/p>\n<ul>\n<li style=\"text-align: left;\"><strong>Co\u00fbt global inf\u00e9rieur<\/strong><br \/>\n\u00c9tant donn\u00e9 que vous conserverez probablement vos nouvelles pompes \u00e0 vide pendant au moins 7 \u00e0 10 ans, un pourcentage \u00e9lev\u00e9 du co\u00fbt total au cours de cette p\u00e9riode sera consacr\u00e9 aux co\u00fbts d&#8217;\u00e9nergie et de maintenance. Les pompes \u00e0 vide Atlas Copco sont efficaces, de haute qualit\u00e9 et ont g\u00e9n\u00e9ralement les prix les plus bas. co\u00fbt total \u00e0 Calculez le prix d&#8217;achat initial, les co\u00fbts d&#8217;exploitation et les co\u00fbts de maintenance.<\/li>\n<li style=\"text-align: left;\"><strong>Haute efficacit\u00e9<\/strong><br \/>\nLa vitesse variable et le contr\u00f4le du niveau de vide de nos produits offrent le cadre id\u00e9al pour g\u00e9rer votre entreprise avec des performances maximales et une consommation d&#8217;\u00e9nergie minimale.<\/li>\n<li style=\"text-align: left;\"><strong>Un ami de l&#8217;environnement<\/strong><br \/>\nNos produits brevet\u00e9s vous offrent des performances de qualit\u00e9 et une efficacit\u00e9 d&#8217;utilisation \u00e9lev\u00e9e, con\u00e7ues pour r\u00e9duire les niveaux de bruit et la pollution de l&#8217;environnement dans votre environnement de travail.<\/li>\n<\/ul>\n<p>[\/vc_column_text][vc_empty_space][\/vc_column][vc_column width=&#8221;1\/6&#8243;][\/vc_column][\/vc_row][vc_row][vc_column][vc_column_text]<\/p>\n<p>[\/vc_column_text][\/vc_column][\/vc_row]<\/p>\n<\/section>","protected":false},"excerpt":{"rendered":"<p>[vc_row full_width=&#8221;stretch_row&#8221; video_bg=&#8221;yes&#8221; video_bg_url=&#8221;&#8221; kd_image_overlay_color=&#8221;rgba(11,35,65,0.68)&#8221; kd_image_overlay=&#8221;true&#8221; css=&#8221;.vc_custom_1702637325958{padding-top: 140px !important;padding-bottom: 140px !important;background-image: url(https:\/\/www.albadelakhar.ly\/wp-content\/uploads\/2023\/12\/hero-vacuum-pumps-min-min.jpg?id=8784) !important;}&#8221;][vc_column css=&#8221;.vc_custom_1513003956648{padding-top: 0px !important;}&#8221;][vc_row_inner][vc_column_inner width=&#8221;1\/6&#8243; css=&#8221;.vc_custom_1513004658055{padding-top: 50px !important;padding-left: [&hellip;]<\/p>\n","protected":false},"author":2,"featured_media":0,"parent":9053,"menu_order":0,"comment_status":"closed","ping_status":"closed","template":"","meta":{"footnotes":""},"class_list":["post-9056","page","type-page","status-publish","hentry"],"yoast_head":"<!-- This site is optimized with the Yoast SEO plugin v22.0 - https:\/\/yoast.com\/wordpress\/plugins\/seo\/ -->\n<title>Machines d&#039;aspiration d&#039;air | Atlas Copco<\/title>\n<meta name=\"description\" content=\"Nous croyons en la maximisation de la valeur pour nos clients en fournissant des solutions de vide pour les processus industriels. D\u00e9couvrez comment y\" \/>\n<meta name=\"robots\" content=\"index, follow, max-snippet:-1, max-image-preview:large, max-video-preview:-1\" \/>\n<link rel=\"canonical\" href=\"https:\/\/www.albadelakhar.ly\/fr\/nos-produits\/machines-daspiration-dair\/\" \/>\n<meta property=\"og:locale\" content=\"fr_FR\" \/>\n<meta property=\"og:type\" content=\"article\" \/>\n<meta property=\"og:title\" content=\"Machines d&#039;aspiration d&#039;air | Atlas Copco\" \/>\n<meta property=\"og:description\" content=\"Nous croyons en la maximisation de la valeur pour nos clients en fournissant des solutions de vide pour les processus industriels. D\u00e9couvrez comment y\" \/>\n<meta property=\"og:url\" content=\"https:\/\/www.albadelakhar.ly\/fr\/nos-produits\/machines-daspiration-dair\/\" \/>\n<meta property=\"og:site_name\" content=\"Atlas Copco\" \/>\n<meta property=\"article:modified_time\" content=\"2023-12-18T11:47:33+00:00\" \/>\n<meta name=\"twitter:card\" content=\"summary_large_image\" \/>\n<meta name=\"twitter:label1\" content=\"Dur\u00e9e de lecture estim\u00e9e\" \/>\n\t<meta name=\"twitter:data1\" content=\"3 minutes\" \/>\n<script type=\"application\/ld+json\" class=\"yoast-schema-graph\">{\"@context\":\"https:\/\/schema.org\",\"@graph\":[{\"@type\":\"WebPage\",\"@id\":\"https:\/\/www.albadelakhar.ly\/fr\/nos-produits\/machines-daspiration-dair\/\",\"url\":\"https:\/\/www.albadelakhar.ly\/fr\/nos-produits\/machines-daspiration-dair\/\",\"name\":\"Machines d'aspiration d'air | Atlas Copco\",\"isPartOf\":{\"@id\":\"https:\/\/www.albadelakhar.ly\/#website\"},\"datePublished\":\"2023-12-18T11:45:31+00:00\",\"dateModified\":\"2023-12-18T11:47:33+00:00\",\"description\":\"Nous croyons en la maximisation de la valeur pour nos clients en fournissant des solutions de vide pour les processus industriels. D\u00e9couvrez comment y\",\"breadcrumb\":{\"@id\":\"https:\/\/www.albadelakhar.ly\/fr\/nos-produits\/machines-daspiration-dair\/#breadcrumb\"},\"inLanguage\":\"fr-FR\",\"potentialAction\":[{\"@type\":\"ReadAction\",\"target\":[\"https:\/\/www.albadelakhar.ly\/fr\/nos-produits\/machines-daspiration-dair\/\"]}]},{\"@type\":\"BreadcrumbList\",\"@id\":\"https:\/\/www.albadelakhar.ly\/fr\/nos-produits\/machines-daspiration-dair\/#breadcrumb\",\"itemListElement\":[{\"@type\":\"ListItem\",\"position\":1,\"name\":\"Accueil\",\"item\":\"https:\/\/www.albadelakhar.ly\/fr\/\"},{\"@type\":\"ListItem\",\"position\":2,\"name\":\"Nos produits\",\"item\":\"https:\/\/www.albadelakhar.ly\/fr\/nos-produits\/\"},{\"@type\":\"ListItem\",\"position\":3,\"name\":\"Machines d&#8217;aspiration d&#8217;air\"}]},{\"@type\":\"WebSite\",\"@id\":\"https:\/\/www.albadelakhar.ly\/#website\",\"url\":\"https:\/\/www.albadelakhar.ly\/\",\"name\":\"Atlas Copco\",\"description\":\"Albadel Akhar Co.\",\"potentialAction\":[{\"@type\":\"SearchAction\",\"target\":{\"@type\":\"EntryPoint\",\"urlTemplate\":\"https:\/\/www.albadelakhar.ly\/?s={search_term_string}\"},\"query-input\":\"required name=search_term_string\"}],\"inLanguage\":\"fr-FR\"}]}<\/script>\n<!-- \/ Yoast SEO plugin. -->","yoast_head_json":{"title":"Machines d'aspiration d'air | Atlas Copco","description":"Nous croyons en la maximisation de la valeur pour nos clients en fournissant des solutions de vide pour les processus industriels. D\u00e9couvrez comment y","robots":{"index":"index","follow":"follow","max-snippet":"max-snippet:-1","max-image-preview":"max-image-preview:large","max-video-preview":"max-video-preview:-1"},"canonical":"https:\/\/www.albadelakhar.ly\/fr\/nos-produits\/machines-daspiration-dair\/","og_locale":"fr_FR","og_type":"article","og_title":"Machines d'aspiration d'air | Atlas Copco","og_description":"Nous croyons en la maximisation de la valeur pour nos clients en fournissant des solutions de vide pour les processus industriels. D\u00e9couvrez comment y","og_url":"https:\/\/www.albadelakhar.ly\/fr\/nos-produits\/machines-daspiration-dair\/","og_site_name":"Atlas Copco","article_modified_time":"2023-12-18T11:47:33+00:00","twitter_card":"summary_large_image","twitter_misc":{"Dur\u00e9e de lecture estim\u00e9e":"3 minutes"},"schema":{"@context":"https:\/\/schema.org","@graph":[{"@type":"WebPage","@id":"https:\/\/www.albadelakhar.ly\/fr\/nos-produits\/machines-daspiration-dair\/","url":"https:\/\/www.albadelakhar.ly\/fr\/nos-produits\/machines-daspiration-dair\/","name":"Machines d'aspiration d'air | Atlas Copco","isPartOf":{"@id":"https:\/\/www.albadelakhar.ly\/#website"},"datePublished":"2023-12-18T11:45:31+00:00","dateModified":"2023-12-18T11:47:33+00:00","description":"Nous croyons en la maximisation de la valeur pour nos clients en fournissant des solutions de vide pour les processus industriels. D\u00e9couvrez comment y","breadcrumb":{"@id":"https:\/\/www.albadelakhar.ly\/fr\/nos-produits\/machines-daspiration-dair\/#breadcrumb"},"inLanguage":"fr-FR","potentialAction":[{"@type":"ReadAction","target":["https:\/\/www.albadelakhar.ly\/fr\/nos-produits\/machines-daspiration-dair\/"]}]},{"@type":"BreadcrumbList","@id":"https:\/\/www.albadelakhar.ly\/fr\/nos-produits\/machines-daspiration-dair\/#breadcrumb","itemListElement":[{"@type":"ListItem","position":1,"name":"Accueil","item":"https:\/\/www.albadelakhar.ly\/fr\/"},{"@type":"ListItem","position":2,"name":"Nos produits","item":"https:\/\/www.albadelakhar.ly\/fr\/nos-produits\/"},{"@type":"ListItem","position":3,"name":"Machines d&#8217;aspiration d&#8217;air"}]},{"@type":"WebSite","@id":"https:\/\/www.albadelakhar.ly\/#website","url":"https:\/\/www.albadelakhar.ly\/","name":"Atlas Copco","description":"Albadel Akhar Co.","potentialAction":[{"@type":"SearchAction","target":{"@type":"EntryPoint","urlTemplate":"https:\/\/www.albadelakhar.ly\/?s={search_term_string}"},"query-input":"required name=search_term_string"}],"inLanguage":"fr-FR"}]}},"_links":{"self":[{"href":"https:\/\/www.albadelakhar.ly\/fr\/wp-json\/wp\/v2\/pages\/9056","targetHints":{"allow":["GET"]}}],"collection":[{"href":"https:\/\/www.albadelakhar.ly\/fr\/wp-json\/wp\/v2\/pages"}],"about":[{"href":"https:\/\/www.albadelakhar.ly\/fr\/wp-json\/wp\/v2\/types\/page"}],"author":[{"embeddable":true,"href":"https:\/\/www.albadelakhar.ly\/fr\/wp-json\/wp\/v2\/users\/2"}],"replies":[{"embeddable":true,"href":"https:\/\/www.albadelakhar.ly\/fr\/wp-json\/wp\/v2\/comments?post=9056"}],"version-history":[{"count":1,"href":"https:\/\/www.albadelakhar.ly\/fr\/wp-json\/wp\/v2\/pages\/9056\/revisions"}],"predecessor-version":[{"id":9059,"href":"https:\/\/www.albadelakhar.ly\/fr\/wp-json\/wp\/v2\/pages\/9056\/revisions\/9059"}],"up":[{"embeddable":true,"href":"https:\/\/www.albadelakhar.ly\/fr\/wp-json\/wp\/v2\/pages\/9053"}],"wp:attachment":[{"href":"https:\/\/www.albadelakhar.ly\/fr\/wp-json\/wp\/v2\/media?parent=9056"}],"curies":[{"name":"wp","href":"https:\/\/api.w.org\/{rel}","templated":true}]}}