{"id":9063,"date":"2023-12-18T11:49:57","date_gmt":"2023-12-18T11:49:57","guid":{"rendered":"https:\/\/www.albadelakhar.ly\/?page_id=9063"},"modified":"2023-12-18T11:50:41","modified_gmt":"2023-12-18T11:50:41","slug":"compresseurs-doccasion","status":"publish","type":"page","link":"https:\/\/www.albadelakhar.ly\/fr\/nos-produits\/compresseurs-doccasion\/","title":{"rendered":"Compresseurs d&#8217;occasion"},"content":{"rendered":"<section class=\"wpb-content-wrapper\"><p>[vc_row full_width=&#8221;stretch_row&#8221; video_bg=&#8221;yes&#8221; video_bg_url=&#8221;&#8221; kd_image_overlay_color=&#8221;rgba(11,35,65,0.63)&#8221; kd_image_overlay=&#8221;true&#8221; css=&#8221;.vc_custom_1702647118385{padding-top: 160px !important;padding-bottom: 120px !important;background-image: url(https:\/\/www.albadelakhar.ly\/wp-content\/uploads\/2023\/12\/cam0007_1-min.jpg?id=8805) !important;}&#8221;][vc_column css=&#8221;.vc_custom_1513003956648{padding-top: 0px !important;}&#8221;][vc_row_inner][vc_column_inner width=&#8221;1\/6&#8243; css=&#8221;.vc_custom_1513004658055{padding-top: 50px !important;padding-left: 0px !important;}&#8221;][\/vc_column_inner][vc_column_inner width=&#8221;2\/3&#8243; css=&#8221;.vc_custom_1513008591637{padding-right: 0px !important;padding-left: 0px !important;}&#8221;]<div class=\"kd-text-rotator kd-rotatorid-69f40c40e9b55 text-center  \"><div class=\"kd-text-rotator-container\"><h2 class=\"rotator-single kd-rotator-item-1 last\" style=\"transition: all 0.5s 0.5s; color: #ffffff; font-size: 60px;\">Compresseurs d'occasion<\/h2><\/div><\/div>[\/vc_column_inner][vc_column_inner width=&#8221;1\/6&#8243;][\/vc_column_inner][\/vc_row_inner][\/vc_column][\/vc_row][vc_row full_width=&#8221;stretch_row_content&#8221; css=&#8221;.vc_custom_1702572214377{background-color: #f5f5f5 !important;}&#8221;][vc_column width=&#8221;1\/6&#8243;][\/vc_column][vc_column width=&#8221;2\/3&#8243;][vc_empty_space][vc_custom_heading text=&#8221;Compresseurs d&#8217;occasion d&#8217;Atlas Copco&#8221; font_container=&#8221;tag:h2|text_align:left|color:%2300adf1&#8243; use_theme_fonts=&#8221;yes&#8221;][vc_column_text]<\/p>\n<p style=\"text-align: left;\">Nous comprenons qu\u2019un nouveau compresseur ne soit pas toujours la meilleure solution pour vous en raison de votre budget limit\u00e9. En cons\u00e9quence, nous vous proposons des compresseurs Atlas Copco d&#8217;occasion qui ont \u00e9t\u00e9 remis \u00e0 neuf et am\u00e9lior\u00e9s par des ing\u00e9nieurs de maintenance pour vous parvenir en bon \u00e9tat. Cela vous fournira de l\u2019air comprim\u00e9, pour une fraction du co\u00fbt.<\/p>\n<p>[\/vc_column_text][vc_empty_space][\/vc_column][vc_column width=&#8221;1\/6&#8243;][\/vc_column][\/vc_row][vc_row full_width=&#8221;stretch_row&#8221; css=&#8221;.vc_custom_1702626639700{background-color: #f5f5f5 !important;}&#8221;][vc_column width=&#8221;1\/3&#8243;][vc_empty_space height=&#8221;42px&#8221;][vc_single_image image=&#8221;8644&#8243; img_size=&#8221;full&#8221;][\/vc_column][vc_column width=&#8221;1\/3&#8243;][vc_empty_space height=&#8221;42px&#8221;][vc_single_image image=&#8221;8641&#8243; img_size=&#8221;full&#8221;][\/vc_column][vc_column width=&#8221;1\/3&#8243;][vc_empty_space height=&#8221;42px&#8221;][vc_single_image image=&#8221;8638&#8243; img_size=&#8221;full&#8221;][\/vc_column][\/vc_row][vc_row full_width=&#8221;stretch_row_content&#8221; css=&#8221;.vc_custom_1702572214377{background-color: #f5f5f5 !important;}&#8221;][vc_column width=&#8221;1\/6&#8243;][\/vc_column][vc_column width=&#8221;2\/3&#8243;][vc_empty_space][vc_custom_heading text=&#8221;Pourquoi choisir un compresseur d\u2019occasion plut\u00f4t qu\u2019une autre alternative ?&#8221; font_container=&#8221;tag:h2|text_align:left|color:%2300adf1&#8243; use_theme_fonts=&#8221;yes&#8221;][vc_column_text]<\/p>\n<ul>\n<li style=\"text-align: left;\"><strong>Une garantie de performance<\/strong><br \/>\nQuel que soit l&#8217;\u00e9tat dans lequel nous recevons un compresseur d&#8217;occasion, nous garantissons au moins 2 000 heures de fonctionnement sans panne.<\/li>\n<li style=\"text-align: left;\"><strong>Enti\u00e8rement test\u00e9<\/strong><br \/>\nNous testons tous nos compresseurs usag\u00e9s pour nous assurer qu&#8217;ils fonctionnent correctement et peuvent atteindre la pression de service maximale requise et pour garantir que l&#8217;unit\u00e9 est pleinement op\u00e9rationnelle. Au lieu de prendre le risque d\u2019acheter un compresseur d\u2019occasion \u00e0 quelqu\u2019un d\u2019autre qui n\u2019est pas garanti.<\/li>\n<\/ul>\n<p>[\/vc_column_text][vc_empty_space][\/vc_column][vc_column width=&#8221;1\/6&#8243;][\/vc_column][\/vc_row]<\/p>\n<\/section>","protected":false},"excerpt":{"rendered":"<p>[vc_row full_width=&#8221;stretch_row&#8221; video_bg=&#8221;yes&#8221; video_bg_url=&#8221;&#8221; kd_image_overlay_color=&#8221;rgba(11,35,65,0.63)&#8221; kd_image_overlay=&#8221;true&#8221; css=&#8221;.vc_custom_1702647118385{padding-top: 160px !important;padding-bottom: 120px !important;background-image: url(https:\/\/www.albadelakhar.ly\/wp-content\/uploads\/2023\/12\/cam0007_1-min.jpg?id=8805) !important;}&#8221;][vc_column css=&#8221;.vc_custom_1513003956648{padding-top: 0px !important;}&#8221;][vc_row_inner][vc_column_inner width=&#8221;1\/6&#8243; css=&#8221;.vc_custom_1513004658055{padding-top: 50px !important;padding-left: [&hellip;]<\/p>\n","protected":false},"author":2,"featured_media":0,"parent":9053,"menu_order":0,"comment_status":"closed","ping_status":"closed","template":"","meta":{"footnotes":""},"class_list":["post-9063","page","type-page","status-publish","hentry"],"yoast_head":"<!-- This site is optimized with the Yoast SEO plugin v22.0 - https:\/\/yoast.com\/wordpress\/plugins\/seo\/ -->\n<title>Compresseurs d&#039;occasion | Atlas Copco<\/title>\n<meta name=\"description\" content=\"Nous comprenons qu\u2019un nouveau compresseur ne soit pas toujours la meilleure solution pour vous en raison de votre budget limit\u00e9. En cons\u00e9quence, nous vous\" \/>\n<meta name=\"robots\" content=\"index, follow, max-snippet:-1, max-image-preview:large, max-video-preview:-1\" \/>\n<link rel=\"canonical\" href=\"https:\/\/www.albadelakhar.ly\/fr\/nos-produits\/compresseurs-doccasion\/\" \/>\n<meta property=\"og:locale\" content=\"fr_FR\" \/>\n<meta property=\"og:type\" content=\"article\" \/>\n<meta property=\"og:title\" content=\"Compresseurs d&#039;occasion | Atlas Copco\" \/>\n<meta property=\"og:description\" content=\"Nous comprenons qu\u2019un nouveau compresseur ne soit pas toujours la meilleure solution pour vous en raison de votre budget limit\u00e9. En cons\u00e9quence, nous vous\" \/>\n<meta property=\"og:url\" content=\"https:\/\/www.albadelakhar.ly\/fr\/nos-produits\/compresseurs-doccasion\/\" \/>\n<meta property=\"og:site_name\" content=\"Atlas Copco\" \/>\n<meta property=\"article:modified_time\" content=\"2023-12-18T11:50:41+00:00\" \/>\n<meta name=\"twitter:card\" content=\"summary_large_image\" \/>\n<meta name=\"twitter:label1\" content=\"Dur\u00e9e de lecture estim\u00e9e\" \/>\n\t<meta name=\"twitter:data1\" content=\"2 minutes\" \/>\n<script type=\"application\/ld+json\" class=\"yoast-schema-graph\">{\"@context\":\"https:\/\/schema.org\",\"@graph\":[{\"@type\":\"WebPage\",\"@id\":\"https:\/\/www.albadelakhar.ly\/fr\/nos-produits\/compresseurs-doccasion\/\",\"url\":\"https:\/\/www.albadelakhar.ly\/fr\/nos-produits\/compresseurs-doccasion\/\",\"name\":\"Compresseurs d'occasion | Atlas Copco\",\"isPartOf\":{\"@id\":\"https:\/\/www.albadelakhar.ly\/#website\"},\"datePublished\":\"2023-12-18T11:49:57+00:00\",\"dateModified\":\"2023-12-18T11:50:41+00:00\",\"description\":\"Nous comprenons qu\u2019un nouveau compresseur ne soit pas toujours la meilleure solution pour vous en raison de votre budget limit\u00e9. En cons\u00e9quence, nous vous\",\"breadcrumb\":{\"@id\":\"https:\/\/www.albadelakhar.ly\/fr\/nos-produits\/compresseurs-doccasion\/#breadcrumb\"},\"inLanguage\":\"fr-FR\",\"potentialAction\":[{\"@type\":\"ReadAction\",\"target\":[\"https:\/\/www.albadelakhar.ly\/fr\/nos-produits\/compresseurs-doccasion\/\"]}]},{\"@type\":\"BreadcrumbList\",\"@id\":\"https:\/\/www.albadelakhar.ly\/fr\/nos-produits\/compresseurs-doccasion\/#breadcrumb\",\"itemListElement\":[{\"@type\":\"ListItem\",\"position\":1,\"name\":\"Accueil\",\"item\":\"https:\/\/www.albadelakhar.ly\/fr\/\"},{\"@type\":\"ListItem\",\"position\":2,\"name\":\"Nos produits\",\"item\":\"https:\/\/www.albadelakhar.ly\/fr\/nos-produits\/\"},{\"@type\":\"ListItem\",\"position\":3,\"name\":\"Compresseurs d&#8217;occasion\"}]},{\"@type\":\"WebSite\",\"@id\":\"https:\/\/www.albadelakhar.ly\/#website\",\"url\":\"https:\/\/www.albadelakhar.ly\/\",\"name\":\"Atlas Copco\",\"description\":\"Albadel Akhar Co.\",\"potentialAction\":[{\"@type\":\"SearchAction\",\"target\":{\"@type\":\"EntryPoint\",\"urlTemplate\":\"https:\/\/www.albadelakhar.ly\/?s={search_term_string}\"},\"query-input\":\"required name=search_term_string\"}],\"inLanguage\":\"fr-FR\"}]}<\/script>\n<!-- \/ Yoast SEO plugin. -->","yoast_head_json":{"title":"Compresseurs d'occasion | Atlas Copco","description":"Nous comprenons qu\u2019un nouveau compresseur ne soit pas toujours la meilleure solution pour vous en raison de votre budget limit\u00e9. En cons\u00e9quence, nous vous","robots":{"index":"index","follow":"follow","max-snippet":"max-snippet:-1","max-image-preview":"max-image-preview:large","max-video-preview":"max-video-preview:-1"},"canonical":"https:\/\/www.albadelakhar.ly\/fr\/nos-produits\/compresseurs-doccasion\/","og_locale":"fr_FR","og_type":"article","og_title":"Compresseurs d'occasion | Atlas Copco","og_description":"Nous comprenons qu\u2019un nouveau compresseur ne soit pas toujours la meilleure solution pour vous en raison de votre budget limit\u00e9. En cons\u00e9quence, nous vous","og_url":"https:\/\/www.albadelakhar.ly\/fr\/nos-produits\/compresseurs-doccasion\/","og_site_name":"Atlas Copco","article_modified_time":"2023-12-18T11:50:41+00:00","twitter_card":"summary_large_image","twitter_misc":{"Dur\u00e9e de lecture estim\u00e9e":"2 minutes"},"schema":{"@context":"https:\/\/schema.org","@graph":[{"@type":"WebPage","@id":"https:\/\/www.albadelakhar.ly\/fr\/nos-produits\/compresseurs-doccasion\/","url":"https:\/\/www.albadelakhar.ly\/fr\/nos-produits\/compresseurs-doccasion\/","name":"Compresseurs d'occasion | Atlas Copco","isPartOf":{"@id":"https:\/\/www.albadelakhar.ly\/#website"},"datePublished":"2023-12-18T11:49:57+00:00","dateModified":"2023-12-18T11:50:41+00:00","description":"Nous comprenons qu\u2019un nouveau compresseur ne soit pas toujours la meilleure solution pour vous en raison de votre budget limit\u00e9. En cons\u00e9quence, nous vous","breadcrumb":{"@id":"https:\/\/www.albadelakhar.ly\/fr\/nos-produits\/compresseurs-doccasion\/#breadcrumb"},"inLanguage":"fr-FR","potentialAction":[{"@type":"ReadAction","target":["https:\/\/www.albadelakhar.ly\/fr\/nos-produits\/compresseurs-doccasion\/"]}]},{"@type":"BreadcrumbList","@id":"https:\/\/www.albadelakhar.ly\/fr\/nos-produits\/compresseurs-doccasion\/#breadcrumb","itemListElement":[{"@type":"ListItem","position":1,"name":"Accueil","item":"https:\/\/www.albadelakhar.ly\/fr\/"},{"@type":"ListItem","position":2,"name":"Nos produits","item":"https:\/\/www.albadelakhar.ly\/fr\/nos-produits\/"},{"@type":"ListItem","position":3,"name":"Compresseurs d&#8217;occasion"}]},{"@type":"WebSite","@id":"https:\/\/www.albadelakhar.ly\/#website","url":"https:\/\/www.albadelakhar.ly\/","name":"Atlas Copco","description":"Albadel Akhar Co.","potentialAction":[{"@type":"SearchAction","target":{"@type":"EntryPoint","urlTemplate":"https:\/\/www.albadelakhar.ly\/?s={search_term_string}"},"query-input":"required name=search_term_string"}],"inLanguage":"fr-FR"}]}},"_links":{"self":[{"href":"https:\/\/www.albadelakhar.ly\/fr\/wp-json\/wp\/v2\/pages\/9063","targetHints":{"allow":["GET"]}}],"collection":[{"href":"https:\/\/www.albadelakhar.ly\/fr\/wp-json\/wp\/v2\/pages"}],"about":[{"href":"https:\/\/www.albadelakhar.ly\/fr\/wp-json\/wp\/v2\/types\/page"}],"author":[{"embeddable":true,"href":"https:\/\/www.albadelakhar.ly\/fr\/wp-json\/wp\/v2\/users\/2"}],"replies":[{"embeddable":true,"href":"https:\/\/www.albadelakhar.ly\/fr\/wp-json\/wp\/v2\/comments?post=9063"}],"version-history":[{"count":3,"href":"https:\/\/www.albadelakhar.ly\/fr\/wp-json\/wp\/v2\/pages\/9063\/revisions"}],"predecessor-version":[{"id":9069,"href":"https:\/\/www.albadelakhar.ly\/fr\/wp-json\/wp\/v2\/pages\/9063\/revisions\/9069"}],"up":[{"embeddable":true,"href":"https:\/\/www.albadelakhar.ly\/fr\/wp-json\/wp\/v2\/pages\/9053"}],"wp:attachment":[{"href":"https:\/\/www.albadelakhar.ly\/fr\/wp-json\/wp\/v2\/media?parent=9063"}],"curies":[{"name":"wp","href":"https:\/\/api.w.org\/{rel}","templated":true}]}}