{"id":9078,"date":"2023-12-18T11:58:18","date_gmt":"2023-12-18T11:58:18","guid":{"rendered":"https:\/\/www.albadelakhar.ly\/?page_id=9078"},"modified":"2024-02-12T16:36:23","modified_gmt":"2024-02-12T16:36:23","slug":"compresseurs-dair","status":"publish","type":"page","link":"https:\/\/www.albadelakhar.ly\/fr\/nos-produits\/compresseurs-dair\/","title":{"rendered":"Compresseurs d&#8217;air"},"content":{"rendered":"<section class=\"wpb-content-wrapper\"><p>[vc_row full_width=&#8221;stretch_row&#8221; video_bg=&#8221;yes&#8221; video_bg_url=&#8221;&#8221; kd_image_overlay_color=&#8221;rgba(11,35,65,0.68)&#8221; kd_image_overlay=&#8221;true&#8221; css=&#8221;.vc_custom_1702636538341{padding-top: 140px !important;padding-bottom: 140px !important;background-image: url(https:\/\/www.albadelakhar.ly\/wp-content\/uploads\/2023\/12\/\u0636\u0648\u0627\u063a\u0637-\u0627\u0644\u0647\u0648\u0627\u0621-min-2.jpg?id=8762) !important;}&#8221;][vc_column css=&#8221;.vc_custom_1513003956648{padding-top: 0px !important;}&#8221;][vc_row_inner][vc_column_inner width=&#8221;1\/6&#8243; css=&#8221;.vc_custom_1513004658055{padding-top: 50px !important;padding-left: 0px !important;}&#8221;][\/vc_column_inner][vc_column_inner width=&#8221;2\/3&#8243; css=&#8221;.vc_custom_1513008591637{padding-right: 0px !important;padding-left: 0px !important;}&#8221;]<div class=\"kd-text-rotator kd-rotatorid-69f470d5e6e43 text-center  \"><div class=\"kd-text-rotator-container\"><h2 class=\"rotator-single kd-rotator-item-1 last\" style=\"transition: all 0.5s 0.5s; color: #ffffff; font-size: 60px;\">Compresseurs d'air<\/h2><\/div><\/div>[\/vc_column_inner][vc_column_inner width=&#8221;1\/6&#8243;][\/vc_column_inner][\/vc_row_inner][\/vc_column][\/vc_row][vc_row full_width=&#8221;stretch_row_content&#8221; css=&#8221;.vc_custom_1702691943812{background-color: #f5f5f5 !important;}&#8221;][vc_column css=&#8221;.vc_custom_1702692032751{padding-right: 15% !important;padding-left: 15% !important;}&#8221;][vc_empty_space][vc_custom_heading text=&#8221;Compresseurs d&#8217;air d&#8217;Atlas Copco&#8221; font_container=&#8221;tag:h2|text_align:left|color:%2300adf1&#8243; use_theme_fonts=&#8221;yes&#8221;][vc_column_text]<\/p>\n<p style=\"text-align: justify;\">En tant que distributeurs agr\u00e9\u00e9s d&#8217;Atlas Copco, nous sommes fiers de fournir des compresseurs \u00e0 haute efficacit\u00e9 \u00e9nerg\u00e9tique et jouissant d&#8217;une bonne r\u00e9putation en termes de fiabilit\u00e9 et de performances. En investissant une petite somme dans un compresseur plus \u00e9conome en \u00e9nergie et plus fiable, vous pouvez \u00e9conomiser beaucoup d&#8217;argent en co\u00fbts de maintenance et r\u00e9duire les temps d&#8217;arr\u00eat impr\u00e9vus.<\/p>\n<p>[\/vc_column_text][vc_empty_space][\/vc_column][\/vc_row][vc_row full_width=&#8221;stretch_row_content&#8221; css=&#8221;.vc_custom_1702572379275{background-color: #f5f5f5 !important;}&#8221;][vc_column][vc_empty_space height=&#8221;42px&#8221;]<div class=\"woocommerce columns-4\"><ul class=\"products columns-4\">\n<li class=\"product-category product first\">\n\t<\/li>\n<li class=\"product-category product\">\n\t<\/li>\n<li class=\"product-category product\">\n\t<\/li>\n<li class=\"product-category product last\">\n\t<\/li>\n<li class=\"product-category product first\">\n\t<\/li>\n<\/ul>\n<\/div>[\/vc_column][\/vc_row][vc_row full_width=&#8221;stretch_row_content&#8221; css=&#8221;.vc_custom_1702572214377{background-color: #f5f5f5 !important;}&#8221;][vc_column width=&#8221;1\/6&#8243;][\/vc_column][vc_column width=&#8221;2\/3&#8243;][vc_empty_space][vc_custom_heading text=&#8221;Pourquoi choisir les compresseurs Atlas Copco parmi d&#8217;autres soci\u00e9t\u00e9s alternatives ?&#8221; font_container=&#8221;tag:h2|text_align:left|color:%2300adf1&#8243; use_theme_fonts=&#8221;yes&#8221;][vc_column_text]<\/p>\n<ul>\n<li style=\"text-align: left;\"><strong>Moins cher<\/strong><br \/>\n\u00c9tant donn\u00e9 que vous conserverez probablement le nouveau compresseur pendant au moins 7 \u00e0 10 ans, environ 80 \u00e0 90 % du co\u00fbt total au cours de cette p\u00e9riode sera consacr\u00e9 aux co\u00fbts de r\u00e9paration et de maintenance. Les compresseurs Atlas Copco sont tr\u00e8s efficaces et ont g\u00e9n\u00e9ralement le co\u00fbt global le plus bas lorsque en tenant compte du prix d&#8217;achat, des co\u00fbts d&#8217;exploitation et de maintenance par rapport aux autres compresseurs.<\/li>\n<li style=\"text-align: left;\"><strong>Garantie du produit<\/strong><br \/>\nThe Other Alternative Company vous offre une garantie annuelle pour ses produits. Si un d\u00e9faut de fabrication est constat\u00e9 dans le produit et n\u00e9cessite un entretien, une r\u00e9paration ou m\u00eame un remplacement, The Other Alternative Company vous garantira une fiabilit\u00e9, une dur\u00e9e de fonctionnement et une inqui\u00e9tude maximales. vie gratuite pendant toute la p\u00e9riode de garantie sans aucun frais suppl\u00e9mentaire.<\/li>\n<li style=\"text-align: left;\"><strong>Conseil technique<\/strong><br \/>\nL&#8217;entreprise dispose d&#8217;une \u00e9quipe commerciale poss\u00e9dant de l&#8217;exp\u00e9rience et des connaissances en mati\u00e8re de syst\u00e8mes d&#8217;air comprim\u00e9, qui cherche \u00e0 vous fournir des conseils et un support technique, en plus de vous aider \u00e0 concevoir et \u00e0 s\u00e9lectionner des syst\u00e8mes d&#8217;air comprim\u00e9 en fonction de votre domaine de sp\u00e9cialisation. Notre \u00e9quipe est toujours heureuse de vous aider \u00e0 trouver des solutions durables adapt\u00e9es au succ\u00e8s de votre entreprise.<\/li>\n<\/ul>\n<p>[\/vc_column_text][\/vc_column][vc_column width=&#8221;1\/6&#8243;][\/vc_column][\/vc_row]<\/p>\n<\/section>","protected":false},"excerpt":{"rendered":"<p>[vc_row full_width=&#8221;stretch_row&#8221; video_bg=&#8221;yes&#8221; video_bg_url=&#8221;&#8221; kd_image_overlay_color=&#8221;rgba(11,35,65,0.68)&#8221; kd_image_overlay=&#8221;true&#8221; css=&#8221;.vc_custom_1702636538341{padding-top: 140px !important;padding-bottom: 140px !important;background-image: url(https:\/\/www.albadelakhar.ly\/wp-content\/uploads\/2023\/12\/\u0636\u0648\u0627\u063a\u0637-\u0627\u0644\u0647\u0648\u0627\u0621-min-2.jpg?id=8762) !important;}&#8221;][vc_column css=&#8221;.vc_custom_1513003956648{padding-top: 0px !important;}&#8221;][vc_row_inner][vc_column_inner width=&#8221;1\/6&#8243; css=&#8221;.vc_custom_1513004658055{padding-top: 50px !important;padding-left: [&hellip;]<\/p>\n","protected":false},"author":2,"featured_media":0,"parent":9053,"menu_order":0,"comment_status":"closed","ping_status":"closed","template":"","meta":{"footnotes":""},"class_list":["post-9078","page","type-page","status-publish","hentry"],"yoast_head":"<!-- This site is optimized with the Yoast SEO plugin v22.0 - https:\/\/yoast.com\/wordpress\/plugins\/seo\/ -->\n<title>Compresseurs d&#039;air | Atlas Copco<\/title>\n<meta name=\"description\" content=\"En tant que distributeurs agr\u00e9\u00e9s d&#039;Atlas Copco, nous sommes fiers de fournir des compresseurs \u00e0 haute efficacit\u00e9 \u00e9nerg\u00e9tique et jouissant d&#039;une bonne\" \/>\n<meta name=\"robots\" content=\"index, follow, max-snippet:-1, max-image-preview:large, max-video-preview:-1\" \/>\n<link rel=\"canonical\" href=\"https:\/\/www.albadelakhar.ly\/fr\/nos-produits\/compresseurs-dair\/\" \/>\n<meta property=\"og:locale\" content=\"fr_FR\" \/>\n<meta property=\"og:type\" content=\"article\" \/>\n<meta property=\"og:title\" content=\"Compresseurs d&#039;air | Atlas Copco\" \/>\n<meta property=\"og:description\" content=\"En tant que distributeurs agr\u00e9\u00e9s d&#039;Atlas Copco, nous sommes fiers de fournir des compresseurs \u00e0 haute efficacit\u00e9 \u00e9nerg\u00e9tique et jouissant d&#039;une bonne\" \/>\n<meta property=\"og:url\" content=\"https:\/\/www.albadelakhar.ly\/fr\/nos-produits\/compresseurs-dair\/\" \/>\n<meta property=\"og:site_name\" content=\"Atlas Copco\" \/>\n<meta property=\"article:modified_time\" content=\"2024-02-12T16:36:23+00:00\" \/>\n<meta name=\"twitter:card\" content=\"summary_large_image\" \/>\n<meta name=\"twitter:label1\" content=\"Dur\u00e9e de lecture estim\u00e9e\" \/>\n\t<meta name=\"twitter:data1\" content=\"2 minutes\" \/>\n<script type=\"application\/ld+json\" class=\"yoast-schema-graph\">{\"@context\":\"https:\/\/schema.org\",\"@graph\":[{\"@type\":\"WebPage\",\"@id\":\"https:\/\/www.albadelakhar.ly\/fr\/nos-produits\/compresseurs-dair\/\",\"url\":\"https:\/\/www.albadelakhar.ly\/fr\/nos-produits\/compresseurs-dair\/\",\"name\":\"Compresseurs d'air | Atlas Copco\",\"isPartOf\":{\"@id\":\"https:\/\/www.albadelakhar.ly\/#website\"},\"datePublished\":\"2023-12-18T11:58:18+00:00\",\"dateModified\":\"2024-02-12T16:36:23+00:00\",\"description\":\"En tant que distributeurs agr\u00e9\u00e9s d'Atlas Copco, nous sommes fiers de fournir des compresseurs \u00e0 haute efficacit\u00e9 \u00e9nerg\u00e9tique et jouissant d'une bonne\",\"breadcrumb\":{\"@id\":\"https:\/\/www.albadelakhar.ly\/fr\/nos-produits\/compresseurs-dair\/#breadcrumb\"},\"inLanguage\":\"fr-FR\",\"potentialAction\":[{\"@type\":\"ReadAction\",\"target\":[\"https:\/\/www.albadelakhar.ly\/fr\/nos-produits\/compresseurs-dair\/\"]}]},{\"@type\":\"BreadcrumbList\",\"@id\":\"https:\/\/www.albadelakhar.ly\/fr\/nos-produits\/compresseurs-dair\/#breadcrumb\",\"itemListElement\":[{\"@type\":\"ListItem\",\"position\":1,\"name\":\"Accueil\",\"item\":\"https:\/\/www.albadelakhar.ly\/fr\/\"},{\"@type\":\"ListItem\",\"position\":2,\"name\":\"Nos produits\",\"item\":\"https:\/\/www.albadelakhar.ly\/fr\/nos-produits\/\"},{\"@type\":\"ListItem\",\"position\":3,\"name\":\"Compresseurs d&#8217;air\"}]},{\"@type\":\"WebSite\",\"@id\":\"https:\/\/www.albadelakhar.ly\/#website\",\"url\":\"https:\/\/www.albadelakhar.ly\/\",\"name\":\"Atlas Copco\",\"description\":\"Albadel Akhar Co.\",\"potentialAction\":[{\"@type\":\"SearchAction\",\"target\":{\"@type\":\"EntryPoint\",\"urlTemplate\":\"https:\/\/www.albadelakhar.ly\/?s={search_term_string}\"},\"query-input\":\"required name=search_term_string\"}],\"inLanguage\":\"fr-FR\"}]}<\/script>\n<!-- \/ Yoast SEO plugin. -->","yoast_head_json":{"title":"Compresseurs d'air | Atlas Copco","description":"En tant que distributeurs agr\u00e9\u00e9s d'Atlas Copco, nous sommes fiers de fournir des compresseurs \u00e0 haute efficacit\u00e9 \u00e9nerg\u00e9tique et jouissant d'une bonne","robots":{"index":"index","follow":"follow","max-snippet":"max-snippet:-1","max-image-preview":"max-image-preview:large","max-video-preview":"max-video-preview:-1"},"canonical":"https:\/\/www.albadelakhar.ly\/fr\/nos-produits\/compresseurs-dair\/","og_locale":"fr_FR","og_type":"article","og_title":"Compresseurs d'air | Atlas Copco","og_description":"En tant que distributeurs agr\u00e9\u00e9s d'Atlas Copco, nous sommes fiers de fournir des compresseurs \u00e0 haute efficacit\u00e9 \u00e9nerg\u00e9tique et jouissant d'une bonne","og_url":"https:\/\/www.albadelakhar.ly\/fr\/nos-produits\/compresseurs-dair\/","og_site_name":"Atlas Copco","article_modified_time":"2024-02-12T16:36:23+00:00","twitter_card":"summary_large_image","twitter_misc":{"Dur\u00e9e de lecture estim\u00e9e":"2 minutes"},"schema":{"@context":"https:\/\/schema.org","@graph":[{"@type":"WebPage","@id":"https:\/\/www.albadelakhar.ly\/fr\/nos-produits\/compresseurs-dair\/","url":"https:\/\/www.albadelakhar.ly\/fr\/nos-produits\/compresseurs-dair\/","name":"Compresseurs d'air | Atlas Copco","isPartOf":{"@id":"https:\/\/www.albadelakhar.ly\/#website"},"datePublished":"2023-12-18T11:58:18+00:00","dateModified":"2024-02-12T16:36:23+00:00","description":"En tant que distributeurs agr\u00e9\u00e9s d'Atlas Copco, nous sommes fiers de fournir des compresseurs \u00e0 haute efficacit\u00e9 \u00e9nerg\u00e9tique et jouissant d'une bonne","breadcrumb":{"@id":"https:\/\/www.albadelakhar.ly\/fr\/nos-produits\/compresseurs-dair\/#breadcrumb"},"inLanguage":"fr-FR","potentialAction":[{"@type":"ReadAction","target":["https:\/\/www.albadelakhar.ly\/fr\/nos-produits\/compresseurs-dair\/"]}]},{"@type":"BreadcrumbList","@id":"https:\/\/www.albadelakhar.ly\/fr\/nos-produits\/compresseurs-dair\/#breadcrumb","itemListElement":[{"@type":"ListItem","position":1,"name":"Accueil","item":"https:\/\/www.albadelakhar.ly\/fr\/"},{"@type":"ListItem","position":2,"name":"Nos produits","item":"https:\/\/www.albadelakhar.ly\/fr\/nos-produits\/"},{"@type":"ListItem","position":3,"name":"Compresseurs d&#8217;air"}]},{"@type":"WebSite","@id":"https:\/\/www.albadelakhar.ly\/#website","url":"https:\/\/www.albadelakhar.ly\/","name":"Atlas Copco","description":"Albadel Akhar Co.","potentialAction":[{"@type":"SearchAction","target":{"@type":"EntryPoint","urlTemplate":"https:\/\/www.albadelakhar.ly\/?s={search_term_string}"},"query-input":"required name=search_term_string"}],"inLanguage":"fr-FR"}]}},"_links":{"self":[{"href":"https:\/\/www.albadelakhar.ly\/fr\/wp-json\/wp\/v2\/pages\/9078","targetHints":{"allow":["GET"]}}],"collection":[{"href":"https:\/\/www.albadelakhar.ly\/fr\/wp-json\/wp\/v2\/pages"}],"about":[{"href":"https:\/\/www.albadelakhar.ly\/fr\/wp-json\/wp\/v2\/types\/page"}],"author":[{"embeddable":true,"href":"https:\/\/www.albadelakhar.ly\/fr\/wp-json\/wp\/v2\/users\/2"}],"replies":[{"embeddable":true,"href":"https:\/\/www.albadelakhar.ly\/fr\/wp-json\/wp\/v2\/comments?post=9078"}],"version-history":[{"count":2,"href":"https:\/\/www.albadelakhar.ly\/fr\/wp-json\/wp\/v2\/pages\/9078\/revisions"}],"predecessor-version":[{"id":9084,"href":"https:\/\/www.albadelakhar.ly\/fr\/wp-json\/wp\/v2\/pages\/9078\/revisions\/9084"}],"up":[{"embeddable":true,"href":"https:\/\/www.albadelakhar.ly\/fr\/wp-json\/wp\/v2\/pages\/9053"}],"wp:attachment":[{"href":"https:\/\/www.albadelakhar.ly\/fr\/wp-json\/wp\/v2\/media?parent=9078"}],"curies":[{"name":"wp","href":"https:\/\/api.w.org\/{rel}","templated":true}]}}