{"id":9085,"date":"2023-12-18T12:02:15","date_gmt":"2023-12-18T12:02:15","guid":{"rendered":"https:\/\/www.albadelakhar.ly\/?page_id=9085"},"modified":"2023-12-18T13:48:38","modified_gmt":"2023-12-18T13:48:38","slug":"des-pieces-de-rechange","status":"publish","type":"page","link":"https:\/\/www.albadelakhar.ly\/fr\/nos-produits\/des-pieces-de-rechange\/","title":{"rendered":"Des pi\u00e8ces de rechange"},"content":{"rendered":"<section class=\"wpb-content-wrapper\"><p>[vc_row full_width=&#8221;stretch_row&#8221; video_bg=&#8221;yes&#8221; video_bg_url=&#8221;&#8221; kd_image_overlay_color=&#8221;rgba(11,35,65,0.63)&#8221; kd_image_overlay=&#8221;true&#8221; css=&#8221;.vc_custom_1702571691149{padding-top: 160px !important;padding-bottom: 120px !important;background-image: url(https:\/\/www.albadelakhar.ly\/wp-content\/uploads\/2023\/12\/11conduites-acier-cables-dans-usine-8-min-1.jpg?id=7729) !important;}&#8221;][vc_column css=&#8221;.vc_custom_1513003956648{padding-top: 0px !important;}&#8221;][vc_row_inner][vc_column_inner width=&#8221;1\/6&#8243; css=&#8221;.vc_custom_1513004658055{padding-top: 50px !important;padding-left: 0px !important;}&#8221;][\/vc_column_inner][vc_column_inner width=&#8221;2\/3&#8243; css=&#8221;.vc_custom_1513008591637{padding-right: 0px !important;padding-left: 0px !important;}&#8221;]<div class=\"kd-text-rotator kd-rotatorid-69f2563899156 text-center  \"><div class=\"kd-text-rotator-container\"><h2 class=\"rotator-single kd-rotator-item-1 last\" style=\"transition: all 0.5s 0.5s; color: #ffffff; font-size: 60px;\">Des pi\u00e8ces de rechange<\/h2><\/div><\/div>[\/vc_column_inner][vc_column_inner width=&#8221;1\/6&#8243;][\/vc_column_inner][\/vc_row_inner][\/vc_column][\/vc_row][vc_row full_width=&#8221;stretch_row_content&#8221; css=&#8221;.vc_custom_1702572214377{background-color: #f5f5f5 !important;}&#8221;][vc_column width=&#8221;1\/6&#8243;][\/vc_column][vc_column width=&#8221;2\/3&#8243;][vc_empty_space][vc_custom_heading text=&#8221;Pi\u00e8ces de rechange d&#8217;Atlas Copco&#8221; font_container=&#8221;tag:h2|text_align:left|color:%2300adf1&#8243; use_theme_fonts=&#8221;yes&#8221;][vc_column_text]<\/p>\n<p style=\"text-align: left;\"><strong>Albadel Akhar Co.<\/strong> vous fournit les pi\u00e8ces de rechange Atlas Copco dont votre produit a besoin et vous les livre lorsque vous en avez besoin, afin de r\u00e9duire les temps de panne et d&#8217;atteindre une productivit\u00e9 et des performances maximales qui durent des ann\u00e9es. Produits Atlas Copco, vous vous sentirez certainement en confiance car ce sont les seuls qui sont compatibles avec le produit.Pour vos besoins, nous disposons d&#8217;une grande vari\u00e9t\u00e9 de pi\u00e8ces de rechange pour compresseurs et s\u00e9cheurs et de leurs kits d&#8217;entretien, en plus d&#8217;huiles de toutes sortes. .<\/p>\n<p>[\/vc_column_text][vc_empty_space][\/vc_column][vc_column width=&#8221;1\/6&#8243;][\/vc_column][\/vc_row][vc_row full_width=&#8221;stretch_row&#8221; css=&#8221;.vc_custom_1702626639700{background-color: #f5f5f5 !important;}&#8221;][vc_column width=&#8221;1\/3&#8243;][vc_empty_space height=&#8221;42px&#8221;][vc_single_image image=&#8221;8425&#8243; img_size=&#8221;full&#8221;][vc_custom_heading text=&#8221;accessoires&#8221; font_container=&#8221;tag:h4|text_align:center&#8221; use_theme_fonts=&#8221;yes&#8221;][\/vc_column][vc_column width=&#8221;1\/3&#8243;][vc_empty_space height=&#8221;42px&#8221;][vc_single_image image=&#8221;8421&#8243; img_size=&#8221;full&#8221;][vc_custom_heading text=&#8221;Huiles&#8221; font_container=&#8221;tag:h4|text_align:center&#8221; use_theme_fonts=&#8221;yes&#8221;][\/vc_column][vc_column width=&#8221;1\/3&#8243;][vc_empty_space height=&#8221;42px&#8221;][vc_single_image image=&#8221;8418&#8243; img_size=&#8221;full&#8221;][vc_custom_heading text=&#8221;\u00c9quipes de maintenance&#8221; font_container=&#8221;tag:h4|text_align:center&#8221; use_theme_fonts=&#8221;yes&#8221;][\/vc_column][\/vc_row][vc_row full_width=&#8221;stretch_row_content&#8221; css=&#8221;.vc_custom_1702572214377{background-color: #f5f5f5 !important;}&#8221;][vc_column width=&#8221;1\/6&#8243;][\/vc_column][vc_column width=&#8221;2\/3&#8243;][vc_empty_space][vc_custom_heading text=&#8221;Pourquoi recommandons-nous de commander des pi\u00e8ces de rechange d&#8217;origine aupr\u00e8s d&#8217;autres alternatives ?&#8221; font_container=&#8221;tag:h2|text_align:left|color:%2300adf1&#8243; use_theme_fonts=&#8221;yes&#8221;][vc_column_text]<\/p>\n<ul>\n<li><strong>Performance garantie et fiable<\/strong><br \/>\nLes pi\u00e8ces d&#8217;origine du compresseur maintiennent l&#8217;int\u00e9grit\u00e9 de votre syst\u00e8me, garantissant des performances optimales.<\/li>\n<li><strong>Dur\u00e9e de fonctionnement maximale<\/strong><br \/>\nL\u2019utilisation de pi\u00e8ces de rechange d\u2019origine et d\u2019huiles appropri\u00e9es contribue \u00e0 la durabilit\u00e9 des performances de votre \u00e9quipement et vous aide \u00e0 augmenter sa dur\u00e9e de vie et sa dur\u00e9e de fonctionnement.<\/li>\n<li><strong>Haute efficacit\u00e9<\/strong><br \/>\nNos pi\u00e8ces de rechange d&#8217;origine pr\u00e9sentent les niveaux d&#8217;efficacit\u00e9 \u00e9nerg\u00e9tique les plus \u00e9lev\u00e9s et sont les moins co\u00fbteuses si des pi\u00e8ces de rechange non originales sont utilis\u00e9es.<\/li>\n<\/ul>\n<p>[\/vc_column_text][vc_empty_space][\/vc_column][vc_column width=&#8221;1\/6&#8243;][\/vc_column][\/vc_row]<\/p>\n<\/section>","protected":false},"excerpt":{"rendered":"<p>[vc_row full_width=&#8221;stretch_row&#8221; video_bg=&#8221;yes&#8221; video_bg_url=&#8221;&#8221; kd_image_overlay_color=&#8221;rgba(11,35,65,0.63)&#8221; kd_image_overlay=&#8221;true&#8221; css=&#8221;.vc_custom_1702571691149{padding-top: 160px !important;padding-bottom: 120px !important;background-image: url(https:\/\/www.albadelakhar.ly\/wp-content\/uploads\/2023\/12\/11conduites-acier-cables-dans-usine-8-min-1.jpg?id=7729) !important;}&#8221;][vc_column css=&#8221;.vc_custom_1513003956648{padding-top: 0px !important;}&#8221;][vc_row_inner][vc_column_inner width=&#8221;1\/6&#8243; css=&#8221;.vc_custom_1513004658055{padding-top: 50px !important;padding-left: [&hellip;]<\/p>\n","protected":false},"author":2,"featured_media":0,"parent":9053,"menu_order":0,"comment_status":"closed","ping_status":"closed","template":"","meta":{"footnotes":""},"class_list":["post-9085","page","type-page","status-publish","hentry"],"yoast_head":"<!-- This site is optimized with the Yoast SEO plugin v22.0 - https:\/\/yoast.com\/wordpress\/plugins\/seo\/ -->\n<title>Des pi\u00e8ces de rechange | Atlas Copco<\/title>\n<meta name=\"description\" content=\"Albadel Akhar Co. vous fournit les pi\u00e8ces de rechange Atlas Copco dont votre produit a besoin et vous les livre lorsque vous en avez besoin, afin de\" \/>\n<meta name=\"robots\" content=\"index, follow, max-snippet:-1, max-image-preview:large, max-video-preview:-1\" \/>\n<link rel=\"canonical\" href=\"https:\/\/www.albadelakhar.ly\/fr\/nos-produits\/des-pieces-de-rechange\/\" \/>\n<meta property=\"og:locale\" content=\"fr_FR\" \/>\n<meta property=\"og:type\" content=\"article\" \/>\n<meta property=\"og:title\" content=\"Des pi\u00e8ces de rechange | Atlas Copco\" \/>\n<meta property=\"og:description\" content=\"Albadel Akhar Co. vous fournit les pi\u00e8ces de rechange Atlas Copco dont votre produit a besoin et vous les livre lorsque vous en avez besoin, afin de\" \/>\n<meta property=\"og:url\" content=\"https:\/\/www.albadelakhar.ly\/fr\/nos-produits\/des-pieces-de-rechange\/\" \/>\n<meta property=\"og:site_name\" content=\"Atlas Copco\" \/>\n<meta property=\"article:modified_time\" content=\"2023-12-18T13:48:38+00:00\" \/>\n<meta name=\"twitter:card\" content=\"summary_large_image\" \/>\n<meta name=\"twitter:label1\" content=\"Dur\u00e9e de lecture estim\u00e9e\" \/>\n\t<meta name=\"twitter:data1\" content=\"3 minutes\" \/>\n<script type=\"application\/ld+json\" class=\"yoast-schema-graph\">{\"@context\":\"https:\/\/schema.org\",\"@graph\":[{\"@type\":\"WebPage\",\"@id\":\"https:\/\/www.albadelakhar.ly\/fr\/nos-produits\/des-pieces-de-rechange\/\",\"url\":\"https:\/\/www.albadelakhar.ly\/fr\/nos-produits\/des-pieces-de-rechange\/\",\"name\":\"Des pi\u00e8ces de rechange | Atlas Copco\",\"isPartOf\":{\"@id\":\"https:\/\/www.albadelakhar.ly\/#website\"},\"datePublished\":\"2023-12-18T12:02:15+00:00\",\"dateModified\":\"2023-12-18T13:48:38+00:00\",\"description\":\"Albadel Akhar Co. vous fournit les pi\u00e8ces de rechange Atlas Copco dont votre produit a besoin et vous les livre lorsque vous en avez besoin, afin de\",\"breadcrumb\":{\"@id\":\"https:\/\/www.albadelakhar.ly\/fr\/nos-produits\/des-pieces-de-rechange\/#breadcrumb\"},\"inLanguage\":\"fr-FR\",\"potentialAction\":[{\"@type\":\"ReadAction\",\"target\":[\"https:\/\/www.albadelakhar.ly\/fr\/nos-produits\/des-pieces-de-rechange\/\"]}]},{\"@type\":\"BreadcrumbList\",\"@id\":\"https:\/\/www.albadelakhar.ly\/fr\/nos-produits\/des-pieces-de-rechange\/#breadcrumb\",\"itemListElement\":[{\"@type\":\"ListItem\",\"position\":1,\"name\":\"Accueil\",\"item\":\"https:\/\/www.albadelakhar.ly\/fr\/\"},{\"@type\":\"ListItem\",\"position\":2,\"name\":\"Nos produits\",\"item\":\"https:\/\/www.albadelakhar.ly\/fr\/nos-produits\/\"},{\"@type\":\"ListItem\",\"position\":3,\"name\":\"Des pi\u00e8ces de rechange\"}]},{\"@type\":\"WebSite\",\"@id\":\"https:\/\/www.albadelakhar.ly\/#website\",\"url\":\"https:\/\/www.albadelakhar.ly\/\",\"name\":\"Atlas Copco\",\"description\":\"Albadel Akhar Co.\",\"potentialAction\":[{\"@type\":\"SearchAction\",\"target\":{\"@type\":\"EntryPoint\",\"urlTemplate\":\"https:\/\/www.albadelakhar.ly\/?s={search_term_string}\"},\"query-input\":\"required name=search_term_string\"}],\"inLanguage\":\"fr-FR\"}]}<\/script>\n<!-- \/ Yoast SEO plugin. -->","yoast_head_json":{"title":"Des pi\u00e8ces de rechange | Atlas Copco","description":"Albadel Akhar Co. vous fournit les pi\u00e8ces de rechange Atlas Copco dont votre produit a besoin et vous les livre lorsque vous en avez besoin, afin de","robots":{"index":"index","follow":"follow","max-snippet":"max-snippet:-1","max-image-preview":"max-image-preview:large","max-video-preview":"max-video-preview:-1"},"canonical":"https:\/\/www.albadelakhar.ly\/fr\/nos-produits\/des-pieces-de-rechange\/","og_locale":"fr_FR","og_type":"article","og_title":"Des pi\u00e8ces de rechange | Atlas Copco","og_description":"Albadel Akhar Co. vous fournit les pi\u00e8ces de rechange Atlas Copco dont votre produit a besoin et vous les livre lorsque vous en avez besoin, afin de","og_url":"https:\/\/www.albadelakhar.ly\/fr\/nos-produits\/des-pieces-de-rechange\/","og_site_name":"Atlas Copco","article_modified_time":"2023-12-18T13:48:38+00:00","twitter_card":"summary_large_image","twitter_misc":{"Dur\u00e9e de lecture estim\u00e9e":"3 minutes"},"schema":{"@context":"https:\/\/schema.org","@graph":[{"@type":"WebPage","@id":"https:\/\/www.albadelakhar.ly\/fr\/nos-produits\/des-pieces-de-rechange\/","url":"https:\/\/www.albadelakhar.ly\/fr\/nos-produits\/des-pieces-de-rechange\/","name":"Des pi\u00e8ces de rechange | Atlas Copco","isPartOf":{"@id":"https:\/\/www.albadelakhar.ly\/#website"},"datePublished":"2023-12-18T12:02:15+00:00","dateModified":"2023-12-18T13:48:38+00:00","description":"Albadel Akhar Co. vous fournit les pi\u00e8ces de rechange Atlas Copco dont votre produit a besoin et vous les livre lorsque vous en avez besoin, afin de","breadcrumb":{"@id":"https:\/\/www.albadelakhar.ly\/fr\/nos-produits\/des-pieces-de-rechange\/#breadcrumb"},"inLanguage":"fr-FR","potentialAction":[{"@type":"ReadAction","target":["https:\/\/www.albadelakhar.ly\/fr\/nos-produits\/des-pieces-de-rechange\/"]}]},{"@type":"BreadcrumbList","@id":"https:\/\/www.albadelakhar.ly\/fr\/nos-produits\/des-pieces-de-rechange\/#breadcrumb","itemListElement":[{"@type":"ListItem","position":1,"name":"Accueil","item":"https:\/\/www.albadelakhar.ly\/fr\/"},{"@type":"ListItem","position":2,"name":"Nos produits","item":"https:\/\/www.albadelakhar.ly\/fr\/nos-produits\/"},{"@type":"ListItem","position":3,"name":"Des pi\u00e8ces de rechange"}]},{"@type":"WebSite","@id":"https:\/\/www.albadelakhar.ly\/#website","url":"https:\/\/www.albadelakhar.ly\/","name":"Atlas Copco","description":"Albadel Akhar Co.","potentialAction":[{"@type":"SearchAction","target":{"@type":"EntryPoint","urlTemplate":"https:\/\/www.albadelakhar.ly\/?s={search_term_string}"},"query-input":"required name=search_term_string"}],"inLanguage":"fr-FR"}]}},"_links":{"self":[{"href":"https:\/\/www.albadelakhar.ly\/fr\/wp-json\/wp\/v2\/pages\/9085","targetHints":{"allow":["GET"]}}],"collection":[{"href":"https:\/\/www.albadelakhar.ly\/fr\/wp-json\/wp\/v2\/pages"}],"about":[{"href":"https:\/\/www.albadelakhar.ly\/fr\/wp-json\/wp\/v2\/types\/page"}],"author":[{"embeddable":true,"href":"https:\/\/www.albadelakhar.ly\/fr\/wp-json\/wp\/v2\/users\/2"}],"replies":[{"embeddable":true,"href":"https:\/\/www.albadelakhar.ly\/fr\/wp-json\/wp\/v2\/comments?post=9085"}],"version-history":[{"count":3,"href":"https:\/\/www.albadelakhar.ly\/fr\/wp-json\/wp\/v2\/pages\/9085\/revisions"}],"predecessor-version":[{"id":9116,"href":"https:\/\/www.albadelakhar.ly\/fr\/wp-json\/wp\/v2\/pages\/9085\/revisions\/9116"}],"up":[{"embeddable":true,"href":"https:\/\/www.albadelakhar.ly\/fr\/wp-json\/wp\/v2\/pages\/9053"}],"wp:attachment":[{"href":"https:\/\/www.albadelakhar.ly\/fr\/wp-json\/wp\/v2\/media?parent=9085"}],"curies":[{"name":"wp","href":"https:\/\/api.w.org\/{rel}","templated":true}]}}