{"id":9117,"date":"2023-12-18T13:53:22","date_gmt":"2023-12-18T13:53:22","guid":{"rendered":"https:\/\/www.albadelakhar.ly\/?page_id=9117"},"modified":"2023-12-18T13:54:49","modified_gmt":"2023-12-18T13:54:49","slug":"secheurs-dair","status":"publish","type":"page","link":"https:\/\/www.albadelakhar.ly\/fr\/nos-produits\/secheurs-dair\/","title":{"rendered":"S\u00e9cheurs d&#8217;air"},"content":{"rendered":"<section class=\"wpb-content-wrapper\"><p>[vc_row full_width=&#8221;stretch_row&#8221; video_bg=&#8221;yes&#8221; video_bg_url=&#8221;&#8221; kd_image_overlay_color=&#8221;rgba(11,35,65,0.63)&#8221; kd_image_overlay=&#8221;true&#8221; css=&#8221;.vc_custom_1702571691149{padding-top: 160px !important;padding-bottom: 120px !important;background-image: url(https:\/\/www.albadelakhar.ly\/wp-content\/uploads\/2023\/12\/11conduites-acier-cables-dans-usine-8-min-1.jpg?id=7729) !important;}&#8221;][vc_column css=&#8221;.vc_custom_1513003956648{padding-top: 0px !important;}&#8221;][vc_row_inner][vc_column_inner width=&#8221;1\/6&#8243; css=&#8221;.vc_custom_1513004658055{padding-top: 50px !important;padding-left: 0px !important;}&#8221;][\/vc_column_inner][vc_column_inner width=&#8221;2\/3&#8243; css=&#8221;.vc_custom_1513008591637{padding-right: 0px !important;padding-left: 0px !important;}&#8221;]<div class=\"kd-text-rotator kd-rotatorid-6a0533b2e3d39 text-center  \"><div class=\"kd-text-rotator-container\"><h2 class=\"rotator-single kd-rotator-item-1 last\" style=\"transition: all 0.5s 0.5s; color: #ffffff; font-size: 60px;\">S\u00e9cheurs d'air<\/h2><\/div><\/div>[\/vc_column_inner][vc_column_inner width=&#8221;1\/6&#8243;][\/vc_column_inner][\/vc_row_inner][\/vc_column][\/vc_row][vc_row full_width=&#8221;stretch_row_content&#8221; css=&#8221;.vc_custom_1702572214377{background-color: #f5f5f5 !important;}&#8221;][vc_column width=&#8221;1\/6&#8243;][\/vc_column][vc_column width=&#8221;2\/3&#8243;][vc_empty_space][vc_custom_heading text=&#8221;S\u00e9cheurs d&#8217;air Atlas Copco&#8221; font_container=&#8221;tag:h2|text_align:left|color:%2300adf1&#8243; use_theme_fonts=&#8221;yes&#8221;][vc_column_text]<\/p>\n<p style=\"text-align: left;\">Lorsque vous avez besoin de faibles niveaux de vapeur d&#8217;eau dans l&#8217;air comprim\u00e9, un s\u00e9cheur est essentiel dans ces cas. En tant que distributeurs Atlas Copco, nous pouvons fournir des s\u00e9cheurs tr\u00e8s efficaces qui atteignent les niveaux d&#8217;air sec requis et vous offrent le co\u00fbt le plus bas.<\/p>\n<p>[\/vc_column_text][vc_empty_space][\/vc_column][vc_column width=&#8221;1\/6&#8243;][\/vc_column][\/vc_row][vc_row full_width=&#8221;stretch_row_content&#8221; css=&#8221;.vc_custom_1702572379275{background-color: #f5f5f5 !important;}&#8221;][vc_column][vc_empty_space height=&#8221;42px&#8221;]<div class=\"woocommerce columns-4\"><ul class=\"products columns-4\">\n<li class=\"product-category product first\">\n\t<\/li>\n<li class=\"product-category product\">\n\t<\/li>\n<li class=\"product-category product\">\n\t<\/li>\n<\/ul>\n<\/div>[\/vc_column][\/vc_row][vc_row full_width=&#8221;stretch_row_content&#8221; css=&#8221;.vc_custom_1702572214377{background-color: #f5f5f5 !important;}&#8221;][vc_column width=&#8221;1\/6&#8243;][\/vc_column][vc_column width=&#8221;2\/3&#8243;][vc_empty_space][vc_custom_heading text=&#8221;Pourquoi choisir le s\u00e9cheur Atlas Copco parmi Albadel Akhar Co.?&#8221; font_container=&#8221;tag:h2|text_align:left|color:%2300adf1&#8243; use_theme_fonts=&#8221;yes&#8221;][vc_column_text]<\/p>\n<ul>\n<li style=\"text-align: right;\">\n<p style=\"text-align: left;\"><strong>Co\u00fbt global inf\u00e9rieur<\/strong><\/p>\n<p style=\"text-align: left;\">\u00c9tant donn\u00e9 que vous conserverez probablement votre nouveau s\u00e8che-linge pendant au moins 10 ans, environ 80 % du co\u00fbt total au cours de cette p\u00e9riode sera consacr\u00e9 aux co\u00fbts d\u2019\u00e9nergie \u00e9lectrique.<br \/>\nLes s\u00e9cheurs par adsorption Atlas Copco sont tr\u00e8s efficaces et ont g\u00e9n\u00e9ralement le co\u00fbt total le plus bas si l&#8217;on tient compte du prix d&#8217;achat, des co\u00fbts d&#8217;exploitation \u00e9lectriques et des co\u00fbts de maintenance.<\/p>\n<p style=\"text-align: left;\">\n<\/li>\n<li style=\"text-align: right;\">\n<p style=\"text-align: left;\"><strong>Garantie du s\u00e8che-linge<\/strong><br \/>\nLa soci\u00e9t\u00e9 Albadel Akhar Co. vous offre une garantie annuelle sur ses produits s&#8217;ils n\u00e9cessitent un entretien, une r\u00e9paration ou m\u00eame un remplacement. Si le budget maintenance est important pour vous, il existe une autre alternative<\/p>\n<p style=\"text-align: left;\">Il vous garantira une fiabilit\u00e9, une disponibilit\u00e9 maximale, des co\u00fbts les plus bas et une vie sans souci pendant toute la dur\u00e9e de la garantie.<\/p>\n<\/li>\n<\/ul>\n<p>[\/vc_column_text][vc_empty_space][\/vc_column][vc_column width=&#8221;1\/6&#8243;][\/vc_column][\/vc_row]<\/p>\n<\/section>","protected":false},"excerpt":{"rendered":"<p>[vc_row full_width=&#8221;stretch_row&#8221; video_bg=&#8221;yes&#8221; video_bg_url=&#8221;&#8221; kd_image_overlay_color=&#8221;rgba(11,35,65,0.63)&#8221; kd_image_overlay=&#8221;true&#8221; css=&#8221;.vc_custom_1702571691149{padding-top: 160px !important;padding-bottom: 120px !important;background-image: url(https:\/\/www.albadelakhar.ly\/wp-content\/uploads\/2023\/12\/11conduites-acier-cables-dans-usine-8-min-1.jpg?id=7729) !important;}&#8221;][vc_column css=&#8221;.vc_custom_1513003956648{padding-top: 0px !important;}&#8221;][vc_row_inner][vc_column_inner width=&#8221;1\/6&#8243; css=&#8221;.vc_custom_1513004658055{padding-top: 50px !important;padding-left: [&hellip;]<\/p>\n","protected":false},"author":2,"featured_media":0,"parent":9053,"menu_order":0,"comment_status":"closed","ping_status":"closed","template":"","meta":{"footnotes":""},"class_list":["post-9117","page","type-page","status-publish","hentry"],"yoast_head":"<!-- This site is optimized with the Yoast SEO plugin v22.0 - https:\/\/yoast.com\/wordpress\/plugins\/seo\/ -->\n<title>S\u00e9cheurs d&#039;air | Atlas Copco<\/title>\n<meta name=\"description\" content=\"Lorsque vous avez besoin de faibles niveaux de vapeur d&#039;eau dans l&#039;air comprim\u00e9, un s\u00e9cheur est essentiel dans ces cas. En tant que distributeurs Atlas\" \/>\n<meta name=\"robots\" content=\"index, follow, max-snippet:-1, max-image-preview:large, max-video-preview:-1\" \/>\n<link rel=\"canonical\" href=\"https:\/\/www.albadelakhar.ly\/fr\/nos-produits\/secheurs-dair\/\" \/>\n<meta property=\"og:locale\" content=\"fr_FR\" \/>\n<meta property=\"og:type\" content=\"article\" \/>\n<meta property=\"og:title\" content=\"S\u00e9cheurs d&#039;air | Atlas Copco\" \/>\n<meta property=\"og:description\" content=\"Lorsque vous avez besoin de faibles niveaux de vapeur d&#039;eau dans l&#039;air comprim\u00e9, un s\u00e9cheur est essentiel dans ces cas. En tant que distributeurs Atlas\" \/>\n<meta property=\"og:url\" content=\"https:\/\/www.albadelakhar.ly\/fr\/nos-produits\/secheurs-dair\/\" \/>\n<meta property=\"og:site_name\" content=\"Atlas Copco\" \/>\n<meta property=\"article:modified_time\" content=\"2023-12-18T13:54:49+00:00\" \/>\n<meta name=\"twitter:card\" content=\"summary_large_image\" \/>\n<meta name=\"twitter:label1\" content=\"Dur\u00e9e de lecture estim\u00e9e\" \/>\n\t<meta name=\"twitter:data1\" content=\"3 minutes\" \/>\n<script type=\"application\/ld+json\" class=\"yoast-schema-graph\">{\"@context\":\"https:\/\/schema.org\",\"@graph\":[{\"@type\":\"WebPage\",\"@id\":\"https:\/\/www.albadelakhar.ly\/fr\/nos-produits\/secheurs-dair\/\",\"url\":\"https:\/\/www.albadelakhar.ly\/fr\/nos-produits\/secheurs-dair\/\",\"name\":\"S\u00e9cheurs d'air | Atlas Copco\",\"isPartOf\":{\"@id\":\"https:\/\/www.albadelakhar.ly\/#website\"},\"datePublished\":\"2023-12-18T13:53:22+00:00\",\"dateModified\":\"2023-12-18T13:54:49+00:00\",\"description\":\"Lorsque vous avez besoin de faibles niveaux de vapeur d'eau dans l'air comprim\u00e9, un s\u00e9cheur est essentiel dans ces cas. En tant que distributeurs Atlas\",\"breadcrumb\":{\"@id\":\"https:\/\/www.albadelakhar.ly\/fr\/nos-produits\/secheurs-dair\/#breadcrumb\"},\"inLanguage\":\"fr-FR\",\"potentialAction\":[{\"@type\":\"ReadAction\",\"target\":[\"https:\/\/www.albadelakhar.ly\/fr\/nos-produits\/secheurs-dair\/\"]}]},{\"@type\":\"BreadcrumbList\",\"@id\":\"https:\/\/www.albadelakhar.ly\/fr\/nos-produits\/secheurs-dair\/#breadcrumb\",\"itemListElement\":[{\"@type\":\"ListItem\",\"position\":1,\"name\":\"Accueil\",\"item\":\"https:\/\/www.albadelakhar.ly\/fr\/\"},{\"@type\":\"ListItem\",\"position\":2,\"name\":\"Nos produits\",\"item\":\"https:\/\/www.albadelakhar.ly\/fr\/nos-produits\/\"},{\"@type\":\"ListItem\",\"position\":3,\"name\":\"S\u00e9cheurs d&#8217;air\"}]},{\"@type\":\"WebSite\",\"@id\":\"https:\/\/www.albadelakhar.ly\/#website\",\"url\":\"https:\/\/www.albadelakhar.ly\/\",\"name\":\"Atlas Copco\",\"description\":\"Albadel Akhar Co.\",\"potentialAction\":[{\"@type\":\"SearchAction\",\"target\":{\"@type\":\"EntryPoint\",\"urlTemplate\":\"https:\/\/www.albadelakhar.ly\/?s={search_term_string}\"},\"query-input\":\"required name=search_term_string\"}],\"inLanguage\":\"fr-FR\"}]}<\/script>\n<!-- \/ Yoast SEO plugin. -->","yoast_head_json":{"title":"S\u00e9cheurs d'air | Atlas Copco","description":"Lorsque vous avez besoin de faibles niveaux de vapeur d'eau dans l'air comprim\u00e9, un s\u00e9cheur est essentiel dans ces cas. En tant que distributeurs Atlas","robots":{"index":"index","follow":"follow","max-snippet":"max-snippet:-1","max-image-preview":"max-image-preview:large","max-video-preview":"max-video-preview:-1"},"canonical":"https:\/\/www.albadelakhar.ly\/fr\/nos-produits\/secheurs-dair\/","og_locale":"fr_FR","og_type":"article","og_title":"S\u00e9cheurs d'air | Atlas Copco","og_description":"Lorsque vous avez besoin de faibles niveaux de vapeur d'eau dans l'air comprim\u00e9, un s\u00e9cheur est essentiel dans ces cas. En tant que distributeurs Atlas","og_url":"https:\/\/www.albadelakhar.ly\/fr\/nos-produits\/secheurs-dair\/","og_site_name":"Atlas Copco","article_modified_time":"2023-12-18T13:54:49+00:00","twitter_card":"summary_large_image","twitter_misc":{"Dur\u00e9e de lecture estim\u00e9e":"3 minutes"},"schema":{"@context":"https:\/\/schema.org","@graph":[{"@type":"WebPage","@id":"https:\/\/www.albadelakhar.ly\/fr\/nos-produits\/secheurs-dair\/","url":"https:\/\/www.albadelakhar.ly\/fr\/nos-produits\/secheurs-dair\/","name":"S\u00e9cheurs d'air | Atlas Copco","isPartOf":{"@id":"https:\/\/www.albadelakhar.ly\/#website"},"datePublished":"2023-12-18T13:53:22+00:00","dateModified":"2023-12-18T13:54:49+00:00","description":"Lorsque vous avez besoin de faibles niveaux de vapeur d'eau dans l'air comprim\u00e9, un s\u00e9cheur est essentiel dans ces cas. En tant que distributeurs Atlas","breadcrumb":{"@id":"https:\/\/www.albadelakhar.ly\/fr\/nos-produits\/secheurs-dair\/#breadcrumb"},"inLanguage":"fr-FR","potentialAction":[{"@type":"ReadAction","target":["https:\/\/www.albadelakhar.ly\/fr\/nos-produits\/secheurs-dair\/"]}]},{"@type":"BreadcrumbList","@id":"https:\/\/www.albadelakhar.ly\/fr\/nos-produits\/secheurs-dair\/#breadcrumb","itemListElement":[{"@type":"ListItem","position":1,"name":"Accueil","item":"https:\/\/www.albadelakhar.ly\/fr\/"},{"@type":"ListItem","position":2,"name":"Nos produits","item":"https:\/\/www.albadelakhar.ly\/fr\/nos-produits\/"},{"@type":"ListItem","position":3,"name":"S\u00e9cheurs d&#8217;air"}]},{"@type":"WebSite","@id":"https:\/\/www.albadelakhar.ly\/#website","url":"https:\/\/www.albadelakhar.ly\/","name":"Atlas Copco","description":"Albadel Akhar Co.","potentialAction":[{"@type":"SearchAction","target":{"@type":"EntryPoint","urlTemplate":"https:\/\/www.albadelakhar.ly\/?s={search_term_string}"},"query-input":"required name=search_term_string"}],"inLanguage":"fr-FR"}]}},"_links":{"self":[{"href":"https:\/\/www.albadelakhar.ly\/fr\/wp-json\/wp\/v2\/pages\/9117","targetHints":{"allow":["GET"]}}],"collection":[{"href":"https:\/\/www.albadelakhar.ly\/fr\/wp-json\/wp\/v2\/pages"}],"about":[{"href":"https:\/\/www.albadelakhar.ly\/fr\/wp-json\/wp\/v2\/types\/page"}],"author":[{"embeddable":true,"href":"https:\/\/www.albadelakhar.ly\/fr\/wp-json\/wp\/v2\/users\/2"}],"replies":[{"embeddable":true,"href":"https:\/\/www.albadelakhar.ly\/fr\/wp-json\/wp\/v2\/comments?post=9117"}],"version-history":[{"count":2,"href":"https:\/\/www.albadelakhar.ly\/fr\/wp-json\/wp\/v2\/pages\/9117\/revisions"}],"predecessor-version":[{"id":9119,"href":"https:\/\/www.albadelakhar.ly\/fr\/wp-json\/wp\/v2\/pages\/9117\/revisions\/9119"}],"up":[{"embeddable":true,"href":"https:\/\/www.albadelakhar.ly\/fr\/wp-json\/wp\/v2\/pages\/9053"}],"wp:attachment":[{"href":"https:\/\/www.albadelakhar.ly\/fr\/wp-json\/wp\/v2\/media?parent=9117"}],"curies":[{"name":"wp","href":"https:\/\/api.w.org\/{rel}","templated":true}]}}