{"id":9125,"date":"2023-12-18T14:05:32","date_gmt":"2023-12-18T14:05:32","guid":{"rendered":"https:\/\/www.albadelakhar.ly\/?page_id=9125"},"modified":"2023-12-18T14:05:32","modified_gmt":"2023-12-18T14:05:32","slug":"filtres-a-air","status":"publish","type":"page","link":"https:\/\/www.albadelakhar.ly\/fr\/nos-produits\/filtres-a-air\/","title":{"rendered":"Filtres \u00e0 air"},"content":{"rendered":"<section class=\"wpb-content-wrapper\"><p>[vc_row full_width=&#8221;stretch_row&#8221; video_bg=&#8221;yes&#8221; video_bg_url=&#8221;&#8221; kd_image_overlay_color=&#8221;rgba(11,35,65,0.63)&#8221; kd_image_overlay=&#8221;true&#8221; css=&#8221;.vc_custom_1702571691149{padding-top: 160px !important;padding-bottom: 120px !important;background-image: url(https:\/\/www.albadelakhar.ly\/wp-content\/uploads\/2023\/12\/11conduites-acier-cables-dans-usine-8-min-1.jpg?id=7729) !important;}&#8221;][vc_column css=&#8221;.vc_custom_1513003956648{padding-top: 0px !important;}&#8221;][vc_row_inner][vc_column_inner width=&#8221;1\/6&#8243; css=&#8221;.vc_custom_1513004658055{padding-top: 50px !important;padding-left: 0px !important;}&#8221;][\/vc_column_inner][vc_column_inner width=&#8221;2\/3&#8243; css=&#8221;.vc_custom_1513008591637{padding-right: 0px !important;padding-left: 0px !important;}&#8221;]<div class=\"kd-text-rotator kd-rotatorid-69f40c10db845 text-center  \"><div class=\"kd-text-rotator-container\"><h2 class=\"rotator-single kd-rotator-item-1 last\" style=\"transition: all 0.5s 0.5s; color: #ffffff; font-size: 60px;\">Filtres \u00e0 air<\/h2><\/div><\/div>[\/vc_column_inner][vc_column_inner width=&#8221;1\/6&#8243;][\/vc_column_inner][\/vc_row_inner][\/vc_column][\/vc_row][vc_row full_width=&#8221;stretch_row_content&#8221; css=&#8221;.vc_custom_1702572214377{background-color: #f5f5f5 !important;}&#8221;][vc_column width=&#8221;1\/6&#8243;][\/vc_column][vc_column width=&#8221;2\/3&#8243;][vc_empty_space][vc_custom_heading text=&#8221;Filtres \u00e0 air d&#8217;Atlas Copco&#8221; font_container=&#8221;tag:h2|text_align:left|color:%2300adf1&#8243; use_theme_fonts=&#8221;yes&#8221;][vc_column_text]<\/p>\n<p style=\"text-align: left;\">Bien que l&#8217;utilisation de s\u00e9choirs puisse vous aider \u00e0 \u00e9liminer la vapeur d&#8217;eau de la source d&#8217;air comprim\u00e9, vous devez toujours \u00e9liminer d&#8217;autres contaminants tels que les particules solides et les r\u00e9sidus d&#8217;huile.<br \/>\nL&#8217;autre alternative vous propose une vari\u00e9t\u00e9 de filtres plus efficaces pour obtenir la qualit\u00e9 de l&#8217;air que vous souhaitez atteindre et adapt\u00e9s \u00e0 vos besoins.<\/p>\n<p>[\/vc_column_text][vc_empty_space][\/vc_column][vc_column width=&#8221;1\/6&#8243;][\/vc_column][\/vc_row][vc_row full_width=&#8221;stretch_row_content&#8221; css=&#8221;.vc_custom_1702572379275{background-color: #f5f5f5 !important;}&#8221;][vc_column][vc_empty_space height=&#8221;42px&#8221;]<div class=\"woocommerce columns-4 \"><ul class=\"products columns-4\">\n\n<li class=\"woo-detailed-style product type-product post-9046 status-publish first instock product_cat-filtres-a-air product_cat-secheurs-dair-et-filtres product_cat-uncategorized-fr has-post-thumbnail shipping-taxable product-type-simple\">\n\t<div class=\"woo-entry-image\"><\/div><div class=\"woo-entry-wrapper\"><\/div><\/li>\n\n<li class=\"woo-detailed-style product type-product post-9037 status-publish instock product_cat-filtres-a-air product_cat-secheurs-dair-et-filtres has-post-thumbnail shipping-taxable product-type-simple\">\n\t<div class=\"woo-entry-image\"><\/div><div class=\"woo-entry-wrapper\"><\/div><\/li>\n<\/ul>\n<\/div>[\/vc_column][\/vc_row][vc_row full_width=&#8221;stretch_row_content&#8221; css=&#8221;.vc_custom_1702572214377{background-color: #f5f5f5 !important;}&#8221;][vc_column width=&#8221;1\/6&#8243;][\/vc_column][vc_column width=&#8221;2\/3&#8243;][vc_empty_space][vc_custom_heading text=&#8221;Pourquoi choisir les filtres Atlas Copco d&#8217;une autre entreprise alternative\u00a0?&#8221; font_container=&#8221;tag:h2|text_align:left|color:%2300adf1&#8243; use_theme_fonts=&#8221;yes&#8221;][vc_column_text]<\/p>\n<ul>\n<li style=\"text-align: left;\"><strong>Assurer un air pur<\/strong><br \/>\nLes composants en fibres des filtres garantissent une efficacit\u00e9 maximale et \u00e9lev\u00e9e dans l\u2019\u00e9limination des brouillards d\u2019huile et de la poussi\u00e8re humide ainsi que dans la filtration et le drainage des gouttelettes d\u2019eau.<\/li>\n<li style=\"text-align: left;\"><strong>\u00e9conomiser l&#8217;<\/strong><b>\u00e9nergie<\/b><br \/>\nLa conception optimis\u00e9e de nos filtres \u00e0 air comprim\u00e9 minimise les chutes de pression tout en r\u00e9duisant les co\u00fbts d&#8217;exploitation.<\/li>\n<li style=\"text-align: left;\"><strong>Entretien \u00e0 faible co\u00fbt<\/strong><br \/>\nLa maintenance des filtres Atlas Copco est devenue plus facile gr\u00e2ce \u00e0 leur composition unique et leur conception simple, qui r\u00e9duisent les co\u00fbts sans aucune interruption de la production d&#8217;air pendant la maintenance.<\/li>\n<li style=\"text-align: left;\"><strong>haute performance<\/strong><br \/>\nLes mat\u00e9riaux \u00e0 partir desquels les filtres sont fabriqu\u00e9s ont \u00e9t\u00e9 soigneusement s\u00e9lectionn\u00e9s en termes de r\u00e9sistance \u00e0 la rouille et \u00e0 la corrosion, en plus de la conception unique du couvercle \u00e9poxy scell\u00e9 et des surfaces filtrantes r\u00e9sistantes \u00e0 la corrosion, pour garantir des niveaux \u00e9lev\u00e9s de performance et de fiabilit\u00e9.<\/li>\n<\/ul>\n<p>[\/vc_column_text][vc_empty_space][\/vc_column][vc_column width=&#8221;1\/6&#8243;][\/vc_column][\/vc_row]<\/p>\n<\/section>","protected":false},"excerpt":{"rendered":"<p>[vc_row full_width=&#8221;stretch_row&#8221; video_bg=&#8221;yes&#8221; video_bg_url=&#8221;&#8221; kd_image_overlay_color=&#8221;rgba(11,35,65,0.63)&#8221; kd_image_overlay=&#8221;true&#8221; css=&#8221;.vc_custom_1702571691149{padding-top: 160px !important;padding-bottom: 120px !important;background-image: url(https:\/\/www.albadelakhar.ly\/wp-content\/uploads\/2023\/12\/11conduites-acier-cables-dans-usine-8-min-1.jpg?id=7729) !important;}&#8221;][vc_column css=&#8221;.vc_custom_1513003956648{padding-top: 0px !important;}&#8221;][vc_row_inner][vc_column_inner width=&#8221;1\/6&#8243; css=&#8221;.vc_custom_1513004658055{padding-top: 50px !important;padding-left: [&hellip;]<\/p>\n","protected":false},"author":2,"featured_media":0,"parent":9053,"menu_order":0,"comment_status":"closed","ping_status":"closed","template":"","meta":{"footnotes":""},"class_list":["post-9125","page","type-page","status-publish","hentry"],"yoast_head":"<!-- This site is optimized with the Yoast SEO plugin v22.0 - https:\/\/yoast.com\/wordpress\/plugins\/seo\/ -->\n<title>Filtres \u00e0 air | Atlas Copco<\/title>\n<meta name=\"description\" content=\"Bien que l&#039;utilisation de s\u00e9choirs puisse vous aider \u00e0 \u00e9liminer la vapeur d&#039;eau de la source d&#039;air comprim\u00e9, vous devez toujours \u00e9liminer d&#039;autres\" \/>\n<meta name=\"robots\" content=\"index, follow, max-snippet:-1, max-image-preview:large, max-video-preview:-1\" \/>\n<link rel=\"canonical\" href=\"https:\/\/www.albadelakhar.ly\/fr\/nos-produits\/filtres-a-air\/\" \/>\n<meta property=\"og:locale\" content=\"fr_FR\" \/>\n<meta property=\"og:type\" content=\"article\" \/>\n<meta property=\"og:title\" content=\"Filtres \u00e0 air | Atlas Copco\" \/>\n<meta property=\"og:description\" content=\"Bien que l&#039;utilisation de s\u00e9choirs puisse vous aider \u00e0 \u00e9liminer la vapeur d&#039;eau de la source d&#039;air comprim\u00e9, vous devez toujours \u00e9liminer d&#039;autres\" \/>\n<meta property=\"og:url\" content=\"https:\/\/www.albadelakhar.ly\/fr\/nos-produits\/filtres-a-air\/\" \/>\n<meta property=\"og:site_name\" content=\"Atlas Copco\" \/>\n<meta name=\"twitter:card\" content=\"summary_large_image\" \/>\n<meta name=\"twitter:label1\" content=\"Dur\u00e9e de lecture estim\u00e9e\" \/>\n\t<meta name=\"twitter:data1\" content=\"3 minutes\" \/>\n<script type=\"application\/ld+json\" class=\"yoast-schema-graph\">{\"@context\":\"https:\/\/schema.org\",\"@graph\":[{\"@type\":\"WebPage\",\"@id\":\"https:\/\/www.albadelakhar.ly\/fr\/nos-produits\/filtres-a-air\/\",\"url\":\"https:\/\/www.albadelakhar.ly\/fr\/nos-produits\/filtres-a-air\/\",\"name\":\"Filtres \u00e0 air | Atlas Copco\",\"isPartOf\":{\"@id\":\"https:\/\/www.albadelakhar.ly\/#website\"},\"datePublished\":\"2023-12-18T14:05:32+00:00\",\"dateModified\":\"2023-12-18T14:05:32+00:00\",\"description\":\"Bien que l'utilisation de s\u00e9choirs puisse vous aider \u00e0 \u00e9liminer la vapeur d'eau de la source d'air comprim\u00e9, vous devez toujours \u00e9liminer d'autres\",\"breadcrumb\":{\"@id\":\"https:\/\/www.albadelakhar.ly\/fr\/nos-produits\/filtres-a-air\/#breadcrumb\"},\"inLanguage\":\"fr-FR\",\"potentialAction\":[{\"@type\":\"ReadAction\",\"target\":[\"https:\/\/www.albadelakhar.ly\/fr\/nos-produits\/filtres-a-air\/\"]}]},{\"@type\":\"BreadcrumbList\",\"@id\":\"https:\/\/www.albadelakhar.ly\/fr\/nos-produits\/filtres-a-air\/#breadcrumb\",\"itemListElement\":[{\"@type\":\"ListItem\",\"position\":1,\"name\":\"Accueil\",\"item\":\"https:\/\/www.albadelakhar.ly\/fr\/\"},{\"@type\":\"ListItem\",\"position\":2,\"name\":\"Nos produits\",\"item\":\"https:\/\/www.albadelakhar.ly\/fr\/nos-produits\/\"},{\"@type\":\"ListItem\",\"position\":3,\"name\":\"Filtres \u00e0 air\"}]},{\"@type\":\"WebSite\",\"@id\":\"https:\/\/www.albadelakhar.ly\/#website\",\"url\":\"https:\/\/www.albadelakhar.ly\/\",\"name\":\"Atlas Copco\",\"description\":\"Albadel Akhar Co.\",\"potentialAction\":[{\"@type\":\"SearchAction\",\"target\":{\"@type\":\"EntryPoint\",\"urlTemplate\":\"https:\/\/www.albadelakhar.ly\/?s={search_term_string}\"},\"query-input\":\"required name=search_term_string\"}],\"inLanguage\":\"fr-FR\"}]}<\/script>\n<!-- \/ Yoast SEO plugin. -->","yoast_head_json":{"title":"Filtres \u00e0 air | Atlas Copco","description":"Bien que l'utilisation de s\u00e9choirs puisse vous aider \u00e0 \u00e9liminer la vapeur d'eau de la source d'air comprim\u00e9, vous devez toujours \u00e9liminer d'autres","robots":{"index":"index","follow":"follow","max-snippet":"max-snippet:-1","max-image-preview":"max-image-preview:large","max-video-preview":"max-video-preview:-1"},"canonical":"https:\/\/www.albadelakhar.ly\/fr\/nos-produits\/filtres-a-air\/","og_locale":"fr_FR","og_type":"article","og_title":"Filtres \u00e0 air | Atlas Copco","og_description":"Bien que l'utilisation de s\u00e9choirs puisse vous aider \u00e0 \u00e9liminer la vapeur d'eau de la source d'air comprim\u00e9, vous devez toujours \u00e9liminer d'autres","og_url":"https:\/\/www.albadelakhar.ly\/fr\/nos-produits\/filtres-a-air\/","og_site_name":"Atlas Copco","twitter_card":"summary_large_image","twitter_misc":{"Dur\u00e9e de lecture estim\u00e9e":"3 minutes"},"schema":{"@context":"https:\/\/schema.org","@graph":[{"@type":"WebPage","@id":"https:\/\/www.albadelakhar.ly\/fr\/nos-produits\/filtres-a-air\/","url":"https:\/\/www.albadelakhar.ly\/fr\/nos-produits\/filtres-a-air\/","name":"Filtres \u00e0 air | Atlas Copco","isPartOf":{"@id":"https:\/\/www.albadelakhar.ly\/#website"},"datePublished":"2023-12-18T14:05:32+00:00","dateModified":"2023-12-18T14:05:32+00:00","description":"Bien que l'utilisation de s\u00e9choirs puisse vous aider \u00e0 \u00e9liminer la vapeur d'eau de la source d'air comprim\u00e9, vous devez toujours \u00e9liminer d'autres","breadcrumb":{"@id":"https:\/\/www.albadelakhar.ly\/fr\/nos-produits\/filtres-a-air\/#breadcrumb"},"inLanguage":"fr-FR","potentialAction":[{"@type":"ReadAction","target":["https:\/\/www.albadelakhar.ly\/fr\/nos-produits\/filtres-a-air\/"]}]},{"@type":"BreadcrumbList","@id":"https:\/\/www.albadelakhar.ly\/fr\/nos-produits\/filtres-a-air\/#breadcrumb","itemListElement":[{"@type":"ListItem","position":1,"name":"Accueil","item":"https:\/\/www.albadelakhar.ly\/fr\/"},{"@type":"ListItem","position":2,"name":"Nos produits","item":"https:\/\/www.albadelakhar.ly\/fr\/nos-produits\/"},{"@type":"ListItem","position":3,"name":"Filtres \u00e0 air"}]},{"@type":"WebSite","@id":"https:\/\/www.albadelakhar.ly\/#website","url":"https:\/\/www.albadelakhar.ly\/","name":"Atlas Copco","description":"Albadel Akhar Co.","potentialAction":[{"@type":"SearchAction","target":{"@type":"EntryPoint","urlTemplate":"https:\/\/www.albadelakhar.ly\/?s={search_term_string}"},"query-input":"required name=search_term_string"}],"inLanguage":"fr-FR"}]}},"_links":{"self":[{"href":"https:\/\/www.albadelakhar.ly\/fr\/wp-json\/wp\/v2\/pages\/9125","targetHints":{"allow":["GET"]}}],"collection":[{"href":"https:\/\/www.albadelakhar.ly\/fr\/wp-json\/wp\/v2\/pages"}],"about":[{"href":"https:\/\/www.albadelakhar.ly\/fr\/wp-json\/wp\/v2\/types\/page"}],"author":[{"embeddable":true,"href":"https:\/\/www.albadelakhar.ly\/fr\/wp-json\/wp\/v2\/users\/2"}],"replies":[{"embeddable":true,"href":"https:\/\/www.albadelakhar.ly\/fr\/wp-json\/wp\/v2\/comments?post=9125"}],"version-history":[{"count":1,"href":"https:\/\/www.albadelakhar.ly\/fr\/wp-json\/wp\/v2\/pages\/9125\/revisions"}],"predecessor-version":[{"id":9127,"href":"https:\/\/www.albadelakhar.ly\/fr\/wp-json\/wp\/v2\/pages\/9125\/revisions\/9127"}],"up":[{"embeddable":true,"href":"https:\/\/www.albadelakhar.ly\/fr\/wp-json\/wp\/v2\/pages\/9053"}],"wp:attachment":[{"href":"https:\/\/www.albadelakhar.ly\/fr\/wp-json\/wp\/v2\/media?parent=9125"}],"curies":[{"name":"wp","href":"https:\/\/api.w.org\/{rel}","templated":true}]}}