{"id":9128,"date":"2023-12-18T14:11:05","date_gmt":"2023-12-18T14:11:05","guid":{"rendered":"https:\/\/www.albadelakhar.ly\/?page_id=9128"},"modified":"2023-12-18T14:11:05","modified_gmt":"2023-12-18T14:11:05","slug":"equipements-mobiles-et-compresseurs","status":"publish","type":"page","link":"https:\/\/www.albadelakhar.ly\/fr\/nos-produits\/equipements-mobiles-et-compresseurs\/","title":{"rendered":"\u00c9quipements mobiles et compresseurs"},"content":{"rendered":"<section class=\"wpb-content-wrapper\"><p>[vc_row full_width=&#8221;stretch_row&#8221; video_bg=&#8221;yes&#8221; video_bg_url=&#8221;&#8221; kd_image_overlay_color=&#8221;rgba(11,35,65,0.68)&#8221; kd_image_overlay=&#8221;true&#8221; css=&#8221;.vc_custom_1702637007432{padding-top: 140px !important;padding-bottom: 140px !important;background-image: url(https:\/\/www.albadelakhar.ly\/wp-content\/uploads\/2023\/12\/XAS-48-RTEX-8-compressor-Series-application-square-min.jpg?id=8773) !important;}&#8221;][vc_column css=&#8221;.vc_custom_1513003956648{padding-top: 0px !important;}&#8221;][vc_row_inner][vc_column_inner width=&#8221;1\/6&#8243; css=&#8221;.vc_custom_1513004658055{padding-top: 50px !important;padding-left: 0px !important;}&#8221;][\/vc_column_inner][vc_column_inner width=&#8221;2\/3&#8243; css=&#8221;.vc_custom_1513008591637{padding-right: 0px !important;padding-left: 0px !important;}&#8221;]<div class=\"kd-text-rotator kd-rotatorid-69f40c128609a text-center  \"><div class=\"kd-text-rotator-container\"><h2 class=\"rotator-single kd-rotator-item-1 last\" style=\"transition: all 0.5s 0.5s; color: #ffffff; font-size: 60px;\">\u00c9quipements mobiles et compresseurs<\/h2><\/div><\/div>[\/vc_column_inner][vc_column_inner width=&#8221;1\/6&#8243;][\/vc_column_inner][\/vc_row_inner][\/vc_column][\/vc_row][vc_row full_width=&#8221;stretch_row_content&#8221; css=&#8221;.vc_custom_1702572214377{background-color: #f5f5f5 !important;}&#8221;][vc_column width=&#8221;1\/6&#8243;][\/vc_column][vc_column width=&#8221;2\/3&#8243;][vc_empty_space][vc_custom_heading text=&#8221;\u00c9quipements mobiles et compresseurs d&#8217;Atlas Copco&#8221; font_container=&#8221;tag:h2|text_align:left|color:%2300adf1&#8243; use_theme_fonts=&#8221;yes&#8221;][vc_column_text]<\/p>\n<p style=\"text-align: justify;\">L&#8217;autre alternative propose des produits dans le domaine du b\u00e2timent et des travaux \u00e9nerg\u00e9tiques, tels que des compresseurs canalis\u00e9s, des pompes et des m\u00e2ts d&#8217;\u00e9clairage mobiles, en plus de nombreux produits compl\u00e9mentaires. Elle fournit des solutions de production durables \u00e0 de nombreuses industries, notamment la construction, la fabrication, le p\u00e9trole et le gaz, ainsi que l&#8217;exploration et l&#8217;exploration.<\/p>\n<p>[\/vc_column_text][vc_empty_space][\/vc_column][vc_column width=&#8221;1\/6&#8243;][\/vc_column][\/vc_row][vc_row full_width=&#8221;stretch_row&#8221; css=&#8221;.vc_custom_1702626639700{background-color: #f5f5f5 !important;}&#8221;][vc_column][vc_empty_space height=&#8221;42px&#8221;]<div class=\"woocommerce columns-3\"><ul class=\"products columns-3\">\n<li class=\"product-category product first\">\n\t<\/li>\n<li class=\"product-category product\">\n\t<\/li>\n<\/ul>\n<\/div>[\/vc_column][\/vc_row][vc_row full_width=&#8221;stretch_row_content&#8221; css=&#8221;.vc_custom_1702572214377{background-color: #f5f5f5 !important;}&#8221;][vc_column width=&#8221;1\/6&#8243;][\/vc_column][vc_column width=&#8221;2\/3&#8243;][vc_empty_space][vc_custom_heading text=&#8221;Pourquoi choisir les compresseurs canalis\u00e9s de la soci\u00e9t\u00e9 Albadel Akhar Co.\u00a0?&#8221; font_container=&#8221;tag:h2|text_align:left|color:%2300adf1&#8243; use_theme_fonts=&#8221;yes&#8221;][vc_column_text]<\/p>\n<ul>\n<li style=\"text-align: left;\"><strong>Con\u00e7u pour vos besoins<\/strong><br \/>\nLes produits Atlas Copco sont les seuls \u00e0 vous proposer des compresseurs canalis\u00e9s et des tours d&#8217;\u00e9clairage dot\u00e9s de la plus large gamme d&#8217;options et de fonctionnalit\u00e9s adapt\u00e9es \u00e0 votre entreprise.<\/li>\n<li style=\"text-align: left;\"><strong>Haute performance<\/strong><br \/>\nNos compresseurs d&#8217;air remorqu\u00e9s sont faciles \u00e0 utiliser, tr\u00e8s efficaces et l\u00e9gers par rapport aux autres compresseurs.<\/li>\n<li style=\"text-align: left;\"><strong>Votre compagnon partout<\/strong><br \/>\nVous pouvez choisir le compresseur adapt\u00e9 \u00e0 vos besoins, de petite \u00e0 moyenne \u00e0 grande taille, qui sera votre principal compagnon dans tout projet que vous entreprenez avec votre \u00e9quipement de travail, car nos \u00e9quipements tract\u00e9s ont \u00e9t\u00e9 am\u00e9lior\u00e9s et d\u00e9velopp\u00e9s pour se caract\u00e9riser par des performances \u00e9lev\u00e9es. des performances de qualit\u00e9 et une facilit\u00e9 de transport et de traction avec votre propre v\u00e9hicule jusqu&#8217;\u00e0 votre chantier.<\/li>\n<\/ul>\n<p>[\/vc_column_text][vc_empty_space][\/vc_column][vc_column width=&#8221;1\/6&#8243;][\/vc_column][\/vc_row]<\/p>\n<\/section>","protected":false},"excerpt":{"rendered":"<p>[vc_row full_width=&#8221;stretch_row&#8221; video_bg=&#8221;yes&#8221; video_bg_url=&#8221;&#8221; kd_image_overlay_color=&#8221;rgba(11,35,65,0.68)&#8221; kd_image_overlay=&#8221;true&#8221; css=&#8221;.vc_custom_1702637007432{padding-top: 140px !important;padding-bottom: 140px !important;background-image: url(https:\/\/www.albadelakhar.ly\/wp-content\/uploads\/2023\/12\/XAS-48-RTEX-8-compressor-Series-application-square-min.jpg?id=8773) !important;}&#8221;][vc_column css=&#8221;.vc_custom_1513003956648{padding-top: 0px !important;}&#8221;][vc_row_inner][vc_column_inner width=&#8221;1\/6&#8243; css=&#8221;.vc_custom_1513004658055{padding-top: 50px !important;padding-left: [&hellip;]<\/p>\n","protected":false},"author":2,"featured_media":0,"parent":9053,"menu_order":0,"comment_status":"closed","ping_status":"closed","template":"","meta":{"footnotes":""},"class_list":["post-9128","page","type-page","status-publish","hentry"],"yoast_head":"<!-- This site is optimized with the Yoast SEO plugin v22.0 - https:\/\/yoast.com\/wordpress\/plugins\/seo\/ -->\n<title>\u00c9quipements mobiles et compresseurs | Atlas Copco<\/title>\n<meta name=\"description\" content=\"L&#039;autre alternative propose des produits dans le domaine du b\u00e2timent et des travaux \u00e9nerg\u00e9tiques, tels que des compresseurs canalis\u00e9s, des pompes et des\" \/>\n<meta name=\"robots\" content=\"index, follow, max-snippet:-1, max-image-preview:large, max-video-preview:-1\" \/>\n<link rel=\"canonical\" href=\"https:\/\/www.albadelakhar.ly\/fr\/nos-produits\/equipements-mobiles-et-compresseurs\/\" \/>\n<meta property=\"og:locale\" content=\"fr_FR\" \/>\n<meta property=\"og:type\" content=\"article\" \/>\n<meta property=\"og:title\" content=\"\u00c9quipements mobiles et compresseurs | Atlas Copco\" \/>\n<meta property=\"og:description\" content=\"L&#039;autre alternative propose des produits dans le domaine du b\u00e2timent et des travaux \u00e9nerg\u00e9tiques, tels que des compresseurs canalis\u00e9s, des pompes et des\" \/>\n<meta property=\"og:url\" content=\"https:\/\/www.albadelakhar.ly\/fr\/nos-produits\/equipements-mobiles-et-compresseurs\/\" \/>\n<meta property=\"og:site_name\" content=\"Atlas Copco\" \/>\n<meta name=\"twitter:card\" content=\"summary_large_image\" \/>\n<meta name=\"twitter:label1\" content=\"Dur\u00e9e de lecture estim\u00e9e\" \/>\n\t<meta name=\"twitter:data1\" content=\"3 minutes\" \/>\n<script type=\"application\/ld+json\" class=\"yoast-schema-graph\">{\"@context\":\"https:\/\/schema.org\",\"@graph\":[{\"@type\":\"WebPage\",\"@id\":\"https:\/\/www.albadelakhar.ly\/fr\/nos-produits\/equipements-mobiles-et-compresseurs\/\",\"url\":\"https:\/\/www.albadelakhar.ly\/fr\/nos-produits\/equipements-mobiles-et-compresseurs\/\",\"name\":\"\u00c9quipements mobiles et compresseurs | Atlas Copco\",\"isPartOf\":{\"@id\":\"https:\/\/www.albadelakhar.ly\/#website\"},\"datePublished\":\"2023-12-18T14:11:05+00:00\",\"dateModified\":\"2023-12-18T14:11:05+00:00\",\"description\":\"L'autre alternative propose des produits dans le domaine du b\u00e2timent et des travaux \u00e9nerg\u00e9tiques, tels que des compresseurs canalis\u00e9s, des pompes et des\",\"breadcrumb\":{\"@id\":\"https:\/\/www.albadelakhar.ly\/fr\/nos-produits\/equipements-mobiles-et-compresseurs\/#breadcrumb\"},\"inLanguage\":\"fr-FR\",\"potentialAction\":[{\"@type\":\"ReadAction\",\"target\":[\"https:\/\/www.albadelakhar.ly\/fr\/nos-produits\/equipements-mobiles-et-compresseurs\/\"]}]},{\"@type\":\"BreadcrumbList\",\"@id\":\"https:\/\/www.albadelakhar.ly\/fr\/nos-produits\/equipements-mobiles-et-compresseurs\/#breadcrumb\",\"itemListElement\":[{\"@type\":\"ListItem\",\"position\":1,\"name\":\"Accueil\",\"item\":\"https:\/\/www.albadelakhar.ly\/fr\/\"},{\"@type\":\"ListItem\",\"position\":2,\"name\":\"Nos produits\",\"item\":\"https:\/\/www.albadelakhar.ly\/fr\/nos-produits\/\"},{\"@type\":\"ListItem\",\"position\":3,\"name\":\"\u00c9quipements mobiles et compresseurs\"}]},{\"@type\":\"WebSite\",\"@id\":\"https:\/\/www.albadelakhar.ly\/#website\",\"url\":\"https:\/\/www.albadelakhar.ly\/\",\"name\":\"Atlas Copco\",\"description\":\"Albadel Akhar Co.\",\"potentialAction\":[{\"@type\":\"SearchAction\",\"target\":{\"@type\":\"EntryPoint\",\"urlTemplate\":\"https:\/\/www.albadelakhar.ly\/?s={search_term_string}\"},\"query-input\":\"required name=search_term_string\"}],\"inLanguage\":\"fr-FR\"}]}<\/script>\n<!-- \/ Yoast SEO plugin. -->","yoast_head_json":{"title":"\u00c9quipements mobiles et compresseurs | Atlas Copco","description":"L'autre alternative propose des produits dans le domaine du b\u00e2timent et des travaux \u00e9nerg\u00e9tiques, tels que des compresseurs canalis\u00e9s, des pompes et des","robots":{"index":"index","follow":"follow","max-snippet":"max-snippet:-1","max-image-preview":"max-image-preview:large","max-video-preview":"max-video-preview:-1"},"canonical":"https:\/\/www.albadelakhar.ly\/fr\/nos-produits\/equipements-mobiles-et-compresseurs\/","og_locale":"fr_FR","og_type":"article","og_title":"\u00c9quipements mobiles et compresseurs | Atlas Copco","og_description":"L'autre alternative propose des produits dans le domaine du b\u00e2timent et des travaux \u00e9nerg\u00e9tiques, tels que des compresseurs canalis\u00e9s, des pompes et des","og_url":"https:\/\/www.albadelakhar.ly\/fr\/nos-produits\/equipements-mobiles-et-compresseurs\/","og_site_name":"Atlas Copco","twitter_card":"summary_large_image","twitter_misc":{"Dur\u00e9e de lecture estim\u00e9e":"3 minutes"},"schema":{"@context":"https:\/\/schema.org","@graph":[{"@type":"WebPage","@id":"https:\/\/www.albadelakhar.ly\/fr\/nos-produits\/equipements-mobiles-et-compresseurs\/","url":"https:\/\/www.albadelakhar.ly\/fr\/nos-produits\/equipements-mobiles-et-compresseurs\/","name":"\u00c9quipements mobiles et compresseurs | Atlas Copco","isPartOf":{"@id":"https:\/\/www.albadelakhar.ly\/#website"},"datePublished":"2023-12-18T14:11:05+00:00","dateModified":"2023-12-18T14:11:05+00:00","description":"L'autre alternative propose des produits dans le domaine du b\u00e2timent et des travaux \u00e9nerg\u00e9tiques, tels que des compresseurs canalis\u00e9s, des pompes et des","breadcrumb":{"@id":"https:\/\/www.albadelakhar.ly\/fr\/nos-produits\/equipements-mobiles-et-compresseurs\/#breadcrumb"},"inLanguage":"fr-FR","potentialAction":[{"@type":"ReadAction","target":["https:\/\/www.albadelakhar.ly\/fr\/nos-produits\/equipements-mobiles-et-compresseurs\/"]}]},{"@type":"BreadcrumbList","@id":"https:\/\/www.albadelakhar.ly\/fr\/nos-produits\/equipements-mobiles-et-compresseurs\/#breadcrumb","itemListElement":[{"@type":"ListItem","position":1,"name":"Accueil","item":"https:\/\/www.albadelakhar.ly\/fr\/"},{"@type":"ListItem","position":2,"name":"Nos produits","item":"https:\/\/www.albadelakhar.ly\/fr\/nos-produits\/"},{"@type":"ListItem","position":3,"name":"\u00c9quipements mobiles et compresseurs"}]},{"@type":"WebSite","@id":"https:\/\/www.albadelakhar.ly\/#website","url":"https:\/\/www.albadelakhar.ly\/","name":"Atlas Copco","description":"Albadel Akhar Co.","potentialAction":[{"@type":"SearchAction","target":{"@type":"EntryPoint","urlTemplate":"https:\/\/www.albadelakhar.ly\/?s={search_term_string}"},"query-input":"required name=search_term_string"}],"inLanguage":"fr-FR"}]}},"_links":{"self":[{"href":"https:\/\/www.albadelakhar.ly\/fr\/wp-json\/wp\/v2\/pages\/9128","targetHints":{"allow":["GET"]}}],"collection":[{"href":"https:\/\/www.albadelakhar.ly\/fr\/wp-json\/wp\/v2\/pages"}],"about":[{"href":"https:\/\/www.albadelakhar.ly\/fr\/wp-json\/wp\/v2\/types\/page"}],"author":[{"embeddable":true,"href":"https:\/\/www.albadelakhar.ly\/fr\/wp-json\/wp\/v2\/users\/2"}],"replies":[{"embeddable":true,"href":"https:\/\/www.albadelakhar.ly\/fr\/wp-json\/wp\/v2\/comments?post=9128"}],"version-history":[{"count":1,"href":"https:\/\/www.albadelakhar.ly\/fr\/wp-json\/wp\/v2\/pages\/9128\/revisions"}],"predecessor-version":[{"id":9130,"href":"https:\/\/www.albadelakhar.ly\/fr\/wp-json\/wp\/v2\/pages\/9128\/revisions\/9130"}],"up":[{"embeddable":true,"href":"https:\/\/www.albadelakhar.ly\/fr\/wp-json\/wp\/v2\/pages\/9053"}],"wp:attachment":[{"href":"https:\/\/www.albadelakhar.ly\/fr\/wp-json\/wp\/v2\/media?parent=9128"}],"curies":[{"name":"wp","href":"https:\/\/api.w.org\/{rel}","templated":true}]}}