{"id":9132,"date":"2023-12-18T14:14:28","date_gmt":"2023-12-18T14:14:28","guid":{"rendered":"https:\/\/www.albadelakhar.ly\/?page_id=9132"},"modified":"2023-12-18T14:14:28","modified_gmt":"2023-12-18T14:14:28","slug":"generateurs-de-gaz","status":"publish","type":"page","link":"https:\/\/www.albadelakhar.ly\/fr\/nos-produits\/generateurs-de-gaz\/","title":{"rendered":"G\u00e9n\u00e9rateurs de gaz"},"content":{"rendered":"<section class=\"wpb-content-wrapper\"><p>[vc_row full_width=&#8221;stretch_row&#8221; video_bg=&#8221;yes&#8221; video_bg_url=&#8221;&#8221; kd_image_overlay_color=&#8221;rgba(11,35,65,0.68)&#8221; kd_image_overlay=&#8221;true&#8221; css=&#8221;.vc_custom_1702646060803{padding-top: 140px !important;padding-bottom: 140px !important;background-image: url(https:\/\/www.albadelakhar.ly\/wp-content\/uploads\/2023\/12\/Atlas-Copco-nitrogen-generators-for-continuous-reliable-flexible-and-cost-effective-onsite-supply-1920&#215;1357-min.jpg?id=8801) !important;}&#8221;][vc_column css=&#8221;.vc_custom_1513003956648{padding-top: 0px !important;}&#8221;][vc_row_inner][vc_column_inner width=&#8221;1\/6&#8243; css=&#8221;.vc_custom_1513004658055{padding-top: 50px !important;padding-left: 0px !important;}&#8221;][\/vc_column_inner][vc_column_inner width=&#8221;2\/3&#8243; css=&#8221;.vc_custom_1513008591637{padding-right: 0px !important;padding-left: 0px !important;}&#8221;]<div class=\"kd-text-rotator kd-rotatorid-69e1e634f1aef text-center  \"><div class=\"kd-text-rotator-container\"><h2 class=\"rotator-single kd-rotator-item-1 last\" style=\"transition: all 0.5s 0.5s; color: #ffffff; font-size: 60px;\">G\u00e9n\u00e9rateurs de gaz<\/h2><\/div><\/div>[\/vc_column_inner][vc_column_inner width=&#8221;1\/6&#8243;][\/vc_column_inner][\/vc_row_inner][\/vc_column][\/vc_row][vc_row full_width=&#8221;stretch_row_content&#8221; css=&#8221;.vc_custom_1702572214377{background-color: #f5f5f5 !important;}&#8221;][vc_column width=&#8221;1\/6&#8243;][\/vc_column][vc_column width=&#8221;2\/3&#8243;][vc_empty_space][vc_custom_heading text=&#8221;G\u00e9n\u00e9rateurs de gaz d&#8217;Atlas Copco&#8221; font_container=&#8221;tag:h2|text_align:left|color:%2300adf1&#8243; use_theme_fonts=&#8221;yes&#8221;][vc_column_text]<\/p>\n<p style=\"text-align: left;\">Notre large gamme de g\u00e9n\u00e9rateurs d\u2019oxyg\u00e8ne et d\u2019azote gazeux pr\u00e9sente des niveaux de puret\u00e9 \u00e9lev\u00e9s pour r\u00e9pondre \u00e0 tous vos besoins.<br \/>\nLa soci\u00e9t\u00e9 Albadel Akhar Co. le fournit, l&#8217;installe et l&#8217;entretient, ainsi que les \u00e9quipements d&#8217;air comprim\u00e9. Nous vous invitons \u00e0 d\u00e9couvrir toutes nos solutions concernant les g\u00e9n\u00e9rateurs d&#8217;oxyg\u00e8ne et d&#8217;azote et \u00e0 les conna\u00eetre de pr\u00e8s.<\/p>\n<p>[\/vc_column_text][vc_empty_space][\/vc_column][vc_column width=&#8221;1\/6&#8243;][\/vc_column][\/vc_row][vc_row full_width=&#8221;stretch_row&#8221; css=&#8221;.vc_custom_1702626639700{background-color: #f5f5f5 !important;}&#8221;][vc_column][vc_empty_space height=&#8221;42px&#8221;]<div class=\"woocommerce columns-3\"><ul class=\"products columns-3\">\n<li class=\"product-category product first\">\n\t<\/li>\n<li class=\"product-category product\">\n\t<\/li>\n<\/ul>\n<\/div>[\/vc_column][\/vc_row][vc_row full_width=&#8221;stretch_row_content&#8221; css=&#8221;.vc_custom_1702572214377{background-color: #f5f5f5 !important;}&#8221;][vc_column width=&#8221;1\/6&#8243;][\/vc_column][vc_column width=&#8221;2\/3&#8243;][vc_empty_space][vc_custom_heading text=&#8221;Pourquoi choisir les g\u00e9n\u00e9rateurs d&#8217;oxyg\u00e8ne et d&#8217;azote plut\u00f4t que d&#8217;autres alternatives\u00a0?&#8221; font_container=&#8221;tag:h2|text_align:left|color:%2300adf1&#8243; use_theme_fonts=&#8221;yes&#8221;][vc_column_text]<\/p>\n<ul>\n<li style=\"text-align: left;\"><strong>Un approvisionnement en gaz fiable<\/strong><br \/>\nVous pouvez cesser de d\u00e9pendre de fournisseurs tiers pour vous approvisionner en azote ou en oxyg\u00e8ne gazeux et le produire vous-m\u00eame \u00e0 l&#8217;aide de l&#8217;un de nos g\u00e9n\u00e9rateurs de gaz, vous fournissant ainsi du gaz 24 heures sur 24, 7 jours sur 7. Simple, fiable et con\u00e7u pour fonctionner m\u00eame dans les conditions les plus difficiles.<\/li>\n<li style=\"text-align: left;\"><strong>R\u00e9duction des co\u00fbts<\/strong><br \/>\nCr\u00e9er votre propre gaz sur place garantit le traitement, le remplissage et la livraison sans co\u00fbts prohibitifs. Vous pouvez limiter la possibilit\u00e9 d&#8217;arr\u00eater les travaux en raison du manque de gaz. Faibles co\u00fbts d\u2019exploitation pour des \u00e9conomies accrues<\/li>\n<li style=\"text-align: left;\"><strong>Facilit\u00e9 d&#8217;utilisation<\/strong><br \/>\nLes g\u00e9n\u00e9rateurs de gaz sont livr\u00e9s pr\u00eats \u00e0 l&#8217;emploi et \u00e0 fonctionner. Il suffit de les alimenter en air comprim\u00e9, ce qui \u00e9vite les processus d&#8217;installation co\u00fbteux et compliqu\u00e9s.<\/li>\n<\/ul>\n<p>[\/vc_column_text][vc_empty_space][\/vc_column][vc_column width=&#8221;1\/6&#8243;][\/vc_column][\/vc_row]<\/p>\n<\/section>","protected":false},"excerpt":{"rendered":"<p>[vc_row full_width=&#8221;stretch_row&#8221; video_bg=&#8221;yes&#8221; video_bg_url=&#8221;&#8221; kd_image_overlay_color=&#8221;rgba(11,35,65,0.68)&#8221; kd_image_overlay=&#8221;true&#8221; css=&#8221;.vc_custom_1702646060803{padding-top: 140px !important;padding-bottom: 140px !important;background-image: url(https:\/\/www.albadelakhar.ly\/wp-content\/uploads\/2023\/12\/Atlas-Copco-nitrogen-generators-for-continuous-reliable-flexible-and-cost-effective-onsite-supply-1920&#215;1357-min.jpg?id=8801) !important;}&#8221;][vc_column css=&#8221;.vc_custom_1513003956648{padding-top: 0px !important;}&#8221;][vc_row_inner][vc_column_inner width=&#8221;1\/6&#8243; css=&#8221;.vc_custom_1513004658055{padding-top: 50px !important;padding-left: [&hellip;]<\/p>\n","protected":false},"author":2,"featured_media":0,"parent":9053,"menu_order":0,"comment_status":"closed","ping_status":"closed","template":"","meta":{"footnotes":""},"class_list":["post-9132","page","type-page","status-publish","hentry"],"yoast_head":"<!-- This site is optimized with the Yoast SEO plugin v22.0 - https:\/\/yoast.com\/wordpress\/plugins\/seo\/ -->\n<title>G\u00e9n\u00e9rateurs de gaz | Atlas Copco<\/title>\n<meta name=\"description\" content=\"Notre large gamme de g\u00e9n\u00e9rateurs d\u2019oxyg\u00e8ne et d\u2019azote gazeux pr\u00e9sente des niveaux de puret\u00e9 \u00e9lev\u00e9s pour r\u00e9pondre \u00e0 tous vos besoins. La soci\u00e9t\u00e9 Albadel\" \/>\n<meta name=\"robots\" content=\"index, follow, max-snippet:-1, max-image-preview:large, max-video-preview:-1\" \/>\n<link rel=\"canonical\" href=\"https:\/\/www.albadelakhar.ly\/fr\/nos-produits\/generateurs-de-gaz\/\" \/>\n<meta property=\"og:locale\" content=\"fr_FR\" \/>\n<meta property=\"og:type\" content=\"article\" \/>\n<meta property=\"og:title\" content=\"G\u00e9n\u00e9rateurs de gaz | Atlas Copco\" \/>\n<meta property=\"og:description\" content=\"Notre large gamme de g\u00e9n\u00e9rateurs d\u2019oxyg\u00e8ne et d\u2019azote gazeux pr\u00e9sente des niveaux de puret\u00e9 \u00e9lev\u00e9s pour r\u00e9pondre \u00e0 tous vos besoins. La soci\u00e9t\u00e9 Albadel\" \/>\n<meta property=\"og:url\" content=\"https:\/\/www.albadelakhar.ly\/fr\/nos-produits\/generateurs-de-gaz\/\" \/>\n<meta property=\"og:site_name\" content=\"Atlas Copco\" \/>\n<meta name=\"twitter:card\" content=\"summary_large_image\" \/>\n<meta name=\"twitter:label1\" content=\"Dur\u00e9e de lecture estim\u00e9e\" \/>\n\t<meta name=\"twitter:data1\" content=\"3 minutes\" \/>\n<script type=\"application\/ld+json\" class=\"yoast-schema-graph\">{\"@context\":\"https:\/\/schema.org\",\"@graph\":[{\"@type\":\"WebPage\",\"@id\":\"https:\/\/www.albadelakhar.ly\/fr\/nos-produits\/generateurs-de-gaz\/\",\"url\":\"https:\/\/www.albadelakhar.ly\/fr\/nos-produits\/generateurs-de-gaz\/\",\"name\":\"G\u00e9n\u00e9rateurs de gaz | Atlas Copco\",\"isPartOf\":{\"@id\":\"https:\/\/www.albadelakhar.ly\/#website\"},\"datePublished\":\"2023-12-18T14:14:28+00:00\",\"dateModified\":\"2023-12-18T14:14:28+00:00\",\"description\":\"Notre large gamme de g\u00e9n\u00e9rateurs d\u2019oxyg\u00e8ne et d\u2019azote gazeux pr\u00e9sente des niveaux de puret\u00e9 \u00e9lev\u00e9s pour r\u00e9pondre \u00e0 tous vos besoins. La soci\u00e9t\u00e9 Albadel\",\"breadcrumb\":{\"@id\":\"https:\/\/www.albadelakhar.ly\/fr\/nos-produits\/generateurs-de-gaz\/#breadcrumb\"},\"inLanguage\":\"fr-FR\",\"potentialAction\":[{\"@type\":\"ReadAction\",\"target\":[\"https:\/\/www.albadelakhar.ly\/fr\/nos-produits\/generateurs-de-gaz\/\"]}]},{\"@type\":\"BreadcrumbList\",\"@id\":\"https:\/\/www.albadelakhar.ly\/fr\/nos-produits\/generateurs-de-gaz\/#breadcrumb\",\"itemListElement\":[{\"@type\":\"ListItem\",\"position\":1,\"name\":\"Accueil\",\"item\":\"https:\/\/www.albadelakhar.ly\/fr\/\"},{\"@type\":\"ListItem\",\"position\":2,\"name\":\"Nos produits\",\"item\":\"https:\/\/www.albadelakhar.ly\/fr\/nos-produits\/\"},{\"@type\":\"ListItem\",\"position\":3,\"name\":\"G\u00e9n\u00e9rateurs de gaz\"}]},{\"@type\":\"WebSite\",\"@id\":\"https:\/\/www.albadelakhar.ly\/#website\",\"url\":\"https:\/\/www.albadelakhar.ly\/\",\"name\":\"Atlas Copco\",\"description\":\"Albadel Akhar Co.\",\"potentialAction\":[{\"@type\":\"SearchAction\",\"target\":{\"@type\":\"EntryPoint\",\"urlTemplate\":\"https:\/\/www.albadelakhar.ly\/?s={search_term_string}\"},\"query-input\":\"required name=search_term_string\"}],\"inLanguage\":\"fr-FR\"}]}<\/script>\n<!-- \/ Yoast SEO plugin. -->","yoast_head_json":{"title":"G\u00e9n\u00e9rateurs de gaz | Atlas Copco","description":"Notre large gamme de g\u00e9n\u00e9rateurs d\u2019oxyg\u00e8ne et d\u2019azote gazeux pr\u00e9sente des niveaux de puret\u00e9 \u00e9lev\u00e9s pour r\u00e9pondre \u00e0 tous vos besoins. La soci\u00e9t\u00e9 Albadel","robots":{"index":"index","follow":"follow","max-snippet":"max-snippet:-1","max-image-preview":"max-image-preview:large","max-video-preview":"max-video-preview:-1"},"canonical":"https:\/\/www.albadelakhar.ly\/fr\/nos-produits\/generateurs-de-gaz\/","og_locale":"fr_FR","og_type":"article","og_title":"G\u00e9n\u00e9rateurs de gaz | Atlas Copco","og_description":"Notre large gamme de g\u00e9n\u00e9rateurs d\u2019oxyg\u00e8ne et d\u2019azote gazeux pr\u00e9sente des niveaux de puret\u00e9 \u00e9lev\u00e9s pour r\u00e9pondre \u00e0 tous vos besoins. La soci\u00e9t\u00e9 Albadel","og_url":"https:\/\/www.albadelakhar.ly\/fr\/nos-produits\/generateurs-de-gaz\/","og_site_name":"Atlas Copco","twitter_card":"summary_large_image","twitter_misc":{"Dur\u00e9e de lecture estim\u00e9e":"3 minutes"},"schema":{"@context":"https:\/\/schema.org","@graph":[{"@type":"WebPage","@id":"https:\/\/www.albadelakhar.ly\/fr\/nos-produits\/generateurs-de-gaz\/","url":"https:\/\/www.albadelakhar.ly\/fr\/nos-produits\/generateurs-de-gaz\/","name":"G\u00e9n\u00e9rateurs de gaz | Atlas Copco","isPartOf":{"@id":"https:\/\/www.albadelakhar.ly\/#website"},"datePublished":"2023-12-18T14:14:28+00:00","dateModified":"2023-12-18T14:14:28+00:00","description":"Notre large gamme de g\u00e9n\u00e9rateurs d\u2019oxyg\u00e8ne et d\u2019azote gazeux pr\u00e9sente des niveaux de puret\u00e9 \u00e9lev\u00e9s pour r\u00e9pondre \u00e0 tous vos besoins. La soci\u00e9t\u00e9 Albadel","breadcrumb":{"@id":"https:\/\/www.albadelakhar.ly\/fr\/nos-produits\/generateurs-de-gaz\/#breadcrumb"},"inLanguage":"fr-FR","potentialAction":[{"@type":"ReadAction","target":["https:\/\/www.albadelakhar.ly\/fr\/nos-produits\/generateurs-de-gaz\/"]}]},{"@type":"BreadcrumbList","@id":"https:\/\/www.albadelakhar.ly\/fr\/nos-produits\/generateurs-de-gaz\/#breadcrumb","itemListElement":[{"@type":"ListItem","position":1,"name":"Accueil","item":"https:\/\/www.albadelakhar.ly\/fr\/"},{"@type":"ListItem","position":2,"name":"Nos produits","item":"https:\/\/www.albadelakhar.ly\/fr\/nos-produits\/"},{"@type":"ListItem","position":3,"name":"G\u00e9n\u00e9rateurs de gaz"}]},{"@type":"WebSite","@id":"https:\/\/www.albadelakhar.ly\/#website","url":"https:\/\/www.albadelakhar.ly\/","name":"Atlas Copco","description":"Albadel Akhar Co.","potentialAction":[{"@type":"SearchAction","target":{"@type":"EntryPoint","urlTemplate":"https:\/\/www.albadelakhar.ly\/?s={search_term_string}"},"query-input":"required name=search_term_string"}],"inLanguage":"fr-FR"}]}},"_links":{"self":[{"href":"https:\/\/www.albadelakhar.ly\/fr\/wp-json\/wp\/v2\/pages\/9132","targetHints":{"allow":["GET"]}}],"collection":[{"href":"https:\/\/www.albadelakhar.ly\/fr\/wp-json\/wp\/v2\/pages"}],"about":[{"href":"https:\/\/www.albadelakhar.ly\/fr\/wp-json\/wp\/v2\/types\/page"}],"author":[{"embeddable":true,"href":"https:\/\/www.albadelakhar.ly\/fr\/wp-json\/wp\/v2\/users\/2"}],"replies":[{"embeddable":true,"href":"https:\/\/www.albadelakhar.ly\/fr\/wp-json\/wp\/v2\/comments?post=9132"}],"version-history":[{"count":1,"href":"https:\/\/www.albadelakhar.ly\/fr\/wp-json\/wp\/v2\/pages\/9132\/revisions"}],"predecessor-version":[{"id":9134,"href":"https:\/\/www.albadelakhar.ly\/fr\/wp-json\/wp\/v2\/pages\/9132\/revisions\/9134"}],"up":[{"embeddable":true,"href":"https:\/\/www.albadelakhar.ly\/fr\/wp-json\/wp\/v2\/pages\/9053"}],"wp:attachment":[{"href":"https:\/\/www.albadelakhar.ly\/fr\/wp-json\/wp\/v2\/media?parent=9132"}],"curies":[{"name":"wp","href":"https:\/\/api.w.org\/{rel}","templated":true}]}}