{"id":8986,"date":"2023-12-15T10:12:31","date_gmt":"2023-12-15T10:12:31","guid":{"rendered":"https:\/\/www.albadelakhar.ly\/product\/%d9%85%d9%88%d9%84%d8%af-%d8%a7%d9%84%d8%a3%d9%83%d8%b3%d8%ac%d9%8a%d9%86-ogp-2-200-psa\/"},"modified":"2023-12-18T10:54:58","modified_gmt":"2023-12-18T10:54:58","slug":"%d9%85%d9%88%d9%84%d8%af-%d8%a7%d9%84%d8%a3%d9%83%d8%b3%d8%ac%d9%8a%d9%86-ogp-2-200-psa","status":"publish","type":"product","link":"https:\/\/www.albadelakhar.ly\/fr\/product\/%d9%85%d9%88%d9%84%d8%af-%d8%a7%d9%84%d8%a3%d9%83%d8%b3%d8%ac%d9%8a%d9%86-ogp-2-200-psa\/","title":{"rendered":"G\u00e9n\u00e9rateur d&#8217;oxyg\u00e8ne OGP 2-200 PSA"},"content":{"rendered":"<section class=\"wpb-content-wrapper\"><p>[vc_row][vc_column width=&#8221;1\/3&#8243;][\/vc_column][vc_column width=&#8221;1\/3&#8243;][\/vc_column][vc_column width=&#8221;1\/3&#8243;][vc_column_text]<\/p>\n<div class=\"et_pb_module et_pb_text et_pb_text_19 et_pb_text_align_center et_pb_bg_layout_light\">\n<div class=\"et_pb_text_inner\">\n<div class=\"et_pb_module et_pb_text et_pb_text_4 et_pb_text_align_center et_pb_bg_layout_light\">\n<div class=\"et_pb_text_inner\">\n<div class=\"et_pb_module et_pb_text et_pb_text_8 et_pb_text_align_center et_pb_bg_layout_light\">\n<div class=\"et_pb_text_inner\">\n<p style=\"text-align: right;\"><a href=\"https:\/\/www.albadelakhar.ly\/wp-content\/uploads\/2023\/12\/2935097745_L-1.pdf\"><strong>Oxygen generators<\/strong><img decoding=\"async\" class=\" wp-image-7682 alignright\" src=\"https:\/\/www.albadelakhar.ly\/wp-content\/uploads\/2023\/12\/download-pdf.png\" alt=\"\" width=\"58\" height=\"58\" \/><\/a><\/p>\n<\/div>\n<\/div>\n<\/div>\n<\/div>\n<p style=\"text-align: right;\">\n<\/div>\n<\/div>\n<p>[\/vc_column_text][\/vc_column][\/vc_row][vc_row][vc_column][vc_column_text]<\/p>\n<p>[\/vc_column_text][\/vc_column][\/vc_row]<\/p>\n<\/section>","protected":false},"excerpt":{"rendered":"<p style=\"text-align: left;\">Les g\u00e9n\u00e9rateurs d&#8217;oxyg\u00e8ne OGP PSA fournissent un d\u00e9bit de grande capacit\u00e9 avec la puret\u00e9 dont vous avez besoin. Convient \u00e0 une large gamme d&#8217;applications. \u00c9quip\u00e9 de la technologie d&#8217;absorption modul\u00e9e en pression (PSA).<\/p>\n","protected":false},"featured_media":8746,"template":"","meta":[],"product_cat":[173,172,176],"product_tag":[],"class_list":["post-8986","product","type-product","status-publish","has-post-thumbnail","hentry","product_cat-generateurs-doxygene","product_cat-generateurs-de-gaz","product_cat-uncategorized-fr"],"yoast_head":"<!-- This site is optimized with the Yoast SEO plugin v22.0 - https:\/\/yoast.com\/wordpress\/plugins\/seo\/ -->\n<title>G\u00e9n\u00e9rateur d&#039;oxyg\u00e8ne OGP 2-200 PSA | Atlas Copco<\/title>\n<meta name=\"description\" content=\"Les g\u00e9n\u00e9rateurs d&#039;oxyg\u00e8ne OGP PSA fournissent un d\u00e9bit de grande capacit\u00e9 avec la puret\u00e9 dont vous avez besoin. Convient \u00e0 une large gamme d&#039;applications. \u00c9quip\u00e9 de la technologie d&#039;absorption modul\u00e9e en pression (PSA).\" \/>\n<meta name=\"robots\" content=\"index, follow, max-snippet:-1, max-image-preview:large, max-video-preview:-1\" \/>\n<link rel=\"canonical\" href=\"https:\/\/www.albadelakhar.ly\/fr\/product\/\u0645\u0648\u0644\u062f-\u0627\u0644\u0623\u0643\u0633\u062c\u064a\u0646-ogp-2-200-psa\/\" \/>\n<meta property=\"og:locale\" content=\"fr_FR\" \/>\n<meta property=\"og:type\" content=\"article\" \/>\n<meta property=\"og:title\" content=\"G\u00e9n\u00e9rateur d&#039;oxyg\u00e8ne OGP 2-200 PSA | Atlas Copco\" \/>\n<meta property=\"og:description\" content=\"Les g\u00e9n\u00e9rateurs d&#039;oxyg\u00e8ne OGP PSA fournissent un d\u00e9bit de grande capacit\u00e9 avec la puret\u00e9 dont vous avez besoin. Convient \u00e0 une large gamme d&#039;applications. \u00c9quip\u00e9 de la technologie d&#039;absorption modul\u00e9e en pression (PSA).\" \/>\n<meta property=\"og:url\" content=\"https:\/\/www.albadelakhar.ly\/fr\/product\/\u0645\u0648\u0644\u062f-\u0627\u0644\u0623\u0643\u0633\u062c\u064a\u0646-ogp-2-200-psa\/\" \/>\n<meta property=\"og:site_name\" content=\"Atlas Copco\" \/>\n<meta property=\"article:modified_time\" content=\"2023-12-18T10:54:58+00:00\" \/>\n<meta property=\"og:image\" content=\"https:\/\/www.albadelakhar.ly\/wp-content\/uploads\/2023\/12\/68565-2.jpg\" \/>\n\t<meta property=\"og:image:width\" content=\"500\" \/>\n\t<meta property=\"og:image:height\" content=\"500\" \/>\n\t<meta property=\"og:image:type\" content=\"image\/jpeg\" \/>\n<meta name=\"twitter:card\" content=\"summary_large_image\" \/>\n<script type=\"application\/ld+json\" class=\"yoast-schema-graph\">{\"@context\":\"https:\/\/schema.org\",\"@graph\":[{\"@type\":\"WebPage\",\"@id\":\"https:\/\/www.albadelakhar.ly\/fr\/product\/%d9%85%d9%88%d9%84%d8%af-%d8%a7%d9%84%d8%a3%d9%83%d8%b3%d8%ac%d9%8a%d9%86-ogp-2-200-psa\/\",\"url\":\"https:\/\/www.albadelakhar.ly\/fr\/product\/%d9%85%d9%88%d9%84%d8%af-%d8%a7%d9%84%d8%a3%d9%83%d8%b3%d8%ac%d9%8a%d9%86-ogp-2-200-psa\/\",\"name\":\"G\u00e9n\u00e9rateur d'oxyg\u00e8ne OGP 2-200 PSA | Atlas Copco\",\"isPartOf\":{\"@id\":\"https:\/\/www.albadelakhar.ly\/#website\"},\"datePublished\":\"2023-12-15T10:12:31+00:00\",\"dateModified\":\"2023-12-18T10:54:58+00:00\",\"description\":\"Les g\u00e9n\u00e9rateurs d'oxyg\u00e8ne OGP PSA fournissent un d\u00e9bit de grande capacit\u00e9 avec la puret\u00e9 dont vous avez besoin. Convient \u00e0 une large gamme d'applications. \u00c9quip\u00e9 de la technologie d'absorption modul\u00e9e en pression (PSA).\",\"breadcrumb\":{\"@id\":\"https:\/\/www.albadelakhar.ly\/fr\/product\/%d9%85%d9%88%d9%84%d8%af-%d8%a7%d9%84%d8%a3%d9%83%d8%b3%d8%ac%d9%8a%d9%86-ogp-2-200-psa\/#breadcrumb\"},\"inLanguage\":\"fr-FR\",\"potentialAction\":[{\"@type\":\"ReadAction\",\"target\":[\"https:\/\/www.albadelakhar.ly\/fr\/product\/%d9%85%d9%88%d9%84%d8%af-%d8%a7%d9%84%d8%a3%d9%83%d8%b3%d8%ac%d9%8a%d9%86-ogp-2-200-psa\/\"]}]},{\"@type\":\"BreadcrumbList\",\"@id\":\"https:\/\/www.albadelakhar.ly\/fr\/product\/%d9%85%d9%88%d9%84%d8%af-%d8%a7%d9%84%d8%a3%d9%83%d8%b3%d8%ac%d9%8a%d9%86-ogp-2-200-psa\/#breadcrumb\",\"itemListElement\":[{\"@type\":\"ListItem\",\"position\":1,\"name\":\"Accueil\",\"item\":\"https:\/\/www.albadelakhar.ly\/fr\/\"},{\"@type\":\"ListItem\",\"position\":2,\"name\":\"\u0627\u0644\u0645\u0646\u062a\u062c\u0627\u062a\",\"item\":\"https:\/\/www.albadelakhar.ly\/shop\/\"},{\"@type\":\"ListItem\",\"position\":3,\"name\":\"G\u00e9n\u00e9rateur d&#8217;oxyg\u00e8ne OGP 2-200 PSA\"}]},{\"@type\":\"WebSite\",\"@id\":\"https:\/\/www.albadelakhar.ly\/#website\",\"url\":\"https:\/\/www.albadelakhar.ly\/\",\"name\":\"Atlas Copco\",\"description\":\"Albadel Akhar Co.\",\"potentialAction\":[{\"@type\":\"SearchAction\",\"target\":{\"@type\":\"EntryPoint\",\"urlTemplate\":\"https:\/\/www.albadelakhar.ly\/?s={search_term_string}\"},\"query-input\":\"required name=search_term_string\"}],\"inLanguage\":\"fr-FR\"}]}<\/script>\n<!-- \/ Yoast SEO plugin. -->","yoast_head_json":{"title":"G\u00e9n\u00e9rateur d'oxyg\u00e8ne OGP 2-200 PSA | Atlas Copco","description":"Les g\u00e9n\u00e9rateurs d'oxyg\u00e8ne OGP PSA fournissent un d\u00e9bit de grande capacit\u00e9 avec la puret\u00e9 dont vous avez besoin. Convient \u00e0 une large gamme d'applications. \u00c9quip\u00e9 de la technologie d'absorption modul\u00e9e en pression (PSA).","robots":{"index":"index","follow":"follow","max-snippet":"max-snippet:-1","max-image-preview":"max-image-preview:large","max-video-preview":"max-video-preview:-1"},"canonical":"https:\/\/www.albadelakhar.ly\/fr\/product\/\u0645\u0648\u0644\u062f-\u0627\u0644\u0623\u0643\u0633\u062c\u064a\u0646-ogp-2-200-psa\/","og_locale":"fr_FR","og_type":"article","og_title":"G\u00e9n\u00e9rateur d'oxyg\u00e8ne OGP 2-200 PSA | Atlas Copco","og_description":"Les g\u00e9n\u00e9rateurs d'oxyg\u00e8ne OGP PSA fournissent un d\u00e9bit de grande capacit\u00e9 avec la puret\u00e9 dont vous avez besoin. Convient \u00e0 une large gamme d'applications. \u00c9quip\u00e9 de la technologie d'absorption modul\u00e9e en pression (PSA).","og_url":"https:\/\/www.albadelakhar.ly\/fr\/product\/\u0645\u0648\u0644\u062f-\u0627\u0644\u0623\u0643\u0633\u062c\u064a\u0646-ogp-2-200-psa\/","og_site_name":"Atlas Copco","article_modified_time":"2023-12-18T10:54:58+00:00","og_image":[{"width":500,"height":500,"url":"https:\/\/www.albadelakhar.ly\/wp-content\/uploads\/2023\/12\/68565-2.jpg","type":"image\/jpeg"}],"twitter_card":"summary_large_image","schema":{"@context":"https:\/\/schema.org","@graph":[{"@type":"WebPage","@id":"https:\/\/www.albadelakhar.ly\/fr\/product\/%d9%85%d9%88%d9%84%d8%af-%d8%a7%d9%84%d8%a3%d9%83%d8%b3%d8%ac%d9%8a%d9%86-ogp-2-200-psa\/","url":"https:\/\/www.albadelakhar.ly\/fr\/product\/%d9%85%d9%88%d9%84%d8%af-%d8%a7%d9%84%d8%a3%d9%83%d8%b3%d8%ac%d9%8a%d9%86-ogp-2-200-psa\/","name":"G\u00e9n\u00e9rateur d'oxyg\u00e8ne OGP 2-200 PSA | Atlas Copco","isPartOf":{"@id":"https:\/\/www.albadelakhar.ly\/#website"},"datePublished":"2023-12-15T10:12:31+00:00","dateModified":"2023-12-18T10:54:58+00:00","description":"Les g\u00e9n\u00e9rateurs d'oxyg\u00e8ne OGP PSA fournissent un d\u00e9bit de grande capacit\u00e9 avec la puret\u00e9 dont vous avez besoin. Convient \u00e0 une large gamme d'applications. \u00c9quip\u00e9 de la technologie d'absorption modul\u00e9e en pression (PSA).","breadcrumb":{"@id":"https:\/\/www.albadelakhar.ly\/fr\/product\/%d9%85%d9%88%d9%84%d8%af-%d8%a7%d9%84%d8%a3%d9%83%d8%b3%d8%ac%d9%8a%d9%86-ogp-2-200-psa\/#breadcrumb"},"inLanguage":"fr-FR","potentialAction":[{"@type":"ReadAction","target":["https:\/\/www.albadelakhar.ly\/fr\/product\/%d9%85%d9%88%d9%84%d8%af-%d8%a7%d9%84%d8%a3%d9%83%d8%b3%d8%ac%d9%8a%d9%86-ogp-2-200-psa\/"]}]},{"@type":"BreadcrumbList","@id":"https:\/\/www.albadelakhar.ly\/fr\/product\/%d9%85%d9%88%d9%84%d8%af-%d8%a7%d9%84%d8%a3%d9%83%d8%b3%d8%ac%d9%8a%d9%86-ogp-2-200-psa\/#breadcrumb","itemListElement":[{"@type":"ListItem","position":1,"name":"Accueil","item":"https:\/\/www.albadelakhar.ly\/fr\/"},{"@type":"ListItem","position":2,"name":"\u0627\u0644\u0645\u0646\u062a\u062c\u0627\u062a","item":"https:\/\/www.albadelakhar.ly\/shop\/"},{"@type":"ListItem","position":3,"name":"G\u00e9n\u00e9rateur d&#8217;oxyg\u00e8ne OGP 2-200 PSA"}]},{"@type":"WebSite","@id":"https:\/\/www.albadelakhar.ly\/#website","url":"https:\/\/www.albadelakhar.ly\/","name":"Atlas Copco","description":"Albadel Akhar Co.","potentialAction":[{"@type":"SearchAction","target":{"@type":"EntryPoint","urlTemplate":"https:\/\/www.albadelakhar.ly\/?s={search_term_string}"},"query-input":"required name=search_term_string"}],"inLanguage":"fr-FR"}]}},"_links":{"self":[{"href":"https:\/\/www.albadelakhar.ly\/fr\/wp-json\/wp\/v2\/product\/8986","targetHints":{"allow":["GET"]}}],"collection":[{"href":"https:\/\/www.albadelakhar.ly\/fr\/wp-json\/wp\/v2\/product"}],"about":[{"href":"https:\/\/www.albadelakhar.ly\/fr\/wp-json\/wp\/v2\/types\/product"}],"wp:featuredmedia":[{"embeddable":true,"href":"https:\/\/www.albadelakhar.ly\/fr\/wp-json\/wp\/v2\/media\/8746"}],"wp:attachment":[{"href":"https:\/\/www.albadelakhar.ly\/fr\/wp-json\/wp\/v2\/media?parent=8986"}],"wp:term":[{"taxonomy":"product_cat","embeddable":true,"href":"https:\/\/www.albadelakhar.ly\/fr\/wp-json\/wp\/v2\/product_cat?post=8986"},{"taxonomy":"product_tag","embeddable":true,"href":"https:\/\/www.albadelakhar.ly\/fr\/wp-json\/wp\/v2\/product_tag?post=8986"}],"curies":[{"name":"wp","href":"https:\/\/api.w.org\/{rel}","templated":true}]}}