{"id":8994,"date":"2023-12-15T10:07:30","date_gmt":"2023-12-15T10:07:30","guid":{"rendered":"https:\/\/www.albadelakhar.ly\/product\/%d9%85%d9%88%d9%84%d8%af-%d8%a3%d9%83%d8%b3%d8%ac%d9%8a%d9%86-ogp-3-30-psa\/"},"modified":"2023-12-18T11:00:01","modified_gmt":"2023-12-18T11:00:01","slug":"%d9%85%d9%88%d9%84%d8%af-%d8%a3%d9%83%d8%b3%d8%ac%d9%8a%d9%86-ogp-3-30-psa","status":"publish","type":"product","link":"https:\/\/www.albadelakhar.ly\/fr\/product\/%d9%85%d9%88%d9%84%d8%af-%d8%a3%d9%83%d8%b3%d8%ac%d9%8a%d9%86-ogp-3-30-psa\/","title":{"rendered":"G\u00e9n\u00e9rateur d&#8217;oxyg\u00e8ne OGP+ 3-30 PSA"},"content":{"rendered":"<section class=\"wpb-content-wrapper\"><p>[vc_row][vc_column width=&#8221;1\/3&#8243;][\/vc_column][vc_column width=&#8221;1\/3&#8243;][\/vc_column][vc_column width=&#8221;1\/3&#8243;][vc_column_text]<\/p>\n<div class=\"et_pb_module et_pb_text et_pb_text_19 et_pb_text_align_center et_pb_bg_layout_light\">\n<div class=\"et_pb_text_inner\">\n<div class=\"et_pb_module et_pb_text et_pb_text_4 et_pb_text_align_center et_pb_bg_layout_light\">\n<div class=\"et_pb_text_inner\">\n<div class=\"et_pb_module et_pb_text et_pb_text_4 et_pb_text_align_center et_pb_bg_layout_light\">\n<div class=\"et_pb_text_inner\">\n<p style=\"text-align: right;\"><a href=\"https:\/\/www.albadelakhar.ly\/wp-content\/uploads\/2023\/12\/210365_AC_GP-datasheet_LR6-1.pdf\"><strong>AC OGP+ 3-30 EN<\/strong><img decoding=\"async\" class=\" wp-image-7682 alignright\" src=\"https:\/\/www.albadelakhar.ly\/wp-content\/uploads\/2023\/12\/download-pdf.png\" alt=\"\" width=\"58\" height=\"58\" \/><\/a><\/p>\n<\/div>\n<\/div>\n<\/div>\n<\/div>\n<p style=\"text-align: right;\">\n<\/div>\n<\/div>\n<p>[\/vc_column_text][\/vc_column][\/vc_row][vc_row][vc_column][vc_column_text]<\/p>\n<p>[\/vc_column_text][\/vc_column][\/vc_row]<\/p>\n<\/section>","protected":false},"excerpt":{"rendered":"<p>La fonctionnalit\u00e9 Plug and Play OGP+ vous permet de choisir le niveau de puret\u00e9 adapt\u00e9 \u00e0 votre application en appuyant simplement sur un bouton. En cons\u00e9quence, vous b\u00e9n\u00e9ficiez de la libert\u00e9, de la continuit\u00e9 et de la fiabilit\u00e9 de la production sur site \u00e0 un co\u00fbt par unit\u00e9 d\u2019O2 bien inf\u00e9rieur.<\/p>\n<ul>\n<li>Plage de d\u00e9bit de puret\u00e9 \u00e0 90 % : 2,1 \u00e0 203,8 nm3\/h<\/li>\n<li>Plage de d\u00e9bit de puret\u00e9 93 % : 1,6 \u00e0 188,3 nm3\/h<\/li>\n<li>Plage de d\u00e9bit de puret\u00e9 \u00e0 95\u00a0%\u00a0: 1,5 \u00e0 175 nm3\/h<\/li>\n<\/ul>\n","protected":false},"featured_media":8738,"template":"","meta":[],"product_cat":[173,172,176],"product_tag":[],"class_list":["post-8994","product","type-product","status-publish","has-post-thumbnail","hentry","product_cat-generateurs-doxygene","product_cat-generateurs-de-gaz","product_cat-uncategorized-fr"],"yoast_head":"<!-- This site is optimized with the Yoast SEO plugin v22.0 - https:\/\/yoast.com\/wordpress\/plugins\/seo\/ -->\n<title>G\u00e9n\u00e9rateur d&#039;oxyg\u00e8ne OGP+ 3-30 PSA | Atlas Copco<\/title>\n<meta name=\"description\" content=\"La fonctionnalit\u00e9 Plug and Play OGP+ vous permet de choisir le niveau de puret\u00e9 adapt\u00e9 \u00e0 votre application en appuyant simplement sur un bouton. En cons\u00e9quence, vous b\u00e9n\u00e9ficiez de la libert\u00e9, de la continuit\u00e9 et de la fiabilit\u00e9 de la production sur site \u00e0 un co\u00fbt par unit\u00e9 d\u2019O2 bien inf\u00e9rieur.   Plage de d\u00e9bit de puret\u00e9 \u00e0 90 % : 2,1 \u00e0 203,8 nm3\/h  Plage de d\u00e9bit de puret\u00e9 93 % : 1,6 \u00e0 188,3 nm3\/h  Plage de d\u00e9bit de puret\u00e9 \u00e0 95\u00a0%\u00a0: 1,5 \u00e0 175 nm3\/h\" \/>\n<meta name=\"robots\" content=\"index, follow, max-snippet:-1, max-image-preview:large, max-video-preview:-1\" \/>\n<link rel=\"canonical\" href=\"https:\/\/www.albadelakhar.ly\/fr\/product\/\u0645\u0648\u0644\u062f-\u0623\u0643\u0633\u062c\u064a\u0646-ogp-3-30-psa\/\" \/>\n<meta property=\"og:locale\" content=\"fr_FR\" \/>\n<meta property=\"og:type\" content=\"article\" \/>\n<meta property=\"og:title\" content=\"G\u00e9n\u00e9rateur d&#039;oxyg\u00e8ne OGP+ 3-30 PSA | Atlas Copco\" \/>\n<meta property=\"og:description\" content=\"La fonctionnalit\u00e9 Plug and Play OGP+ vous permet de choisir le niveau de puret\u00e9 adapt\u00e9 \u00e0 votre application en appuyant simplement sur un bouton. En cons\u00e9quence, vous b\u00e9n\u00e9ficiez de la libert\u00e9, de la continuit\u00e9 et de la fiabilit\u00e9 de la production sur site \u00e0 un co\u00fbt par unit\u00e9 d\u2019O2 bien inf\u00e9rieur.   Plage de d\u00e9bit de puret\u00e9 \u00e0 90 % : 2,1 \u00e0 203,8 nm3\/h  Plage de d\u00e9bit de puret\u00e9 93 % : 1,6 \u00e0 188,3 nm3\/h  Plage de d\u00e9bit de puret\u00e9 \u00e0 95\u00a0%\u00a0: 1,5 \u00e0 175 nm3\/h\" \/>\n<meta property=\"og:url\" content=\"https:\/\/www.albadelakhar.ly\/fr\/product\/\u0645\u0648\u0644\u062f-\u0623\u0643\u0633\u062c\u064a\u0646-ogp-3-30-psa\/\" \/>\n<meta property=\"og:site_name\" content=\"Atlas Copco\" \/>\n<meta property=\"article:modified_time\" content=\"2023-12-18T11:00:01+00:00\" \/>\n<meta property=\"og:image\" content=\"https:\/\/www.albadelakhar.ly\/wp-content\/uploads\/2023\/12\/68565-1.jpg\" \/>\n\t<meta property=\"og:image:width\" content=\"500\" \/>\n\t<meta property=\"og:image:height\" content=\"500\" \/>\n\t<meta property=\"og:image:type\" content=\"image\/jpeg\" \/>\n<meta name=\"twitter:card\" content=\"summary_large_image\" \/>\n<script type=\"application\/ld+json\" class=\"yoast-schema-graph\">{\"@context\":\"https:\/\/schema.org\",\"@graph\":[{\"@type\":\"WebPage\",\"@id\":\"https:\/\/www.albadelakhar.ly\/fr\/product\/%d9%85%d9%88%d9%84%d8%af-%d8%a3%d9%83%d8%b3%d8%ac%d9%8a%d9%86-ogp-3-30-psa\/\",\"url\":\"https:\/\/www.albadelakhar.ly\/fr\/product\/%d9%85%d9%88%d9%84%d8%af-%d8%a3%d9%83%d8%b3%d8%ac%d9%8a%d9%86-ogp-3-30-psa\/\",\"name\":\"G\u00e9n\u00e9rateur d'oxyg\u00e8ne OGP+ 3-30 PSA | Atlas Copco\",\"isPartOf\":{\"@id\":\"https:\/\/www.albadelakhar.ly\/#website\"},\"datePublished\":\"2023-12-15T10:07:30+00:00\",\"dateModified\":\"2023-12-18T11:00:01+00:00\",\"description\":\"La fonctionnalit\u00e9 Plug and Play OGP+ vous permet de choisir le niveau de puret\u00e9 adapt\u00e9 \u00e0 votre application en appuyant simplement sur un bouton. En cons\u00e9quence, vous b\u00e9n\u00e9ficiez de la libert\u00e9, de la continuit\u00e9 et de la fiabilit\u00e9 de la production sur site \u00e0 un co\u00fbt par unit\u00e9 d\u2019O2 bien inf\u00e9rieur. Plage de d\u00e9bit de puret\u00e9 \u00e0 90 % : 2,1 \u00e0 203,8 nm3\/h Plage de d\u00e9bit de puret\u00e9 93 % : 1,6 \u00e0 188,3 nm3\/h Plage de d\u00e9bit de puret\u00e9 \u00e0 95\u00a0%\u00a0: 1,5 \u00e0 175 nm3\/h\",\"breadcrumb\":{\"@id\":\"https:\/\/www.albadelakhar.ly\/fr\/product\/%d9%85%d9%88%d9%84%d8%af-%d8%a3%d9%83%d8%b3%d8%ac%d9%8a%d9%86-ogp-3-30-psa\/#breadcrumb\"},\"inLanguage\":\"fr-FR\",\"potentialAction\":[{\"@type\":\"ReadAction\",\"target\":[\"https:\/\/www.albadelakhar.ly\/fr\/product\/%d9%85%d9%88%d9%84%d8%af-%d8%a3%d9%83%d8%b3%d8%ac%d9%8a%d9%86-ogp-3-30-psa\/\"]}]},{\"@type\":\"BreadcrumbList\",\"@id\":\"https:\/\/www.albadelakhar.ly\/fr\/product\/%d9%85%d9%88%d9%84%d8%af-%d8%a3%d9%83%d8%b3%d8%ac%d9%8a%d9%86-ogp-3-30-psa\/#breadcrumb\",\"itemListElement\":[{\"@type\":\"ListItem\",\"position\":1,\"name\":\"Accueil\",\"item\":\"https:\/\/www.albadelakhar.ly\/fr\/\"},{\"@type\":\"ListItem\",\"position\":2,\"name\":\"\u0627\u0644\u0645\u0646\u062a\u062c\u0627\u062a\",\"item\":\"https:\/\/www.albadelakhar.ly\/shop\/\"},{\"@type\":\"ListItem\",\"position\":3,\"name\":\"G\u00e9n\u00e9rateur d&#8217;oxyg\u00e8ne OGP+ 3-30 PSA\"}]},{\"@type\":\"WebSite\",\"@id\":\"https:\/\/www.albadelakhar.ly\/#website\",\"url\":\"https:\/\/www.albadelakhar.ly\/\",\"name\":\"Atlas Copco\",\"description\":\"Albadel Akhar Co.\",\"potentialAction\":[{\"@type\":\"SearchAction\",\"target\":{\"@type\":\"EntryPoint\",\"urlTemplate\":\"https:\/\/www.albadelakhar.ly\/?s={search_term_string}\"},\"query-input\":\"required name=search_term_string\"}],\"inLanguage\":\"fr-FR\"}]}<\/script>\n<!-- \/ Yoast SEO plugin. -->","yoast_head_json":{"title":"G\u00e9n\u00e9rateur d'oxyg\u00e8ne OGP+ 3-30 PSA | Atlas Copco","description":"La fonctionnalit\u00e9 Plug and Play OGP+ vous permet de choisir le niveau de puret\u00e9 adapt\u00e9 \u00e0 votre application en appuyant simplement sur un bouton. En cons\u00e9quence, vous b\u00e9n\u00e9ficiez de la libert\u00e9, de la continuit\u00e9 et de la fiabilit\u00e9 de la production sur site \u00e0 un co\u00fbt par unit\u00e9 d\u2019O2 bien inf\u00e9rieur.   Plage de d\u00e9bit de puret\u00e9 \u00e0 90 % : 2,1 \u00e0 203,8 nm3\/h  Plage de d\u00e9bit de puret\u00e9 93 % : 1,6 \u00e0 188,3 nm3\/h  Plage de d\u00e9bit de puret\u00e9 \u00e0 95\u00a0%\u00a0: 1,5 \u00e0 175 nm3\/h","robots":{"index":"index","follow":"follow","max-snippet":"max-snippet:-1","max-image-preview":"max-image-preview:large","max-video-preview":"max-video-preview:-1"},"canonical":"https:\/\/www.albadelakhar.ly\/fr\/product\/\u0645\u0648\u0644\u062f-\u0623\u0643\u0633\u062c\u064a\u0646-ogp-3-30-psa\/","og_locale":"fr_FR","og_type":"article","og_title":"G\u00e9n\u00e9rateur d'oxyg\u00e8ne OGP+ 3-30 PSA | Atlas Copco","og_description":"La fonctionnalit\u00e9 Plug and Play OGP+ vous permet de choisir le niveau de puret\u00e9 adapt\u00e9 \u00e0 votre application en appuyant simplement sur un bouton. En cons\u00e9quence, vous b\u00e9n\u00e9ficiez de la libert\u00e9, de la continuit\u00e9 et de la fiabilit\u00e9 de la production sur site \u00e0 un co\u00fbt par unit\u00e9 d\u2019O2 bien inf\u00e9rieur.   Plage de d\u00e9bit de puret\u00e9 \u00e0 90 % : 2,1 \u00e0 203,8 nm3\/h  Plage de d\u00e9bit de puret\u00e9 93 % : 1,6 \u00e0 188,3 nm3\/h  Plage de d\u00e9bit de puret\u00e9 \u00e0 95\u00a0%\u00a0: 1,5 \u00e0 175 nm3\/h","og_url":"https:\/\/www.albadelakhar.ly\/fr\/product\/\u0645\u0648\u0644\u062f-\u0623\u0643\u0633\u062c\u064a\u0646-ogp-3-30-psa\/","og_site_name":"Atlas Copco","article_modified_time":"2023-12-18T11:00:01+00:00","og_image":[{"width":500,"height":500,"url":"https:\/\/www.albadelakhar.ly\/wp-content\/uploads\/2023\/12\/68565-1.jpg","type":"image\/jpeg"}],"twitter_card":"summary_large_image","schema":{"@context":"https:\/\/schema.org","@graph":[{"@type":"WebPage","@id":"https:\/\/www.albadelakhar.ly\/fr\/product\/%d9%85%d9%88%d9%84%d8%af-%d8%a3%d9%83%d8%b3%d8%ac%d9%8a%d9%86-ogp-3-30-psa\/","url":"https:\/\/www.albadelakhar.ly\/fr\/product\/%d9%85%d9%88%d9%84%d8%af-%d8%a3%d9%83%d8%b3%d8%ac%d9%8a%d9%86-ogp-3-30-psa\/","name":"G\u00e9n\u00e9rateur d'oxyg\u00e8ne OGP+ 3-30 PSA | Atlas Copco","isPartOf":{"@id":"https:\/\/www.albadelakhar.ly\/#website"},"datePublished":"2023-12-15T10:07:30+00:00","dateModified":"2023-12-18T11:00:01+00:00","description":"La fonctionnalit\u00e9 Plug and Play OGP+ vous permet de choisir le niveau de puret\u00e9 adapt\u00e9 \u00e0 votre application en appuyant simplement sur un bouton. En cons\u00e9quence, vous b\u00e9n\u00e9ficiez de la libert\u00e9, de la continuit\u00e9 et de la fiabilit\u00e9 de la production sur site \u00e0 un co\u00fbt par unit\u00e9 d\u2019O2 bien inf\u00e9rieur. Plage de d\u00e9bit de puret\u00e9 \u00e0 90 % : 2,1 \u00e0 203,8 nm3\/h Plage de d\u00e9bit de puret\u00e9 93 % : 1,6 \u00e0 188,3 nm3\/h Plage de d\u00e9bit de puret\u00e9 \u00e0 95\u00a0%\u00a0: 1,5 \u00e0 175 nm3\/h","breadcrumb":{"@id":"https:\/\/www.albadelakhar.ly\/fr\/product\/%d9%85%d9%88%d9%84%d8%af-%d8%a3%d9%83%d8%b3%d8%ac%d9%8a%d9%86-ogp-3-30-psa\/#breadcrumb"},"inLanguage":"fr-FR","potentialAction":[{"@type":"ReadAction","target":["https:\/\/www.albadelakhar.ly\/fr\/product\/%d9%85%d9%88%d9%84%d8%af-%d8%a3%d9%83%d8%b3%d8%ac%d9%8a%d9%86-ogp-3-30-psa\/"]}]},{"@type":"BreadcrumbList","@id":"https:\/\/www.albadelakhar.ly\/fr\/product\/%d9%85%d9%88%d9%84%d8%af-%d8%a3%d9%83%d8%b3%d8%ac%d9%8a%d9%86-ogp-3-30-psa\/#breadcrumb","itemListElement":[{"@type":"ListItem","position":1,"name":"Accueil","item":"https:\/\/www.albadelakhar.ly\/fr\/"},{"@type":"ListItem","position":2,"name":"\u0627\u0644\u0645\u0646\u062a\u062c\u0627\u062a","item":"https:\/\/www.albadelakhar.ly\/shop\/"},{"@type":"ListItem","position":3,"name":"G\u00e9n\u00e9rateur d&#8217;oxyg\u00e8ne OGP+ 3-30 PSA"}]},{"@type":"WebSite","@id":"https:\/\/www.albadelakhar.ly\/#website","url":"https:\/\/www.albadelakhar.ly\/","name":"Atlas Copco","description":"Albadel Akhar Co.","potentialAction":[{"@type":"SearchAction","target":{"@type":"EntryPoint","urlTemplate":"https:\/\/www.albadelakhar.ly\/?s={search_term_string}"},"query-input":"required name=search_term_string"}],"inLanguage":"fr-FR"}]}},"_links":{"self":[{"href":"https:\/\/www.albadelakhar.ly\/fr\/wp-json\/wp\/v2\/product\/8994","targetHints":{"allow":["GET"]}}],"collection":[{"href":"https:\/\/www.albadelakhar.ly\/fr\/wp-json\/wp\/v2\/product"}],"about":[{"href":"https:\/\/www.albadelakhar.ly\/fr\/wp-json\/wp\/v2\/types\/product"}],"wp:featuredmedia":[{"embeddable":true,"href":"https:\/\/www.albadelakhar.ly\/fr\/wp-json\/wp\/v2\/media\/8738"}],"wp:attachment":[{"href":"https:\/\/www.albadelakhar.ly\/fr\/wp-json\/wp\/v2\/media?parent=8994"}],"wp:term":[{"taxonomy":"product_cat","embeddable":true,"href":"https:\/\/www.albadelakhar.ly\/fr\/wp-json\/wp\/v2\/product_cat?post=8994"},{"taxonomy":"product_tag","embeddable":true,"href":"https:\/\/www.albadelakhar.ly\/fr\/wp-json\/wp\/v2\/product_tag?post=8994"}],"curies":[{"name":"wp","href":"https:\/\/api.w.org\/{rel}","templated":true}]}}