{"id":9002,"date":"2023-12-15T10:00:56","date_gmt":"2023-12-15T10:00:56","guid":{"rendered":"https:\/\/www.albadelakhar.ly\/product\/%d9%85%d9%88%d9%84%d8%af-ngp%e2%81%ba-premium\/"},"modified":"2023-12-18T11:04:07","modified_gmt":"2023-12-18T11:04:07","slug":"%d9%85%d9%88%d9%84%d8%af-ngp%e2%81%ba-premium","status":"publish","type":"product","link":"https:\/\/www.albadelakhar.ly\/fr\/product\/%d9%85%d9%88%d9%84%d8%af-ngp%e2%81%ba-premium\/","title":{"rendered":"G\u00e9n\u00e9rateur NGP\u207a premium"},"content":{"rendered":"<section class=\"wpb-content-wrapper\"><p>[vc_row][vc_column width=&#8221;1\/3&#8243;][vc_column_text]<\/p>\n<div class=\"et_pb_module et_pb_text et_pb_text_19 et_pb_text_align_center et_pb_bg_layout_light\">\n<div class=\"et_pb_text_inner\">\n<div class=\"et_pb_module et_pb_text et_pb_text_4 et_pb_text_align_center et_pb_bg_layout_light\">\n<div class=\"et_pb_text_inner\">\n<div class=\"et_pb_module et_pb_text et_pb_text_8 et_pb_text_align_center et_pb_bg_layout_light\">\n<div class=\"et_pb_text_inner\">\n<p style=\"text-align: right;\"><a href=\"https:\/\/www.albadelakhar.ly\/wp-content\/uploads\/2023\/12\/NGP160-360_EN-1.pdf\"><strong>NGP\u207a 160-360<\/strong><img decoding=\"async\" class=\" wp-image-7682 alignright\" src=\"https:\/\/www.albadelakhar.ly\/wp-content\/uploads\/2023\/12\/download-pdf.png\" alt=\"\" width=\"58\" height=\"58\" \/><\/a><\/p>\n<\/div>\n<\/div>\n<\/div>\n<\/div>\n<p style=\"text-align: right;\">\n<\/div>\n<\/div>\n<p>[\/vc_column_text][\/vc_column][vc_column width=&#8221;1\/3&#8243;][vc_column_text]<\/p>\n<div class=\"et_pb_module et_pb_text et_pb_text_19 et_pb_text_align_center et_pb_bg_layout_light\">\n<div class=\"et_pb_text_inner\">\n<div class=\"et_pb_module et_pb_text et_pb_text_4 et_pb_text_align_center et_pb_bg_layout_light\">\n<div class=\"et_pb_text_inner\">\n<div class=\"et_pb_module et_pb_text et_pb_text_10 et_pb_text_align_center et_pb_bg_layout_light\">\n<div class=\"et_pb_text_inner\">\n<p style=\"text-align: right;\"><a href=\"https:\/\/www.albadelakhar.ly\/wp-content\/uploads\/2023\/12\/2935097745_L-1.pdf\"><strong>On-site industrial gases<img decoding=\"async\" class=\" wp-image-7682 alignright\" src=\"https:\/\/www.albadelakhar.ly\/wp-content\/uploads\/2023\/12\/download-pdf.png\" alt=\"\" width=\"58\" height=\"58\" \/><\/strong><\/a><\/p>\n<\/div>\n<\/div>\n<\/div>\n<\/div>\n<p style=\"text-align: right;\">\n<\/div>\n<\/div>\n<p>[\/vc_column_text][\/vc_column][vc_column width=&#8221;1\/3&#8243;][vc_column_text]<\/p>\n<div class=\"et_pb_module et_pb_text et_pb_text_19 et_pb_text_align_center et_pb_bg_layout_light\">\n<div class=\"et_pb_text_inner\">\n<div class=\"et_pb_module et_pb_text et_pb_text_4 et_pb_text_align_center et_pb_bg_layout_light\">\n<div class=\"et_pb_text_inner\">\n<div class=\"et_pb_module et_pb_text et_pb_text_11 et_pb_text_align_center et_pb_bg_layout_light\">\n<div class=\"et_pb_text_inner\">\n<p style=\"text-align: right;\"><a href=\"https:\/\/www.albadelakhar.ly\/wp-content\/uploads\/2023\/12\/Industrial-Gases-Polish-1.pdf\"><strong>Industrial-Gases-(Polish)<img decoding=\"async\" class=\" wp-image-7682 alignright\" src=\"https:\/\/www.albadelakhar.ly\/wp-content\/uploads\/2023\/12\/download-pdf.png\" alt=\"\" width=\"58\" height=\"58\" \/><\/strong><\/a><\/p>\n<\/div>\n<\/div>\n<\/div>\n<\/div>\n<p style=\"text-align: right;\">\n<\/div>\n<\/div>\n<p>[\/vc_column_text][\/vc_column][\/vc_row][vc_row][vc_column][vc_column_text]<\/p>\n<p>[\/vc_column_text][\/vc_column][\/vc_row]<\/p>\n<\/section>","protected":false},"excerpt":{"rendered":"<p style=\"text-align: left;\">Nos g\u00e9n\u00e9rateurs d&#8217;azote NGP\u207a premium offrent la plus large gamme d&#8217;approvisionnement en azote avec la plus haute efficacit\u00e9 \u00e9nerg\u00e9tique. Les tamis mol\u00e9culaires en carbone garantissent un azote premium de la plus haute puret\u00e9.<\/p>\n","protected":false},"featured_media":8717,"template":"","meta":[],"product_cat":[174,172,176],"product_tag":[],"class_list":["post-9002","product","type-product","status-publish","has-post-thumbnail","hentry","product_cat-generateurs-dazote","product_cat-generateurs-de-gaz","product_cat-uncategorized-fr"],"yoast_head":"<!-- This site is optimized with the Yoast SEO plugin v22.0 - https:\/\/yoast.com\/wordpress\/plugins\/seo\/ -->\n<title>G\u00e9n\u00e9rateur NGP\u207a premium | Atlas Copco<\/title>\n<meta name=\"description\" content=\"Nos g\u00e9n\u00e9rateurs d&#039;azote NGP\u207a premium offrent la plus large gamme d&#039;approvisionnement en azote avec la plus haute efficacit\u00e9 \u00e9nerg\u00e9tique. Les tamis mol\u00e9culaires en carbone garantissent un azote premium de la plus haute puret\u00e9.\" \/>\n<meta name=\"robots\" content=\"index, follow, max-snippet:-1, max-image-preview:large, max-video-preview:-1\" \/>\n<link rel=\"canonical\" href=\"https:\/\/www.albadelakhar.ly\/fr\/product\/\u0645\u0648\u0644\u062f-ngp\u207a-premium\/\" \/>\n<meta property=\"og:locale\" content=\"fr_FR\" \/>\n<meta property=\"og:type\" content=\"article\" \/>\n<meta property=\"og:title\" content=\"G\u00e9n\u00e9rateur NGP\u207a premium | Atlas Copco\" \/>\n<meta property=\"og:description\" content=\"Nos g\u00e9n\u00e9rateurs d&#039;azote NGP\u207a premium offrent la plus large gamme d&#039;approvisionnement en azote avec la plus haute efficacit\u00e9 \u00e9nerg\u00e9tique. Les tamis mol\u00e9culaires en carbone garantissent un azote premium de la plus haute puret\u00e9.\" \/>\n<meta property=\"og:url\" content=\"https:\/\/www.albadelakhar.ly\/fr\/product\/\u0645\u0648\u0644\u062f-ngp\u207a-premium\/\" \/>\n<meta property=\"og:site_name\" content=\"Atlas Copco\" \/>\n<meta property=\"article:modified_time\" content=\"2023-12-18T11:04:07+00:00\" \/>\n<meta property=\"og:image\" content=\"https:\/\/www.albadelakhar.ly\/wp-content\/uploads\/2023\/12\/68565.jpg\" \/>\n\t<meta property=\"og:image:width\" content=\"500\" \/>\n\t<meta property=\"og:image:height\" content=\"500\" \/>\n\t<meta property=\"og:image:type\" content=\"image\/jpeg\" \/>\n<meta name=\"twitter:card\" content=\"summary_large_image\" \/>\n<script type=\"application\/ld+json\" class=\"yoast-schema-graph\">{\"@context\":\"https:\/\/schema.org\",\"@graph\":[{\"@type\":\"WebPage\",\"@id\":\"https:\/\/www.albadelakhar.ly\/fr\/product\/%d9%85%d9%88%d9%84%d8%af-ngp%e2%81%ba-premium\/\",\"url\":\"https:\/\/www.albadelakhar.ly\/fr\/product\/%d9%85%d9%88%d9%84%d8%af-ngp%e2%81%ba-premium\/\",\"name\":\"G\u00e9n\u00e9rateur NGP\u207a premium | Atlas Copco\",\"isPartOf\":{\"@id\":\"https:\/\/www.albadelakhar.ly\/#website\"},\"datePublished\":\"2023-12-15T10:00:56+00:00\",\"dateModified\":\"2023-12-18T11:04:07+00:00\",\"description\":\"Nos g\u00e9n\u00e9rateurs d'azote NGP\u207a premium offrent la plus large gamme d'approvisionnement en azote avec la plus haute efficacit\u00e9 \u00e9nerg\u00e9tique. Les tamis mol\u00e9culaires en carbone garantissent un azote premium de la plus haute puret\u00e9.\",\"breadcrumb\":{\"@id\":\"https:\/\/www.albadelakhar.ly\/fr\/product\/%d9%85%d9%88%d9%84%d8%af-ngp%e2%81%ba-premium\/#breadcrumb\"},\"inLanguage\":\"fr-FR\",\"potentialAction\":[{\"@type\":\"ReadAction\",\"target\":[\"https:\/\/www.albadelakhar.ly\/fr\/product\/%d9%85%d9%88%d9%84%d8%af-ngp%e2%81%ba-premium\/\"]}]},{\"@type\":\"BreadcrumbList\",\"@id\":\"https:\/\/www.albadelakhar.ly\/fr\/product\/%d9%85%d9%88%d9%84%d8%af-ngp%e2%81%ba-premium\/#breadcrumb\",\"itemListElement\":[{\"@type\":\"ListItem\",\"position\":1,\"name\":\"Accueil\",\"item\":\"https:\/\/www.albadelakhar.ly\/fr\/\"},{\"@type\":\"ListItem\",\"position\":2,\"name\":\"\u0627\u0644\u0645\u0646\u062a\u062c\u0627\u062a\",\"item\":\"https:\/\/www.albadelakhar.ly\/shop\/\"},{\"@type\":\"ListItem\",\"position\":3,\"name\":\"G\u00e9n\u00e9rateur NGP\u207a premium\"}]},{\"@type\":\"WebSite\",\"@id\":\"https:\/\/www.albadelakhar.ly\/#website\",\"url\":\"https:\/\/www.albadelakhar.ly\/\",\"name\":\"Atlas Copco\",\"description\":\"Albadel Akhar Co.\",\"potentialAction\":[{\"@type\":\"SearchAction\",\"target\":{\"@type\":\"EntryPoint\",\"urlTemplate\":\"https:\/\/www.albadelakhar.ly\/?s={search_term_string}\"},\"query-input\":\"required name=search_term_string\"}],\"inLanguage\":\"fr-FR\"}]}<\/script>\n<!-- \/ Yoast SEO plugin. -->","yoast_head_json":{"title":"G\u00e9n\u00e9rateur NGP\u207a premium | Atlas Copco","description":"Nos g\u00e9n\u00e9rateurs d'azote NGP\u207a premium offrent la plus large gamme d'approvisionnement en azote avec la plus haute efficacit\u00e9 \u00e9nerg\u00e9tique. Les tamis mol\u00e9culaires en carbone garantissent un azote premium de la plus haute puret\u00e9.","robots":{"index":"index","follow":"follow","max-snippet":"max-snippet:-1","max-image-preview":"max-image-preview:large","max-video-preview":"max-video-preview:-1"},"canonical":"https:\/\/www.albadelakhar.ly\/fr\/product\/\u0645\u0648\u0644\u062f-ngp\u207a-premium\/","og_locale":"fr_FR","og_type":"article","og_title":"G\u00e9n\u00e9rateur NGP\u207a premium | Atlas Copco","og_description":"Nos g\u00e9n\u00e9rateurs d'azote NGP\u207a premium offrent la plus large gamme d'approvisionnement en azote avec la plus haute efficacit\u00e9 \u00e9nerg\u00e9tique. Les tamis mol\u00e9culaires en carbone garantissent un azote premium de la plus haute puret\u00e9.","og_url":"https:\/\/www.albadelakhar.ly\/fr\/product\/\u0645\u0648\u0644\u062f-ngp\u207a-premium\/","og_site_name":"Atlas Copco","article_modified_time":"2023-12-18T11:04:07+00:00","og_image":[{"width":500,"height":500,"url":"https:\/\/www.albadelakhar.ly\/wp-content\/uploads\/2023\/12\/68565.jpg","type":"image\/jpeg"}],"twitter_card":"summary_large_image","schema":{"@context":"https:\/\/schema.org","@graph":[{"@type":"WebPage","@id":"https:\/\/www.albadelakhar.ly\/fr\/product\/%d9%85%d9%88%d9%84%d8%af-ngp%e2%81%ba-premium\/","url":"https:\/\/www.albadelakhar.ly\/fr\/product\/%d9%85%d9%88%d9%84%d8%af-ngp%e2%81%ba-premium\/","name":"G\u00e9n\u00e9rateur NGP\u207a premium | Atlas Copco","isPartOf":{"@id":"https:\/\/www.albadelakhar.ly\/#website"},"datePublished":"2023-12-15T10:00:56+00:00","dateModified":"2023-12-18T11:04:07+00:00","description":"Nos g\u00e9n\u00e9rateurs d'azote NGP\u207a premium offrent la plus large gamme d'approvisionnement en azote avec la plus haute efficacit\u00e9 \u00e9nerg\u00e9tique. Les tamis mol\u00e9culaires en carbone garantissent un azote premium de la plus haute puret\u00e9.","breadcrumb":{"@id":"https:\/\/www.albadelakhar.ly\/fr\/product\/%d9%85%d9%88%d9%84%d8%af-ngp%e2%81%ba-premium\/#breadcrumb"},"inLanguage":"fr-FR","potentialAction":[{"@type":"ReadAction","target":["https:\/\/www.albadelakhar.ly\/fr\/product\/%d9%85%d9%88%d9%84%d8%af-ngp%e2%81%ba-premium\/"]}]},{"@type":"BreadcrumbList","@id":"https:\/\/www.albadelakhar.ly\/fr\/product\/%d9%85%d9%88%d9%84%d8%af-ngp%e2%81%ba-premium\/#breadcrumb","itemListElement":[{"@type":"ListItem","position":1,"name":"Accueil","item":"https:\/\/www.albadelakhar.ly\/fr\/"},{"@type":"ListItem","position":2,"name":"\u0627\u0644\u0645\u0646\u062a\u062c\u0627\u062a","item":"https:\/\/www.albadelakhar.ly\/shop\/"},{"@type":"ListItem","position":3,"name":"G\u00e9n\u00e9rateur NGP\u207a premium"}]},{"@type":"WebSite","@id":"https:\/\/www.albadelakhar.ly\/#website","url":"https:\/\/www.albadelakhar.ly\/","name":"Atlas Copco","description":"Albadel Akhar Co.","potentialAction":[{"@type":"SearchAction","target":{"@type":"EntryPoint","urlTemplate":"https:\/\/www.albadelakhar.ly\/?s={search_term_string}"},"query-input":"required name=search_term_string"}],"inLanguage":"fr-FR"}]}},"_links":{"self":[{"href":"https:\/\/www.albadelakhar.ly\/fr\/wp-json\/wp\/v2\/product\/9002","targetHints":{"allow":["GET"]}}],"collection":[{"href":"https:\/\/www.albadelakhar.ly\/fr\/wp-json\/wp\/v2\/product"}],"about":[{"href":"https:\/\/www.albadelakhar.ly\/fr\/wp-json\/wp\/v2\/types\/product"}],"wp:featuredmedia":[{"embeddable":true,"href":"https:\/\/www.albadelakhar.ly\/fr\/wp-json\/wp\/v2\/media\/8717"}],"wp:attachment":[{"href":"https:\/\/www.albadelakhar.ly\/fr\/wp-json\/wp\/v2\/media?parent=9002"}],"wp:term":[{"taxonomy":"product_cat","embeddable":true,"href":"https:\/\/www.albadelakhar.ly\/fr\/wp-json\/wp\/v2\/product_cat?post=9002"},{"taxonomy":"product_tag","embeddable":true,"href":"https:\/\/www.albadelakhar.ly\/fr\/wp-json\/wp\/v2\/product_tag?post=9002"}],"curies":[{"name":"wp","href":"https:\/\/api.w.org\/{rel}","templated":true}]}}