{"id":9013,"date":"2023-12-15T09:50:37","date_gmt":"2023-12-15T09:50:37","guid":{"rendered":"https:\/\/www.albadelakhar.ly\/product\/%d9%85%d9%88%d9%84%d8%af-%d8%a7%d9%84%d9%86%d9%8a%d8%aa%d8%b1%d9%88%d8%ac%d9%8a%d9%86-ngp-10-115-psa\/"},"modified":"2023-12-18T11:12:32","modified_gmt":"2023-12-18T11:12:32","slug":"%d9%85%d9%88%d9%84%d8%af-%d8%a7%d9%84%d9%86%d9%8a%d8%aa%d8%b1%d9%88%d8%ac%d9%8a%d9%86-ngp-10-115-psa","status":"publish","type":"product","link":"https:\/\/www.albadelakhar.ly\/fr\/product\/%d9%85%d9%88%d9%84%d8%af-%d8%a7%d9%84%d9%86%d9%8a%d8%aa%d8%b1%d9%88%d8%ac%d9%8a%d9%86-ngp-10-115-psa\/","title":{"rendered":"G\u00e9n\u00e9rateur d&#8217;azote NGP 10-115 PSA"},"content":{"rendered":"<section class=\"wpb-content-wrapper\"><p>[vc_row][vc_column width=&#8221;1\/3&#8243;][\/vc_column][vc_column width=&#8221;1\/3&#8243;][\/vc_column][vc_column width=&#8221;1\/3&#8243;][vc_column_text]<\/p>\n<div class=\"et_pb_module et_pb_text et_pb_text_19 et_pb_text_align_center et_pb_bg_layout_light\">\n<div class=\"et_pb_text_inner\">\n<div class=\"et_pb_module et_pb_text et_pb_text_4 et_pb_text_align_center et_pb_bg_layout_light\">\n<div class=\"et_pb_text_inner\">\n<div class=\"et_pb_module et_pb_text et_pb_text_4 et_pb_text_align_center et_pb_bg_layout_light\">\n<div class=\"et_pb_text_inner\">\n<p style=\"text-align: right;\"><a href=\"https:\/\/www.albadelakhar.ly\/wp-content\/uploads\/2023\/12\/2935097745_L-1.pdf\"><strong>NGP 10-115 PSA nitrogen generator<\/strong><img decoding=\"async\" class=\" wp-image-7682 alignright\" src=\"https:\/\/www.albadelakhar.ly\/wp-content\/uploads\/2023\/12\/download-pdf.png\" alt=\"\" width=\"58\" height=\"58\" \/><\/a><\/p>\n<\/div>\n<\/div>\n<\/div>\n<\/div>\n<p style=\"text-align: right;\">\n<\/div>\n<\/div>\n<p>[\/vc_column_text][\/vc_column][\/vc_row][vc_row][vc_column][vc_column_text]<\/p>\n<p>[\/vc_column_text][\/vc_column][\/vc_row]<\/p>\n<\/section>","protected":false},"excerpt":{"rendered":"<p>Albadel Akhar Co. fournit des g\u00e9n\u00e9rateurs d&#8217;azote NGP.<\/p>\n<p>Ils sont faciles \u00e0 installer et pr\u00eats pour un usage priv\u00e9 et sont \u00e9quip\u00e9s de PSA, le d\u00e9bit d&#8217;azote pur le plus puissant.<\/p>\n<ul>\n<li>Plage de d\u00e9bit de puret\u00e9 95 % : 4,6 \u2013 2 871 nm3\/h<\/li>\n<li>Plage de d\u00e9bit de puret\u00e9 99 % : 8,5 \u2013 1 650 nm3\/h<\/li>\n<li>Plage de puret\u00e9 de 99,999 % : 1,9 \u2013 375 nm3\/h<\/li>\n<\/ul>\n","protected":false},"featured_media":8702,"template":"","meta":[],"product_cat":[174,172,176],"product_tag":[],"class_list":["post-9013","product","type-product","status-publish","has-post-thumbnail","hentry","product_cat-generateurs-dazote","product_cat-generateurs-de-gaz","product_cat-uncategorized-fr"],"yoast_head":"<!-- This site is optimized with the Yoast SEO plugin v22.0 - https:\/\/yoast.com\/wordpress\/plugins\/seo\/ -->\n<title>G\u00e9n\u00e9rateur d&#039;azote NGP 10-115 PSA | Atlas Copco<\/title>\n<meta name=\"description\" content=\"Albadel Akhar Co. fournit des g\u00e9n\u00e9rateurs d&#039;azote NGP.  Ils sont faciles \u00e0 installer et pr\u00eats pour un usage priv\u00e9 et sont \u00e9quip\u00e9s de PSA, le d\u00e9bit d&#039;azote pur le plus puissant.   Plage de d\u00e9bit de puret\u00e9 95 % : 4,6 \u2013 2 871 nm3\/h  Plage de d\u00e9bit de puret\u00e9 99 % : 8,5 \u2013 1 650 nm3\/h  Plage de puret\u00e9 de 99,999 % : 1,9 \u2013 375 nm3\/h\" \/>\n<meta name=\"robots\" content=\"index, follow, max-snippet:-1, max-image-preview:large, max-video-preview:-1\" \/>\n<link rel=\"canonical\" href=\"https:\/\/www.albadelakhar.ly\/fr\/product\/\u0645\u0648\u0644\u062f-\u0627\u0644\u0646\u064a\u062a\u0631\u0648\u062c\u064a\u0646-ngp-10-115-psa\/\" \/>\n<meta property=\"og:locale\" content=\"fr_FR\" \/>\n<meta property=\"og:type\" content=\"article\" \/>\n<meta property=\"og:title\" content=\"G\u00e9n\u00e9rateur d&#039;azote NGP 10-115 PSA | Atlas Copco\" \/>\n<meta property=\"og:description\" content=\"Albadel Akhar Co. fournit des g\u00e9n\u00e9rateurs d&#039;azote NGP.  Ils sont faciles \u00e0 installer et pr\u00eats pour un usage priv\u00e9 et sont \u00e9quip\u00e9s de PSA, le d\u00e9bit d&#039;azote pur le plus puissant.   Plage de d\u00e9bit de puret\u00e9 95 % : 4,6 \u2013 2 871 nm3\/h  Plage de d\u00e9bit de puret\u00e9 99 % : 8,5 \u2013 1 650 nm3\/h  Plage de puret\u00e9 de 99,999 % : 1,9 \u2013 375 nm3\/h\" \/>\n<meta property=\"og:url\" content=\"https:\/\/www.albadelakhar.ly\/fr\/product\/\u0645\u0648\u0644\u062f-\u0627\u0644\u0646\u064a\u062a\u0631\u0648\u062c\u064a\u0646-ngp-10-115-psa\/\" \/>\n<meta property=\"og:site_name\" content=\"Atlas Copco\" \/>\n<meta property=\"article:modified_time\" content=\"2023-12-18T11:12:32+00:00\" \/>\n<meta property=\"og:image\" content=\"https:\/\/www.albadelakhar.ly\/wp-content\/uploads\/2023\/12\/894812-480x480-1.jpg\" \/>\n\t<meta property=\"og:image:width\" content=\"480\" \/>\n\t<meta property=\"og:image:height\" content=\"480\" \/>\n\t<meta property=\"og:image:type\" content=\"image\/jpeg\" \/>\n<meta name=\"twitter:card\" content=\"summary_large_image\" \/>\n<script type=\"application\/ld+json\" class=\"yoast-schema-graph\">{\"@context\":\"https:\/\/schema.org\",\"@graph\":[{\"@type\":\"WebPage\",\"@id\":\"https:\/\/www.albadelakhar.ly\/fr\/product\/%d9%85%d9%88%d9%84%d8%af-%d8%a7%d9%84%d9%86%d9%8a%d8%aa%d8%b1%d9%88%d8%ac%d9%8a%d9%86-ngp-10-115-psa\/\",\"url\":\"https:\/\/www.albadelakhar.ly\/fr\/product\/%d9%85%d9%88%d9%84%d8%af-%d8%a7%d9%84%d9%86%d9%8a%d8%aa%d8%b1%d9%88%d8%ac%d9%8a%d9%86-ngp-10-115-psa\/\",\"name\":\"G\u00e9n\u00e9rateur d'azote NGP 10-115 PSA | Atlas Copco\",\"isPartOf\":{\"@id\":\"https:\/\/www.albadelakhar.ly\/#website\"},\"datePublished\":\"2023-12-15T09:50:37+00:00\",\"dateModified\":\"2023-12-18T11:12:32+00:00\",\"description\":\"Albadel Akhar Co. fournit des g\u00e9n\u00e9rateurs d'azote NGP. Ils sont faciles \u00e0 installer et pr\u00eats pour un usage priv\u00e9 et sont \u00e9quip\u00e9s de PSA, le d\u00e9bit d'azote pur le plus puissant. Plage de d\u00e9bit de puret\u00e9 95 % : 4,6 \u2013 2 871 nm3\/h Plage de d\u00e9bit de puret\u00e9 99 % : 8,5 \u2013 1 650 nm3\/h Plage de puret\u00e9 de 99,999 % : 1,9 \u2013 375 nm3\/h\",\"breadcrumb\":{\"@id\":\"https:\/\/www.albadelakhar.ly\/fr\/product\/%d9%85%d9%88%d9%84%d8%af-%d8%a7%d9%84%d9%86%d9%8a%d8%aa%d8%b1%d9%88%d8%ac%d9%8a%d9%86-ngp-10-115-psa\/#breadcrumb\"},\"inLanguage\":\"fr-FR\",\"potentialAction\":[{\"@type\":\"ReadAction\",\"target\":[\"https:\/\/www.albadelakhar.ly\/fr\/product\/%d9%85%d9%88%d9%84%d8%af-%d8%a7%d9%84%d9%86%d9%8a%d8%aa%d8%b1%d9%88%d8%ac%d9%8a%d9%86-ngp-10-115-psa\/\"]}]},{\"@type\":\"BreadcrumbList\",\"@id\":\"https:\/\/www.albadelakhar.ly\/fr\/product\/%d9%85%d9%88%d9%84%d8%af-%d8%a7%d9%84%d9%86%d9%8a%d8%aa%d8%b1%d9%88%d8%ac%d9%8a%d9%86-ngp-10-115-psa\/#breadcrumb\",\"itemListElement\":[{\"@type\":\"ListItem\",\"position\":1,\"name\":\"Accueil\",\"item\":\"https:\/\/www.albadelakhar.ly\/fr\/\"},{\"@type\":\"ListItem\",\"position\":2,\"name\":\"\u0627\u0644\u0645\u0646\u062a\u062c\u0627\u062a\",\"item\":\"https:\/\/www.albadelakhar.ly\/shop\/\"},{\"@type\":\"ListItem\",\"position\":3,\"name\":\"G\u00e9n\u00e9rateur d&#8217;azote NGP 10-115 PSA\"}]},{\"@type\":\"WebSite\",\"@id\":\"https:\/\/www.albadelakhar.ly\/#website\",\"url\":\"https:\/\/www.albadelakhar.ly\/\",\"name\":\"Atlas Copco\",\"description\":\"Albadel Akhar Co.\",\"potentialAction\":[{\"@type\":\"SearchAction\",\"target\":{\"@type\":\"EntryPoint\",\"urlTemplate\":\"https:\/\/www.albadelakhar.ly\/?s={search_term_string}\"},\"query-input\":\"required name=search_term_string\"}],\"inLanguage\":\"fr-FR\"}]}<\/script>\n<!-- \/ Yoast SEO plugin. -->","yoast_head_json":{"title":"G\u00e9n\u00e9rateur d'azote NGP 10-115 PSA | Atlas Copco","description":"Albadel Akhar Co. fournit des g\u00e9n\u00e9rateurs d'azote NGP.  Ils sont faciles \u00e0 installer et pr\u00eats pour un usage priv\u00e9 et sont \u00e9quip\u00e9s de PSA, le d\u00e9bit d'azote pur le plus puissant.   Plage de d\u00e9bit de puret\u00e9 95 % : 4,6 \u2013 2 871 nm3\/h  Plage de d\u00e9bit de puret\u00e9 99 % : 8,5 \u2013 1 650 nm3\/h  Plage de puret\u00e9 de 99,999 % : 1,9 \u2013 375 nm3\/h","robots":{"index":"index","follow":"follow","max-snippet":"max-snippet:-1","max-image-preview":"max-image-preview:large","max-video-preview":"max-video-preview:-1"},"canonical":"https:\/\/www.albadelakhar.ly\/fr\/product\/\u0645\u0648\u0644\u062f-\u0627\u0644\u0646\u064a\u062a\u0631\u0648\u062c\u064a\u0646-ngp-10-115-psa\/","og_locale":"fr_FR","og_type":"article","og_title":"G\u00e9n\u00e9rateur d'azote NGP 10-115 PSA | Atlas Copco","og_description":"Albadel Akhar Co. fournit des g\u00e9n\u00e9rateurs d'azote NGP.  Ils sont faciles \u00e0 installer et pr\u00eats pour un usage priv\u00e9 et sont \u00e9quip\u00e9s de PSA, le d\u00e9bit d'azote pur le plus puissant.   Plage de d\u00e9bit de puret\u00e9 95 % : 4,6 \u2013 2 871 nm3\/h  Plage de d\u00e9bit de puret\u00e9 99 % : 8,5 \u2013 1 650 nm3\/h  Plage de puret\u00e9 de 99,999 % : 1,9 \u2013 375 nm3\/h","og_url":"https:\/\/www.albadelakhar.ly\/fr\/product\/\u0645\u0648\u0644\u062f-\u0627\u0644\u0646\u064a\u062a\u0631\u0648\u062c\u064a\u0646-ngp-10-115-psa\/","og_site_name":"Atlas Copco","article_modified_time":"2023-12-18T11:12:32+00:00","og_image":[{"width":480,"height":480,"url":"https:\/\/www.albadelakhar.ly\/wp-content\/uploads\/2023\/12\/894812-480x480-1.jpg","type":"image\/jpeg"}],"twitter_card":"summary_large_image","schema":{"@context":"https:\/\/schema.org","@graph":[{"@type":"WebPage","@id":"https:\/\/www.albadelakhar.ly\/fr\/product\/%d9%85%d9%88%d9%84%d8%af-%d8%a7%d9%84%d9%86%d9%8a%d8%aa%d8%b1%d9%88%d8%ac%d9%8a%d9%86-ngp-10-115-psa\/","url":"https:\/\/www.albadelakhar.ly\/fr\/product\/%d9%85%d9%88%d9%84%d8%af-%d8%a7%d9%84%d9%86%d9%8a%d8%aa%d8%b1%d9%88%d8%ac%d9%8a%d9%86-ngp-10-115-psa\/","name":"G\u00e9n\u00e9rateur d'azote NGP 10-115 PSA | Atlas Copco","isPartOf":{"@id":"https:\/\/www.albadelakhar.ly\/#website"},"datePublished":"2023-12-15T09:50:37+00:00","dateModified":"2023-12-18T11:12:32+00:00","description":"Albadel Akhar Co. fournit des g\u00e9n\u00e9rateurs d'azote NGP. Ils sont faciles \u00e0 installer et pr\u00eats pour un usage priv\u00e9 et sont \u00e9quip\u00e9s de PSA, le d\u00e9bit d'azote pur le plus puissant. Plage de d\u00e9bit de puret\u00e9 95 % : 4,6 \u2013 2 871 nm3\/h Plage de d\u00e9bit de puret\u00e9 99 % : 8,5 \u2013 1 650 nm3\/h Plage de puret\u00e9 de 99,999 % : 1,9 \u2013 375 nm3\/h","breadcrumb":{"@id":"https:\/\/www.albadelakhar.ly\/fr\/product\/%d9%85%d9%88%d9%84%d8%af-%d8%a7%d9%84%d9%86%d9%8a%d8%aa%d8%b1%d9%88%d8%ac%d9%8a%d9%86-ngp-10-115-psa\/#breadcrumb"},"inLanguage":"fr-FR","potentialAction":[{"@type":"ReadAction","target":["https:\/\/www.albadelakhar.ly\/fr\/product\/%d9%85%d9%88%d9%84%d8%af-%d8%a7%d9%84%d9%86%d9%8a%d8%aa%d8%b1%d9%88%d8%ac%d9%8a%d9%86-ngp-10-115-psa\/"]}]},{"@type":"BreadcrumbList","@id":"https:\/\/www.albadelakhar.ly\/fr\/product\/%d9%85%d9%88%d9%84%d8%af-%d8%a7%d9%84%d9%86%d9%8a%d8%aa%d8%b1%d9%88%d8%ac%d9%8a%d9%86-ngp-10-115-psa\/#breadcrumb","itemListElement":[{"@type":"ListItem","position":1,"name":"Accueil","item":"https:\/\/www.albadelakhar.ly\/fr\/"},{"@type":"ListItem","position":2,"name":"\u0627\u0644\u0645\u0646\u062a\u062c\u0627\u062a","item":"https:\/\/www.albadelakhar.ly\/shop\/"},{"@type":"ListItem","position":3,"name":"G\u00e9n\u00e9rateur d&#8217;azote NGP 10-115 PSA"}]},{"@type":"WebSite","@id":"https:\/\/www.albadelakhar.ly\/#website","url":"https:\/\/www.albadelakhar.ly\/","name":"Atlas Copco","description":"Albadel Akhar Co.","potentialAction":[{"@type":"SearchAction","target":{"@type":"EntryPoint","urlTemplate":"https:\/\/www.albadelakhar.ly\/?s={search_term_string}"},"query-input":"required name=search_term_string"}],"inLanguage":"fr-FR"}]}},"_links":{"self":[{"href":"https:\/\/www.albadelakhar.ly\/fr\/wp-json\/wp\/v2\/product\/9013","targetHints":{"allow":["GET"]}}],"collection":[{"href":"https:\/\/www.albadelakhar.ly\/fr\/wp-json\/wp\/v2\/product"}],"about":[{"href":"https:\/\/www.albadelakhar.ly\/fr\/wp-json\/wp\/v2\/types\/product"}],"wp:featuredmedia":[{"embeddable":true,"href":"https:\/\/www.albadelakhar.ly\/fr\/wp-json\/wp\/v2\/media\/8702"}],"wp:attachment":[{"href":"https:\/\/www.albadelakhar.ly\/fr\/wp-json\/wp\/v2\/media?parent=9013"}],"wp:term":[{"taxonomy":"product_cat","embeddable":true,"href":"https:\/\/www.albadelakhar.ly\/fr\/wp-json\/wp\/v2\/product_cat?post=9013"},{"taxonomy":"product_tag","embeddable":true,"href":"https:\/\/www.albadelakhar.ly\/fr\/wp-json\/wp\/v2\/product_tag?post=9013"}],"curies":[{"name":"wp","href":"https:\/\/api.w.org\/{rel}","templated":true}]}}