{"id":9037,"date":"2023-12-15T09:37:36","date_gmt":"2023-12-15T09:37:36","guid":{"rendered":"https:\/\/www.albadelakhar.ly\/product\/%d9%85%d8%b1%d8%b4%d8%ad%d8%a7%d8%aa-%d8%af%d9%85%d8%ac-%d8%a7%d9%84%d8%b2%d9%8a%d8%aa-dd-%d9%88-pd\/"},"modified":"2023-12-25T13:58:49","modified_gmt":"2023-12-25T13:58:49","slug":"%d9%85%d8%b1%d8%b4%d8%ad%d8%a7%d8%aa-%d8%af%d9%85%d8%ac-%d8%a7%d9%84%d8%b2%d9%8a%d8%aa-dd-%d9%88-pd","status":"publish","type":"product","link":"https:\/\/www.albadelakhar.ly\/fr\/product\/%d9%85%d8%b1%d8%b4%d8%ad%d8%a7%d8%aa-%d8%af%d9%85%d8%ac-%d8%a7%d9%84%d8%b2%d9%8a%d8%aa-dd-%d9%88-pd\/","title":{"rendered":"Filtres combin\u00e9s \u00e0 huile (+)DD et (+)PD"},"content":{"rendered":"<section class=\"wpb-content-wrapper\"><p>[vc_row][vc_column width=&#8221;1\/3&#8243;][vc_column_text]<\/p>\n<div class=\"et_pb_module et_pb_text et_pb_text_19 et_pb_text_align_center et_pb_bg_layout_light\">\n<div class=\"et_pb_text_inner\">\n<div class=\"et_pb_module et_pb_text et_pb_text_4 et_pb_text_align_center et_pb_bg_layout_light\">\n<div class=\"et_pb_text_inner\">\n<div class=\"et_pb_module et_pb_text et_pb_text_8 et_pb_text_align_center et_pb_bg_layout_light\">\n<div class=\"et_pb_text_inner\">\n<p style=\"text-align: right;\"><a href=\"https:\/\/www.albadelakhar.ly\/wp-content\/uploads\/2023\/12\/DDplus_Filter_TUV_Certificate.pdf\"><strong>DD+ filter ISO 12500-1 and ISO 8573-2 certificate<img decoding=\"async\" class=\" wp-image-7682 alignright\" src=\"https:\/\/www.albadelakhar.ly\/wp-content\/uploads\/2023\/12\/download-pdf.png\" alt=\"\" width=\"58\" height=\"58\" \/><\/strong><\/a><\/p>\n<\/div>\n<\/div>\n<\/div>\n<\/div>\n<p style=\"text-align: right;\">\n<\/div>\n<\/div>\n<p>[\/vc_column_text][vc_column_text]<\/p>\n<div class=\"et_pb_module et_pb_text et_pb_text_19 et_pb_text_align_center et_pb_bg_layout_light\">\n<div class=\"et_pb_text_inner\">\n<div class=\"et_pb_module et_pb_text et_pb_text_4 et_pb_text_align_center et_pb_bg_layout_light\">\n<div class=\"et_pb_text_inner\">\n<div class=\"et_pb_module et_pb_text et_pb_text_7 et_pb_text_align_center et_pb_bg_layout_light\">\n<div class=\"et_pb_text_inner\">\n<p style=\"text-align: right;\"><a href=\"https:\/\/www.albadelakhar.ly\/wp-content\/uploads\/2023\/12\/Filters_antwerp_leaflet_EN_2935093244-1.pdf\"><strong>Filters antwerp leaflet_EN<img decoding=\"async\" class=\" wp-image-7682 alignright\" src=\"https:\/\/www.albadelakhar.ly\/wp-content\/uploads\/2023\/12\/download-pdf.png\" alt=\"\" width=\"58\" height=\"58\" \/><\/strong><\/a><\/p>\n<\/div>\n<\/div>\n<\/div>\n<\/div>\n<p style=\"text-align: right;\">\n<\/div>\n<\/div>\n<p>[\/vc_column_text][\/vc_column][vc_column width=&#8221;1\/3&#8243;][vc_column_text]<\/p>\n<div class=\"et_pb_module et_pb_text et_pb_text_19 et_pb_text_align_center et_pb_bg_layout_light\">\n<div class=\"et_pb_text_inner\">\n<div class=\"et_pb_module et_pb_text et_pb_text_4 et_pb_text_align_center et_pb_bg_layout_light\">\n<div class=\"et_pb_text_inner\">\n<div class=\"et_pb_module et_pb_text et_pb_text_9 et_pb_text_align_center et_pb_bg_layout_light\">\n<div class=\"et_pb_text_inner\">\n<p style=\"text-align: right;\"><a href=\"https:\/\/www.albadelakhar.ly\/wp-content\/uploads\/2023\/12\/DDplus_DDpplus_Pdplus_PDpplus_IBR_Particle_Removal_Certificate.pdf\"><strong>DD+, DDp+, PD+, PDp+ filter ISO 12500-3 certificate<img decoding=\"async\" class=\" wp-image-7682 alignright\" src=\"https:\/\/www.albadelakhar.ly\/wp-content\/uploads\/2023\/12\/download-pdf.png\" alt=\"\" width=\"58\" height=\"58\" \/><\/strong><\/a><\/p>\n<\/div>\n<\/div>\n<\/div>\n<\/div>\n<p style=\"text-align: right;\">\n<\/div>\n<\/div>\n<p>[\/vc_column_text][\/vc_column][vc_column width=&#8221;1\/3&#8243;][vc_column_text]<\/p>\n<div class=\"et_pb_module et_pb_text et_pb_text_19 et_pb_text_align_center et_pb_bg_layout_light\">\n<div class=\"et_pb_text_inner\">\n<div class=\"et_pb_module et_pb_text et_pb_text_4 et_pb_text_align_center et_pb_bg_layout_light\">\n<div class=\"et_pb_text_inner\">\n<div class=\"et_pb_module et_pb_text et_pb_text_10 et_pb_text_align_center et_pb_bg_layout_light\">\n<div class=\"et_pb_text_inner\">\n<p style=\"text-align: right;\"><a href=\"https:\/\/www.albadelakhar.ly\/wp-content\/uploads\/2023\/12\/DDplus_PDplus_QDT_Filter_Train_TUV_Certificate.pdf\"><strong>AtlasCopco DD+ PD+ QDT filter train<img decoding=\"async\" class=\" wp-image-7682 alignright\" src=\"https:\/\/www.albadelakhar.ly\/wp-content\/uploads\/2023\/12\/download-pdf.png\" alt=\"\" width=\"58\" height=\"58\" \/><\/strong><\/a><\/p>\n<\/div>\n<\/div>\n<\/div>\n<\/div>\n<p style=\"text-align: right;\">\n<\/div>\n<\/div>\n<p>[\/vc_column_text][\/vc_column][\/vc_row][vc_row][vc_column][vc_column_text]<\/p>\n<p>[\/vc_column_text][\/vc_column][\/vc_row]<\/p>\n<\/section>","protected":false},"excerpt":{"rendered":"<p style=\"text-align: left;\">Les filtres combin\u00e9s \u00e0 huile (+)DD et (+)PD r\u00e9duisent efficacement le brouillard d&#8217;huile, la poussi\u00e8re humide et les gouttelettes d&#8217;eau dans le flux d&#8217;air comprim\u00e9 pour prot\u00e9ger votre investissement, votre \u00e9quipement et vos op\u00e9rations. Ces impuret\u00e9s peuvent provenir de la lubrification des \u00e9l\u00e9ments du compresseur, de l\u2019air d\u2019admission et de l\u2019installation du compresseur lui-m\u00eame.<\/p>\n","protected":false},"featured_media":9406,"template":"","meta":[],"product_cat":[167,162],"product_tag":[],"class_list":["post-9037","product","type-product","status-publish","has-post-thumbnail","hentry","product_cat-filtres-a-air","product_cat-secheurs-dair-et-filtres"],"yoast_head":"<!-- This site is optimized with the Yoast SEO plugin v22.0 - https:\/\/yoast.com\/wordpress\/plugins\/seo\/ -->\n<title>Filtres combin\u00e9s \u00e0 huile (+)DD et (+)PD | Atlas Copco<\/title>\n<meta name=\"description\" content=\"Les filtres combin\u00e9s \u00e0 huile (+)DD et (+)PD r\u00e9duisent efficacement le brouillard d&#039;huile, la poussi\u00e8re humide et les gouttelettes d&#039;eau dans le flux d&#039;air comprim\u00e9 pour prot\u00e9ger votre investissement, votre \u00e9quipement et vos op\u00e9rations. Ces impuret\u00e9s peuvent provenir de la lubrification des \u00e9l\u00e9ments du compresseur, de l\u2019air d\u2019admission et de l\u2019installation du compresseur lui-m\u00eame.\" \/>\n<meta name=\"robots\" content=\"index, follow, max-snippet:-1, max-image-preview:large, max-video-preview:-1\" \/>\n<link rel=\"canonical\" href=\"https:\/\/www.albadelakhar.ly\/fr\/product\/\u0645\u0631\u0634\u062d\u0627\u062a-\u062f\u0645\u062c-\u0627\u0644\u0632\u064a\u062a-dd-\u0648-pd\/\" \/>\n<meta property=\"og:locale\" content=\"fr_FR\" \/>\n<meta property=\"og:type\" content=\"article\" \/>\n<meta property=\"og:title\" content=\"Filtres combin\u00e9s \u00e0 huile (+)DD et (+)PD | Atlas Copco\" \/>\n<meta property=\"og:description\" content=\"Les filtres combin\u00e9s \u00e0 huile (+)DD et (+)PD r\u00e9duisent efficacement le brouillard d&#039;huile, la poussi\u00e8re humide et les gouttelettes d&#039;eau dans le flux d&#039;air comprim\u00e9 pour prot\u00e9ger votre investissement, votre \u00e9quipement et vos op\u00e9rations. Ces impuret\u00e9s peuvent provenir de la lubrification des \u00e9l\u00e9ments du compresseur, de l\u2019air d\u2019admission et de l\u2019installation du compresseur lui-m\u00eame.\" \/>\n<meta property=\"og:url\" content=\"https:\/\/www.albadelakhar.ly\/fr\/product\/\u0645\u0631\u0634\u062d\u0627\u062a-\u062f\u0645\u062c-\u0627\u0644\u0632\u064a\u062a-dd-\u0648-pd\/\" \/>\n<meta property=\"og:site_name\" content=\"Atlas Copco\" \/>\n<meta property=\"article:modified_time\" content=\"2023-12-25T13:58:49+00:00\" \/>\n<meta property=\"og:image\" content=\"https:\/\/www.albadelakhar.ly\/wp-content\/uploads\/2023\/12\/Sans-titre-1-3.jpg\" \/>\n\t<meta property=\"og:image:width\" content=\"480\" \/>\n\t<meta property=\"og:image:height\" content=\"480\" \/>\n\t<meta property=\"og:image:type\" content=\"image\/jpeg\" \/>\n<meta name=\"twitter:card\" content=\"summary_large_image\" \/>\n<script type=\"application\/ld+json\" class=\"yoast-schema-graph\">{\"@context\":\"https:\/\/schema.org\",\"@graph\":[{\"@type\":\"WebPage\",\"@id\":\"https:\/\/www.albadelakhar.ly\/fr\/product\/%d9%85%d8%b1%d8%b4%d8%ad%d8%a7%d8%aa-%d8%af%d9%85%d8%ac-%d8%a7%d9%84%d8%b2%d9%8a%d8%aa-dd-%d9%88-pd\/\",\"url\":\"https:\/\/www.albadelakhar.ly\/fr\/product\/%d9%85%d8%b1%d8%b4%d8%ad%d8%a7%d8%aa-%d8%af%d9%85%d8%ac-%d8%a7%d9%84%d8%b2%d9%8a%d8%aa-dd-%d9%88-pd\/\",\"name\":\"Filtres combin\u00e9s \u00e0 huile (+)DD et (+)PD | Atlas Copco\",\"isPartOf\":{\"@id\":\"https:\/\/www.albadelakhar.ly\/#website\"},\"datePublished\":\"2023-12-15T09:37:36+00:00\",\"dateModified\":\"2023-12-25T13:58:49+00:00\",\"description\":\"Les filtres combin\u00e9s \u00e0 huile (+)DD et (+)PD r\u00e9duisent efficacement le brouillard d'huile, la poussi\u00e8re humide et les gouttelettes d'eau dans le flux d'air comprim\u00e9 pour prot\u00e9ger votre investissement, votre \u00e9quipement et vos op\u00e9rations. Ces impuret\u00e9s peuvent provenir de la lubrification des \u00e9l\u00e9ments du compresseur, de l\u2019air d\u2019admission et de l\u2019installation du compresseur lui-m\u00eame.\",\"breadcrumb\":{\"@id\":\"https:\/\/www.albadelakhar.ly\/fr\/product\/%d9%85%d8%b1%d8%b4%d8%ad%d8%a7%d8%aa-%d8%af%d9%85%d8%ac-%d8%a7%d9%84%d8%b2%d9%8a%d8%aa-dd-%d9%88-pd\/#breadcrumb\"},\"inLanguage\":\"fr-FR\",\"potentialAction\":[{\"@type\":\"ReadAction\",\"target\":[\"https:\/\/www.albadelakhar.ly\/fr\/product\/%d9%85%d8%b1%d8%b4%d8%ad%d8%a7%d8%aa-%d8%af%d9%85%d8%ac-%d8%a7%d9%84%d8%b2%d9%8a%d8%aa-dd-%d9%88-pd\/\"]}]},{\"@type\":\"BreadcrumbList\",\"@id\":\"https:\/\/www.albadelakhar.ly\/fr\/product\/%d9%85%d8%b1%d8%b4%d8%ad%d8%a7%d8%aa-%d8%af%d9%85%d8%ac-%d8%a7%d9%84%d8%b2%d9%8a%d8%aa-dd-%d9%88-pd\/#breadcrumb\",\"itemListElement\":[{\"@type\":\"ListItem\",\"position\":1,\"name\":\"Accueil\",\"item\":\"https:\/\/www.albadelakhar.ly\/fr\/\"},{\"@type\":\"ListItem\",\"position\":2,\"name\":\"\u0627\u0644\u0645\u0646\u062a\u062c\u0627\u062a\",\"item\":\"https:\/\/www.albadelakhar.ly\/shop\/\"},{\"@type\":\"ListItem\",\"position\":3,\"name\":\"Filtres combin\u00e9s \u00e0 huile (+)DD et (+)PD\"}]},{\"@type\":\"WebSite\",\"@id\":\"https:\/\/www.albadelakhar.ly\/#website\",\"url\":\"https:\/\/www.albadelakhar.ly\/\",\"name\":\"Atlas Copco\",\"description\":\"Albadel Akhar Co.\",\"potentialAction\":[{\"@type\":\"SearchAction\",\"target\":{\"@type\":\"EntryPoint\",\"urlTemplate\":\"https:\/\/www.albadelakhar.ly\/?s={search_term_string}\"},\"query-input\":\"required name=search_term_string\"}],\"inLanguage\":\"fr-FR\"}]}<\/script>\n<!-- \/ Yoast SEO plugin. -->","yoast_head_json":{"title":"Filtres combin\u00e9s \u00e0 huile (+)DD et (+)PD | Atlas Copco","description":"Les filtres combin\u00e9s \u00e0 huile (+)DD et (+)PD r\u00e9duisent efficacement le brouillard d'huile, la poussi\u00e8re humide et les gouttelettes d'eau dans le flux d'air comprim\u00e9 pour prot\u00e9ger votre investissement, votre \u00e9quipement et vos op\u00e9rations. Ces impuret\u00e9s peuvent provenir de la lubrification des \u00e9l\u00e9ments du compresseur, de l\u2019air d\u2019admission et de l\u2019installation du compresseur lui-m\u00eame.","robots":{"index":"index","follow":"follow","max-snippet":"max-snippet:-1","max-image-preview":"max-image-preview:large","max-video-preview":"max-video-preview:-1"},"canonical":"https:\/\/www.albadelakhar.ly\/fr\/product\/\u0645\u0631\u0634\u062d\u0627\u062a-\u062f\u0645\u062c-\u0627\u0644\u0632\u064a\u062a-dd-\u0648-pd\/","og_locale":"fr_FR","og_type":"article","og_title":"Filtres combin\u00e9s \u00e0 huile (+)DD et (+)PD | Atlas Copco","og_description":"Les filtres combin\u00e9s \u00e0 huile (+)DD et (+)PD r\u00e9duisent efficacement le brouillard d'huile, la poussi\u00e8re humide et les gouttelettes d'eau dans le flux d'air comprim\u00e9 pour prot\u00e9ger votre investissement, votre \u00e9quipement et vos op\u00e9rations. Ces impuret\u00e9s peuvent provenir de la lubrification des \u00e9l\u00e9ments du compresseur, de l\u2019air d\u2019admission et de l\u2019installation du compresseur lui-m\u00eame.","og_url":"https:\/\/www.albadelakhar.ly\/fr\/product\/\u0645\u0631\u0634\u062d\u0627\u062a-\u062f\u0645\u062c-\u0627\u0644\u0632\u064a\u062a-dd-\u0648-pd\/","og_site_name":"Atlas Copco","article_modified_time":"2023-12-25T13:58:49+00:00","og_image":[{"width":480,"height":480,"url":"https:\/\/www.albadelakhar.ly\/wp-content\/uploads\/2023\/12\/Sans-titre-1-3.jpg","type":"image\/jpeg"}],"twitter_card":"summary_large_image","schema":{"@context":"https:\/\/schema.org","@graph":[{"@type":"WebPage","@id":"https:\/\/www.albadelakhar.ly\/fr\/product\/%d9%85%d8%b1%d8%b4%d8%ad%d8%a7%d8%aa-%d8%af%d9%85%d8%ac-%d8%a7%d9%84%d8%b2%d9%8a%d8%aa-dd-%d9%88-pd\/","url":"https:\/\/www.albadelakhar.ly\/fr\/product\/%d9%85%d8%b1%d8%b4%d8%ad%d8%a7%d8%aa-%d8%af%d9%85%d8%ac-%d8%a7%d9%84%d8%b2%d9%8a%d8%aa-dd-%d9%88-pd\/","name":"Filtres combin\u00e9s \u00e0 huile (+)DD et (+)PD | Atlas Copco","isPartOf":{"@id":"https:\/\/www.albadelakhar.ly\/#website"},"datePublished":"2023-12-15T09:37:36+00:00","dateModified":"2023-12-25T13:58:49+00:00","description":"Les filtres combin\u00e9s \u00e0 huile (+)DD et (+)PD r\u00e9duisent efficacement le brouillard d'huile, la poussi\u00e8re humide et les gouttelettes d'eau dans le flux d'air comprim\u00e9 pour prot\u00e9ger votre investissement, votre \u00e9quipement et vos op\u00e9rations. Ces impuret\u00e9s peuvent provenir de la lubrification des \u00e9l\u00e9ments du compresseur, de l\u2019air d\u2019admission et de l\u2019installation du compresseur lui-m\u00eame.","breadcrumb":{"@id":"https:\/\/www.albadelakhar.ly\/fr\/product\/%d9%85%d8%b1%d8%b4%d8%ad%d8%a7%d8%aa-%d8%af%d9%85%d8%ac-%d8%a7%d9%84%d8%b2%d9%8a%d8%aa-dd-%d9%88-pd\/#breadcrumb"},"inLanguage":"fr-FR","potentialAction":[{"@type":"ReadAction","target":["https:\/\/www.albadelakhar.ly\/fr\/product\/%d9%85%d8%b1%d8%b4%d8%ad%d8%a7%d8%aa-%d8%af%d9%85%d8%ac-%d8%a7%d9%84%d8%b2%d9%8a%d8%aa-dd-%d9%88-pd\/"]}]},{"@type":"BreadcrumbList","@id":"https:\/\/www.albadelakhar.ly\/fr\/product\/%d9%85%d8%b1%d8%b4%d8%ad%d8%a7%d8%aa-%d8%af%d9%85%d8%ac-%d8%a7%d9%84%d8%b2%d9%8a%d8%aa-dd-%d9%88-pd\/#breadcrumb","itemListElement":[{"@type":"ListItem","position":1,"name":"Accueil","item":"https:\/\/www.albadelakhar.ly\/fr\/"},{"@type":"ListItem","position":2,"name":"\u0627\u0644\u0645\u0646\u062a\u062c\u0627\u062a","item":"https:\/\/www.albadelakhar.ly\/shop\/"},{"@type":"ListItem","position":3,"name":"Filtres combin\u00e9s \u00e0 huile (+)DD et (+)PD"}]},{"@type":"WebSite","@id":"https:\/\/www.albadelakhar.ly\/#website","url":"https:\/\/www.albadelakhar.ly\/","name":"Atlas Copco","description":"Albadel Akhar Co.","potentialAction":[{"@type":"SearchAction","target":{"@type":"EntryPoint","urlTemplate":"https:\/\/www.albadelakhar.ly\/?s={search_term_string}"},"query-input":"required name=search_term_string"}],"inLanguage":"fr-FR"}]}},"_links":{"self":[{"href":"https:\/\/www.albadelakhar.ly\/fr\/wp-json\/wp\/v2\/product\/9037","targetHints":{"allow":["GET"]}}],"collection":[{"href":"https:\/\/www.albadelakhar.ly\/fr\/wp-json\/wp\/v2\/product"}],"about":[{"href":"https:\/\/www.albadelakhar.ly\/fr\/wp-json\/wp\/v2\/types\/product"}],"wp:featuredmedia":[{"embeddable":true,"href":"https:\/\/www.albadelakhar.ly\/fr\/wp-json\/wp\/v2\/media\/9406"}],"wp:attachment":[{"href":"https:\/\/www.albadelakhar.ly\/fr\/wp-json\/wp\/v2\/media?parent=9037"}],"wp:term":[{"taxonomy":"product_cat","embeddable":true,"href":"https:\/\/www.albadelakhar.ly\/fr\/wp-json\/wp\/v2\/product_cat?post=9037"},{"taxonomy":"product_tag","embeddable":true,"href":"https:\/\/www.albadelakhar.ly\/fr\/wp-json\/wp\/v2\/product_tag?post=9037"}],"curies":[{"name":"wp","href":"https:\/\/api.w.org\/{rel}","templated":true}]}}