{"id":9064,"date":"2023-12-15T08:49:22","date_gmt":"2023-12-15T08:49:22","guid":{"rendered":"https:\/\/www.albadelakhar.ly\/product\/%d8%a7%d9%84%d9%85%d8%ac%d9%81%d9%81%d8%a7%d8%aa-%d8%a7%d9%84%d8%a7%d8%b3%d8%b7%d9%88%d8%a7%d9%86%d9%8a%d8%a9-mdg-md-nd\/"},"modified":"2023-12-25T14:18:26","modified_gmt":"2023-12-25T14:18:26","slug":"%d8%a7%d9%84%d9%85%d8%ac%d9%81%d9%81%d8%a7%d8%aa-%d8%a7%d9%84%d8%a7%d8%b3%d8%b7%d9%88%d8%a7%d9%86%d9%8a%d8%a9-mdg-md-nd","status":"publish","type":"product","link":"https:\/\/www.albadelakhar.ly\/fr\/product\/%d8%a7%d9%84%d9%85%d8%ac%d9%81%d9%81%d8%a7%d8%aa-%d8%a7%d9%84%d8%a7%d8%b3%d8%b7%d9%88%d8%a7%d9%86%d9%8a%d8%a9-mdg-md-nd\/","title":{"rendered":"S\u00e9cheurs \u00e0 tambour MDG, MD et ND"},"content":{"rendered":"<section class=\"wpb-content-wrapper\"><p>[vc_row][vc_column width=&#8221;1\/3&#8243;][vc_column_text]<\/p>\n<div class=\"et_pb_module et_pb_text et_pb_text_19 et_pb_text_align_center et_pb_bg_layout_light\">\n<div class=\"et_pb_text_inner\">\n<div class=\"et_pb_module et_pb_text et_pb_text_4 et_pb_text_align_center et_pb_bg_layout_light\">\n<div class=\"et_pb_text_inner\">\n<div class=\"et_pb_module et_pb_text et_pb_text_7 et_pb_text_align_center et_pb_bg_layout_light\">\n<div class=\"et_pb_text_inner\">\n<p style=\"text-align: right;\"><a href=\"https:\/\/www.albadelakhar.ly\/wp-content\/uploads\/2023\/12\/2935068802-MD-ND-MDG-series-leaflet-EN_LR-1.pdf\"><strong>MD ND MDG series leaflet<img decoding=\"async\" class=\" wp-image-7682 alignright\" src=\"https:\/\/www.albadelakhar.ly\/wp-content\/uploads\/2023\/12\/download-pdf.png\" alt=\"\" width=\"58\" height=\"58\" \/><\/strong><\/a><\/p>\n<\/div>\n<\/div>\n<\/div>\n<\/div>\n<p style=\"text-align: right;\">\n<\/div>\n<\/div>\n<p>[\/vc_column_text][\/vc_column][vc_column width=&#8221;1\/3&#8243;][\/vc_column][vc_column width=&#8221;1\/3&#8243;][\/vc_column][\/vc_row][vc_row][vc_column][vc_column_text]<\/p>\n<p>[\/vc_column_text][\/vc_column][\/vc_row]<\/p>\n<\/section>","protected":false},"excerpt":{"rendered":"<p style=\"text-align: left;\">Les s\u00e9cheurs \u00e0 tambour rotatif MDG, MD et ND fournissent de l&#8217;air sec et sans huile \u00e0 un co\u00fbt efficace. Id\u00e9al pour les aliments, les boissons, la production d&#8217;\u00e9nergie, les m\u00e9dicaments et autres processus vitaux. Son taux de production est de 200 \u00e0 4000 litres\/seconde.<\/p>\n","protected":false},"featured_media":9412,"template":"","meta":[],"product_cat":[163,162,166],"product_tag":[],"class_list":["post-9064","product","type-product","status-publish","has-post-thumbnail","hentry","product_cat-secheurs-dair","product_cat-secheurs-dair-et-filtres","product_cat-sechoirs-deshydratants"],"yoast_head":"<!-- This site is optimized with the Yoast SEO plugin v22.0 - https:\/\/yoast.com\/wordpress\/plugins\/seo\/ -->\n<title>S\u00e9cheurs \u00e0 tambour MDG, MD et ND | Atlas Copco<\/title>\n<meta name=\"description\" content=\"Les s\u00e9cheurs \u00e0 tambour rotatif MDG, MD et ND fournissent de l&#039;air sec et sans huile \u00e0 un co\u00fbt efficace. Id\u00e9al pour les aliments, les boissons, la production d&#039;\u00e9nergie, les m\u00e9dicaments et autres processus vitaux. Son taux de production est de 200 \u00e0 4000 litres\/seconde.\" \/>\n<meta name=\"robots\" content=\"index, follow, max-snippet:-1, max-image-preview:large, max-video-preview:-1\" \/>\n<link rel=\"canonical\" href=\"https:\/\/www.albadelakhar.ly\/fr\/product\/\u0627\u0644\u0645\u062c\u0641\u0641\u0627\u062a-\u0627\u0644\u0627\u0633\u0637\u0648\u0627\u0646\u064a\u0629-mdg-md-nd\/\" \/>\n<meta property=\"og:locale\" content=\"fr_FR\" \/>\n<meta property=\"og:type\" content=\"article\" \/>\n<meta property=\"og:title\" content=\"S\u00e9cheurs \u00e0 tambour MDG, MD et ND | Atlas Copco\" \/>\n<meta property=\"og:description\" content=\"Les s\u00e9cheurs \u00e0 tambour rotatif MDG, MD et ND fournissent de l&#039;air sec et sans huile \u00e0 un co\u00fbt efficace. Id\u00e9al pour les aliments, les boissons, la production d&#039;\u00e9nergie, les m\u00e9dicaments et autres processus vitaux. Son taux de production est de 200 \u00e0 4000 litres\/seconde.\" \/>\n<meta property=\"og:url\" content=\"https:\/\/www.albadelakhar.ly\/fr\/product\/\u0627\u0644\u0645\u062c\u0641\u0641\u0627\u062a-\u0627\u0644\u0627\u0633\u0637\u0648\u0627\u0646\u064a\u0629-mdg-md-nd\/\" \/>\n<meta property=\"og:site_name\" content=\"Atlas Copco\" \/>\n<meta property=\"article:modified_time\" content=\"2023-12-25T14:18:26+00:00\" \/>\n<meta property=\"og:image\" content=\"https:\/\/www.albadelakhar.ly\/wp-content\/uploads\/2023\/12\/Sans-titre-1-5.jpg\" \/>\n\t<meta property=\"og:image:width\" content=\"480\" \/>\n\t<meta property=\"og:image:height\" content=\"480\" \/>\n\t<meta property=\"og:image:type\" content=\"image\/jpeg\" \/>\n<meta name=\"twitter:card\" content=\"summary_large_image\" \/>\n<script type=\"application\/ld+json\" class=\"yoast-schema-graph\">{\"@context\":\"https:\/\/schema.org\",\"@graph\":[{\"@type\":\"WebPage\",\"@id\":\"https:\/\/www.albadelakhar.ly\/fr\/product\/%d8%a7%d9%84%d9%85%d8%ac%d9%81%d9%81%d8%a7%d8%aa-%d8%a7%d9%84%d8%a7%d8%b3%d8%b7%d9%88%d8%a7%d9%86%d9%8a%d8%a9-mdg-md-nd\/\",\"url\":\"https:\/\/www.albadelakhar.ly\/fr\/product\/%d8%a7%d9%84%d9%85%d8%ac%d9%81%d9%81%d8%a7%d8%aa-%d8%a7%d9%84%d8%a7%d8%b3%d8%b7%d9%88%d8%a7%d9%86%d9%8a%d8%a9-mdg-md-nd\/\",\"name\":\"S\u00e9cheurs \u00e0 tambour MDG, MD et ND | Atlas Copco\",\"isPartOf\":{\"@id\":\"https:\/\/www.albadelakhar.ly\/#website\"},\"datePublished\":\"2023-12-15T08:49:22+00:00\",\"dateModified\":\"2023-12-25T14:18:26+00:00\",\"description\":\"Les s\u00e9cheurs \u00e0 tambour rotatif MDG, MD et ND fournissent de l'air sec et sans huile \u00e0 un co\u00fbt efficace. Id\u00e9al pour les aliments, les boissons, la production d'\u00e9nergie, les m\u00e9dicaments et autres processus vitaux. Son taux de production est de 200 \u00e0 4000 litres\/seconde.\",\"breadcrumb\":{\"@id\":\"https:\/\/www.albadelakhar.ly\/fr\/product\/%d8%a7%d9%84%d9%85%d8%ac%d9%81%d9%81%d8%a7%d8%aa-%d8%a7%d9%84%d8%a7%d8%b3%d8%b7%d9%88%d8%a7%d9%86%d9%8a%d8%a9-mdg-md-nd\/#breadcrumb\"},\"inLanguage\":\"fr-FR\",\"potentialAction\":[{\"@type\":\"ReadAction\",\"target\":[\"https:\/\/www.albadelakhar.ly\/fr\/product\/%d8%a7%d9%84%d9%85%d8%ac%d9%81%d9%81%d8%a7%d8%aa-%d8%a7%d9%84%d8%a7%d8%b3%d8%b7%d9%88%d8%a7%d9%86%d9%8a%d8%a9-mdg-md-nd\/\"]}]},{\"@type\":\"BreadcrumbList\",\"@id\":\"https:\/\/www.albadelakhar.ly\/fr\/product\/%d8%a7%d9%84%d9%85%d8%ac%d9%81%d9%81%d8%a7%d8%aa-%d8%a7%d9%84%d8%a7%d8%b3%d8%b7%d9%88%d8%a7%d9%86%d9%8a%d8%a9-mdg-md-nd\/#breadcrumb\",\"itemListElement\":[{\"@type\":\"ListItem\",\"position\":1,\"name\":\"Accueil\",\"item\":\"https:\/\/www.albadelakhar.ly\/fr\/\"},{\"@type\":\"ListItem\",\"position\":2,\"name\":\"\u0627\u0644\u0645\u0646\u062a\u062c\u0627\u062a\",\"item\":\"https:\/\/www.albadelakhar.ly\/shop\/\"},{\"@type\":\"ListItem\",\"position\":3,\"name\":\"S\u00e9cheurs \u00e0 tambour MDG, MD et ND\"}]},{\"@type\":\"WebSite\",\"@id\":\"https:\/\/www.albadelakhar.ly\/#website\",\"url\":\"https:\/\/www.albadelakhar.ly\/\",\"name\":\"Atlas Copco\",\"description\":\"Albadel Akhar Co.\",\"potentialAction\":[{\"@type\":\"SearchAction\",\"target\":{\"@type\":\"EntryPoint\",\"urlTemplate\":\"https:\/\/www.albadelakhar.ly\/?s={search_term_string}\"},\"query-input\":\"required name=search_term_string\"}],\"inLanguage\":\"fr-FR\"}]}<\/script>\n<!-- \/ Yoast SEO plugin. -->","yoast_head_json":{"title":"S\u00e9cheurs \u00e0 tambour MDG, MD et ND | Atlas Copco","description":"Les s\u00e9cheurs \u00e0 tambour rotatif MDG, MD et ND fournissent de l'air sec et sans huile \u00e0 un co\u00fbt efficace. Id\u00e9al pour les aliments, les boissons, la production d'\u00e9nergie, les m\u00e9dicaments et autres processus vitaux. Son taux de production est de 200 \u00e0 4000 litres\/seconde.","robots":{"index":"index","follow":"follow","max-snippet":"max-snippet:-1","max-image-preview":"max-image-preview:large","max-video-preview":"max-video-preview:-1"},"canonical":"https:\/\/www.albadelakhar.ly\/fr\/product\/\u0627\u0644\u0645\u062c\u0641\u0641\u0627\u062a-\u0627\u0644\u0627\u0633\u0637\u0648\u0627\u0646\u064a\u0629-mdg-md-nd\/","og_locale":"fr_FR","og_type":"article","og_title":"S\u00e9cheurs \u00e0 tambour MDG, MD et ND | Atlas Copco","og_description":"Les s\u00e9cheurs \u00e0 tambour rotatif MDG, MD et ND fournissent de l'air sec et sans huile \u00e0 un co\u00fbt efficace. Id\u00e9al pour les aliments, les boissons, la production d'\u00e9nergie, les m\u00e9dicaments et autres processus vitaux. Son taux de production est de 200 \u00e0 4000 litres\/seconde.","og_url":"https:\/\/www.albadelakhar.ly\/fr\/product\/\u0627\u0644\u0645\u062c\u0641\u0641\u0627\u062a-\u0627\u0644\u0627\u0633\u0637\u0648\u0627\u0646\u064a\u0629-mdg-md-nd\/","og_site_name":"Atlas Copco","article_modified_time":"2023-12-25T14:18:26+00:00","og_image":[{"width":480,"height":480,"url":"https:\/\/www.albadelakhar.ly\/wp-content\/uploads\/2023\/12\/Sans-titre-1-5.jpg","type":"image\/jpeg"}],"twitter_card":"summary_large_image","schema":{"@context":"https:\/\/schema.org","@graph":[{"@type":"WebPage","@id":"https:\/\/www.albadelakhar.ly\/fr\/product\/%d8%a7%d9%84%d9%85%d8%ac%d9%81%d9%81%d8%a7%d8%aa-%d8%a7%d9%84%d8%a7%d8%b3%d8%b7%d9%88%d8%a7%d9%86%d9%8a%d8%a9-mdg-md-nd\/","url":"https:\/\/www.albadelakhar.ly\/fr\/product\/%d8%a7%d9%84%d9%85%d8%ac%d9%81%d9%81%d8%a7%d8%aa-%d8%a7%d9%84%d8%a7%d8%b3%d8%b7%d9%88%d8%a7%d9%86%d9%8a%d8%a9-mdg-md-nd\/","name":"S\u00e9cheurs \u00e0 tambour MDG, MD et ND | Atlas Copco","isPartOf":{"@id":"https:\/\/www.albadelakhar.ly\/#website"},"datePublished":"2023-12-15T08:49:22+00:00","dateModified":"2023-12-25T14:18:26+00:00","description":"Les s\u00e9cheurs \u00e0 tambour rotatif MDG, MD et ND fournissent de l'air sec et sans huile \u00e0 un co\u00fbt efficace. Id\u00e9al pour les aliments, les boissons, la production d'\u00e9nergie, les m\u00e9dicaments et autres processus vitaux. Son taux de production est de 200 \u00e0 4000 litres\/seconde.","breadcrumb":{"@id":"https:\/\/www.albadelakhar.ly\/fr\/product\/%d8%a7%d9%84%d9%85%d8%ac%d9%81%d9%81%d8%a7%d8%aa-%d8%a7%d9%84%d8%a7%d8%b3%d8%b7%d9%88%d8%a7%d9%86%d9%8a%d8%a9-mdg-md-nd\/#breadcrumb"},"inLanguage":"fr-FR","potentialAction":[{"@type":"ReadAction","target":["https:\/\/www.albadelakhar.ly\/fr\/product\/%d8%a7%d9%84%d9%85%d8%ac%d9%81%d9%81%d8%a7%d8%aa-%d8%a7%d9%84%d8%a7%d8%b3%d8%b7%d9%88%d8%a7%d9%86%d9%8a%d8%a9-mdg-md-nd\/"]}]},{"@type":"BreadcrumbList","@id":"https:\/\/www.albadelakhar.ly\/fr\/product\/%d8%a7%d9%84%d9%85%d8%ac%d9%81%d9%81%d8%a7%d8%aa-%d8%a7%d9%84%d8%a7%d8%b3%d8%b7%d9%88%d8%a7%d9%86%d9%8a%d8%a9-mdg-md-nd\/#breadcrumb","itemListElement":[{"@type":"ListItem","position":1,"name":"Accueil","item":"https:\/\/www.albadelakhar.ly\/fr\/"},{"@type":"ListItem","position":2,"name":"\u0627\u0644\u0645\u0646\u062a\u062c\u0627\u062a","item":"https:\/\/www.albadelakhar.ly\/shop\/"},{"@type":"ListItem","position":3,"name":"S\u00e9cheurs \u00e0 tambour MDG, MD et ND"}]},{"@type":"WebSite","@id":"https:\/\/www.albadelakhar.ly\/#website","url":"https:\/\/www.albadelakhar.ly\/","name":"Atlas Copco","description":"Albadel Akhar Co.","potentialAction":[{"@type":"SearchAction","target":{"@type":"EntryPoint","urlTemplate":"https:\/\/www.albadelakhar.ly\/?s={search_term_string}"},"query-input":"required name=search_term_string"}],"inLanguage":"fr-FR"}]}},"_links":{"self":[{"href":"https:\/\/www.albadelakhar.ly\/fr\/wp-json\/wp\/v2\/product\/9064","targetHints":{"allow":["GET"]}}],"collection":[{"href":"https:\/\/www.albadelakhar.ly\/fr\/wp-json\/wp\/v2\/product"}],"about":[{"href":"https:\/\/www.albadelakhar.ly\/fr\/wp-json\/wp\/v2\/types\/product"}],"wp:featuredmedia":[{"embeddable":true,"href":"https:\/\/www.albadelakhar.ly\/fr\/wp-json\/wp\/v2\/media\/9412"}],"wp:attachment":[{"href":"https:\/\/www.albadelakhar.ly\/fr\/wp-json\/wp\/v2\/media?parent=9064"}],"wp:term":[{"taxonomy":"product_cat","embeddable":true,"href":"https:\/\/www.albadelakhar.ly\/fr\/wp-json\/wp\/v2\/product_cat?post=9064"},{"taxonomy":"product_tag","embeddable":true,"href":"https:\/\/www.albadelakhar.ly\/fr\/wp-json\/wp\/v2\/product_tag?post=9064"}],"curies":[{"name":"wp","href":"https:\/\/api.w.org\/{rel}","templated":true}]}}