{"id":9083,"date":"2023-12-15T07:52:33","date_gmt":"2023-12-15T07:52:33","guid":{"rendered":"https:\/\/www.albadelakhar.ly\/product\/%d9%85%d8%ac%d9%81%d9%81-%d9%87%d9%88%d8%a7%d8%a1-%d9%85%d8%a8%d8%b1%d8%af-fd%d8%8c-fd-%d8%8c-fdvsd\/"},"modified":"2023-12-25T14:59:49","modified_gmt":"2023-12-25T14:59:49","slug":"%d9%85%d8%ac%d9%81%d9%81-%d9%87%d9%88%d8%a7%d8%a1-%d9%85%d8%a8%d8%b1%d8%af-fd%d8%8c-fd-%d8%8c-fdvsd","status":"publish","type":"product","link":"https:\/\/www.albadelakhar.ly\/fr\/product\/%d9%85%d8%ac%d9%81%d9%81-%d9%87%d9%88%d8%a7%d8%a1-%d9%85%d8%a8%d8%b1%d8%af-fd%d8%8c-fd-%d8%8c-fdvsd\/","title":{"rendered":"S\u00e9cheur d&#8217;air r\u00e9frig\u00e9r\u00e9 FD, FD+, FD(VSD)"},"content":{"rendered":"<section class=\"wpb-content-wrapper\"><p>[vc_row][vc_column width=&#8221;1\/3&#8243;][vc_column_text]<\/p>\n<div class=\"et_pb_module et_pb_text et_pb_text_19 et_pb_text_align_center et_pb_bg_layout_light\">\n<div class=\"et_pb_text_inner\">\n<div class=\"et_pb_module et_pb_text et_pb_text_4 et_pb_text_align_center et_pb_bg_layout_light\">\n<div class=\"et_pb_text_inner\">\n<div class=\"et_pb_module et_pb_text et_pb_text_8 et_pb_text_align_center et_pb_bg_layout_light\">\n<div class=\"et_pb_text_inner\">\n<p style=\"text-align: right;\"><a href=\"https:\/\/www.albadelakhar.ly\/wp-content\/uploads\/2023\/12\/2935058212-FD-series-leaflet-EN_LR_ineko-1.pdf\"><strong>FD series leaflet EN LR ineko<img decoding=\"async\" class=\" wp-image-7682 alignright\" src=\"https:\/\/www.albadelakhar.ly\/wp-content\/uploads\/2023\/12\/download-pdf.png\" alt=\"\" width=\"58\" height=\"58\" \/><\/strong><\/a><\/p>\n<\/div>\n<\/div>\n<\/div>\n<\/div>\n<p style=\"text-align: right;\">\n<\/div>\n<\/div>\n<p>[\/vc_column_text][\/vc_column][vc_column width=&#8221;1\/3&#8243;][vc_column_text]<\/p>\n<div class=\"et_pb_module et_pb_text et_pb_text_19 et_pb_text_align_center et_pb_bg_layout_light\">\n<div class=\"et_pb_text_inner\">\n<div class=\"et_pb_module et_pb_text et_pb_text_4 et_pb_text_align_center et_pb_bg_layout_light\">\n<div class=\"et_pb_text_inner\">\n<div class=\"et_pb_module et_pb_text et_pb_text_9 et_pb_text_align_center et_pb_bg_layout_light\">\n<div class=\"et_pb_text_inner\">\n<p style=\"text-align: right;\"><a href=\"https:\/\/www.albadelakhar.ly\/wp-content\/uploads\/2023\/12\/FD_VSD_plus_series_leaflet_EN_Antwerp_2935069601-1.pdf\"><strong>FD (VSD)+ series (1250-2400 l\/s, 2648-4238 cfm)<img decoding=\"async\" class=\" wp-image-7682 alignright\" src=\"https:\/\/www.albadelakhar.ly\/wp-content\/uploads\/2023\/12\/download-pdf.png\" alt=\"\" width=\"58\" height=\"58\" \/><\/strong><\/a><\/p>\n<\/div>\n<\/div>\n<\/div>\n<\/div>\n<p style=\"text-align: right;\">\n<\/div>\n<\/div>\n<p>[\/vc_column_text][\/vc_column][vc_column width=&#8221;1\/3&#8243;][vc_column_text]<\/p>\n<div class=\"et_pb_module et_pb_text et_pb_text_19 et_pb_text_align_center et_pb_bg_layout_light\">\n<div class=\"et_pb_text_inner\">\n<div class=\"et_pb_module et_pb_text et_pb_text_4 et_pb_text_align_center et_pb_bg_layout_light\">\n<div class=\"et_pb_text_inner\">\n<div class=\"et_pb_module et_pb_text et_pb_text_10 et_pb_text_align_center et_pb_bg_layout_light\">\n<div class=\"et_pb_text_inner\">\n<p style=\"text-align: right;\"><a href=\"https:\/\/www.albadelakhar.ly\/wp-content\/uploads\/2023\/12\/FD-FX_Brendola_lealfet_EN_2935086841-1.pdf\"><strong>FD-FX Brendola leaflet EN<img decoding=\"async\" class=\" wp-image-7682 alignright\" src=\"https:\/\/www.albadelakhar.ly\/wp-content\/uploads\/2023\/12\/download-pdf.png\" alt=\"\" width=\"58\" height=\"58\" \/><\/strong><\/a><\/p>\n<\/div>\n<\/div>\n<\/div>\n<\/div>\n<p style=\"text-align: right;\">\n<\/div>\n<\/div>\n<p>[\/vc_column_text][\/vc_column][\/vc_row][vc_row][vc_column][vc_column_text]<\/p>\n<p>[\/vc_column_text][\/vc_column][\/vc_row]<\/p>\n<\/section>","protected":false},"excerpt":{"rendered":"<p style=\"text-align: left;\">Les s\u00e9cheurs d&#8217;air r\u00e9frig\u00e9r\u00e9s garantissent les normes de qualit\u00e9 les plus \u00e9lev\u00e9es, de faibles co\u00fbts de cycle de vie pour votre \u00e9quipement et un retour sur investissement rapide.<\/p>\n","protected":false},"featured_media":9422,"template":"","meta":[],"product_cat":[163,162,164],"product_tag":[],"class_list":["post-9083","product","type-product","status-publish","has-post-thumbnail","hentry","product_cat-secheurs-dair","product_cat-secheurs-dair-et-filtres","product_cat-secheurs-frigorifiques"],"yoast_head":"<!-- This site is optimized with the Yoast SEO plugin v22.0 - https:\/\/yoast.com\/wordpress\/plugins\/seo\/ -->\n<title>S\u00e9cheur d&#039;air r\u00e9frig\u00e9r\u00e9 FD, FD+, FD(VSD) | Atlas Copco<\/title>\n<meta name=\"description\" content=\"Les s\u00e9cheurs d&#039;air r\u00e9frig\u00e9r\u00e9s garantissent les normes de qualit\u00e9 les plus \u00e9lev\u00e9es, de faibles co\u00fbts de cycle de vie pour votre \u00e9quipement et un retour sur investissement rapide.\" \/>\n<meta name=\"robots\" content=\"index, follow, max-snippet:-1, max-image-preview:large, max-video-preview:-1\" \/>\n<link rel=\"canonical\" href=\"https:\/\/www.albadelakhar.ly\/fr\/product\/\u0645\u062c\u0641\u0641-\u0647\u0648\u0627\u0621-\u0645\u0628\u0631\u062f-fd\u060c-fd-\u060c-fdvsd\/\" \/>\n<meta property=\"og:locale\" content=\"fr_FR\" \/>\n<meta property=\"og:type\" content=\"article\" \/>\n<meta property=\"og:title\" content=\"S\u00e9cheur d&#039;air r\u00e9frig\u00e9r\u00e9 FD, FD+, FD(VSD) | Atlas Copco\" \/>\n<meta property=\"og:description\" content=\"Les s\u00e9cheurs d&#039;air r\u00e9frig\u00e9r\u00e9s garantissent les normes de qualit\u00e9 les plus \u00e9lev\u00e9es, de faibles co\u00fbts de cycle de vie pour votre \u00e9quipement et un retour sur investissement rapide.\" \/>\n<meta property=\"og:url\" content=\"https:\/\/www.albadelakhar.ly\/fr\/product\/\u0645\u062c\u0641\u0641-\u0647\u0648\u0627\u0621-\u0645\u0628\u0631\u062f-fd\u060c-fd-\u060c-fdvsd\/\" \/>\n<meta property=\"og:site_name\" content=\"Atlas Copco\" \/>\n<meta property=\"article:modified_time\" content=\"2023-12-25T14:59:49+00:00\" \/>\n<meta property=\"og:image\" content=\"https:\/\/www.albadelakhar.ly\/wp-content\/uploads\/2023\/12\/Sans-titre-1-2-1.jpg\" \/>\n\t<meta property=\"og:image:width\" content=\"480\" \/>\n\t<meta property=\"og:image:height\" content=\"480\" \/>\n\t<meta property=\"og:image:type\" content=\"image\/jpeg\" \/>\n<meta name=\"twitter:card\" content=\"summary_large_image\" \/>\n<script type=\"application\/ld+json\" class=\"yoast-schema-graph\">{\"@context\":\"https:\/\/schema.org\",\"@graph\":[{\"@type\":\"WebPage\",\"@id\":\"https:\/\/www.albadelakhar.ly\/fr\/product\/%d9%85%d8%ac%d9%81%d9%81-%d9%87%d9%88%d8%a7%d8%a1-%d9%85%d8%a8%d8%b1%d8%af-fd%d8%8c-fd-%d8%8c-fdvsd\/\",\"url\":\"https:\/\/www.albadelakhar.ly\/fr\/product\/%d9%85%d8%ac%d9%81%d9%81-%d9%87%d9%88%d8%a7%d8%a1-%d9%85%d8%a8%d8%b1%d8%af-fd%d8%8c-fd-%d8%8c-fdvsd\/\",\"name\":\"S\u00e9cheur d'air r\u00e9frig\u00e9r\u00e9 FD, FD+, FD(VSD) | Atlas Copco\",\"isPartOf\":{\"@id\":\"https:\/\/www.albadelakhar.ly\/#website\"},\"datePublished\":\"2023-12-15T07:52:33+00:00\",\"dateModified\":\"2023-12-25T14:59:49+00:00\",\"description\":\"Les s\u00e9cheurs d'air r\u00e9frig\u00e9r\u00e9s garantissent les normes de qualit\u00e9 les plus \u00e9lev\u00e9es, de faibles co\u00fbts de cycle de vie pour votre \u00e9quipement et un retour sur investissement rapide.\",\"breadcrumb\":{\"@id\":\"https:\/\/www.albadelakhar.ly\/fr\/product\/%d9%85%d8%ac%d9%81%d9%81-%d9%87%d9%88%d8%a7%d8%a1-%d9%85%d8%a8%d8%b1%d8%af-fd%d8%8c-fd-%d8%8c-fdvsd\/#breadcrumb\"},\"inLanguage\":\"fr-FR\",\"potentialAction\":[{\"@type\":\"ReadAction\",\"target\":[\"https:\/\/www.albadelakhar.ly\/fr\/product\/%d9%85%d8%ac%d9%81%d9%81-%d9%87%d9%88%d8%a7%d8%a1-%d9%85%d8%a8%d8%b1%d8%af-fd%d8%8c-fd-%d8%8c-fdvsd\/\"]}]},{\"@type\":\"BreadcrumbList\",\"@id\":\"https:\/\/www.albadelakhar.ly\/fr\/product\/%d9%85%d8%ac%d9%81%d9%81-%d9%87%d9%88%d8%a7%d8%a1-%d9%85%d8%a8%d8%b1%d8%af-fd%d8%8c-fd-%d8%8c-fdvsd\/#breadcrumb\",\"itemListElement\":[{\"@type\":\"ListItem\",\"position\":1,\"name\":\"Accueil\",\"item\":\"https:\/\/www.albadelakhar.ly\/fr\/\"},{\"@type\":\"ListItem\",\"position\":2,\"name\":\"\u0627\u0644\u0645\u0646\u062a\u062c\u0627\u062a\",\"item\":\"https:\/\/www.albadelakhar.ly\/shop\/\"},{\"@type\":\"ListItem\",\"position\":3,\"name\":\"S\u00e9cheur d&#8217;air r\u00e9frig\u00e9r\u00e9 FD, FD+, FD(VSD)\"}]},{\"@type\":\"WebSite\",\"@id\":\"https:\/\/www.albadelakhar.ly\/#website\",\"url\":\"https:\/\/www.albadelakhar.ly\/\",\"name\":\"Atlas Copco\",\"description\":\"Albadel Akhar Co.\",\"potentialAction\":[{\"@type\":\"SearchAction\",\"target\":{\"@type\":\"EntryPoint\",\"urlTemplate\":\"https:\/\/www.albadelakhar.ly\/?s={search_term_string}\"},\"query-input\":\"required name=search_term_string\"}],\"inLanguage\":\"fr-FR\"}]}<\/script>\n<!-- \/ Yoast SEO plugin. -->","yoast_head_json":{"title":"S\u00e9cheur d'air r\u00e9frig\u00e9r\u00e9 FD, FD+, FD(VSD) | Atlas Copco","description":"Les s\u00e9cheurs d'air r\u00e9frig\u00e9r\u00e9s garantissent les normes de qualit\u00e9 les plus \u00e9lev\u00e9es, de faibles co\u00fbts de cycle de vie pour votre \u00e9quipement et un retour sur investissement rapide.","robots":{"index":"index","follow":"follow","max-snippet":"max-snippet:-1","max-image-preview":"max-image-preview:large","max-video-preview":"max-video-preview:-1"},"canonical":"https:\/\/www.albadelakhar.ly\/fr\/product\/\u0645\u062c\u0641\u0641-\u0647\u0648\u0627\u0621-\u0645\u0628\u0631\u062f-fd\u060c-fd-\u060c-fdvsd\/","og_locale":"fr_FR","og_type":"article","og_title":"S\u00e9cheur d'air r\u00e9frig\u00e9r\u00e9 FD, FD+, FD(VSD) | Atlas Copco","og_description":"Les s\u00e9cheurs d'air r\u00e9frig\u00e9r\u00e9s garantissent les normes de qualit\u00e9 les plus \u00e9lev\u00e9es, de faibles co\u00fbts de cycle de vie pour votre \u00e9quipement et un retour sur investissement rapide.","og_url":"https:\/\/www.albadelakhar.ly\/fr\/product\/\u0645\u062c\u0641\u0641-\u0647\u0648\u0627\u0621-\u0645\u0628\u0631\u062f-fd\u060c-fd-\u060c-fdvsd\/","og_site_name":"Atlas Copco","article_modified_time":"2023-12-25T14:59:49+00:00","og_image":[{"width":480,"height":480,"url":"https:\/\/www.albadelakhar.ly\/wp-content\/uploads\/2023\/12\/Sans-titre-1-2-1.jpg","type":"image\/jpeg"}],"twitter_card":"summary_large_image","schema":{"@context":"https:\/\/schema.org","@graph":[{"@type":"WebPage","@id":"https:\/\/www.albadelakhar.ly\/fr\/product\/%d9%85%d8%ac%d9%81%d9%81-%d9%87%d9%88%d8%a7%d8%a1-%d9%85%d8%a8%d8%b1%d8%af-fd%d8%8c-fd-%d8%8c-fdvsd\/","url":"https:\/\/www.albadelakhar.ly\/fr\/product\/%d9%85%d8%ac%d9%81%d9%81-%d9%87%d9%88%d8%a7%d8%a1-%d9%85%d8%a8%d8%b1%d8%af-fd%d8%8c-fd-%d8%8c-fdvsd\/","name":"S\u00e9cheur d'air r\u00e9frig\u00e9r\u00e9 FD, FD+, FD(VSD) | Atlas Copco","isPartOf":{"@id":"https:\/\/www.albadelakhar.ly\/#website"},"datePublished":"2023-12-15T07:52:33+00:00","dateModified":"2023-12-25T14:59:49+00:00","description":"Les s\u00e9cheurs d'air r\u00e9frig\u00e9r\u00e9s garantissent les normes de qualit\u00e9 les plus \u00e9lev\u00e9es, de faibles co\u00fbts de cycle de vie pour votre \u00e9quipement et un retour sur investissement rapide.","breadcrumb":{"@id":"https:\/\/www.albadelakhar.ly\/fr\/product\/%d9%85%d8%ac%d9%81%d9%81-%d9%87%d9%88%d8%a7%d8%a1-%d9%85%d8%a8%d8%b1%d8%af-fd%d8%8c-fd-%d8%8c-fdvsd\/#breadcrumb"},"inLanguage":"fr-FR","potentialAction":[{"@type":"ReadAction","target":["https:\/\/www.albadelakhar.ly\/fr\/product\/%d9%85%d8%ac%d9%81%d9%81-%d9%87%d9%88%d8%a7%d8%a1-%d9%85%d8%a8%d8%b1%d8%af-fd%d8%8c-fd-%d8%8c-fdvsd\/"]}]},{"@type":"BreadcrumbList","@id":"https:\/\/www.albadelakhar.ly\/fr\/product\/%d9%85%d8%ac%d9%81%d9%81-%d9%87%d9%88%d8%a7%d8%a1-%d9%85%d8%a8%d8%b1%d8%af-fd%d8%8c-fd-%d8%8c-fdvsd\/#breadcrumb","itemListElement":[{"@type":"ListItem","position":1,"name":"Accueil","item":"https:\/\/www.albadelakhar.ly\/fr\/"},{"@type":"ListItem","position":2,"name":"\u0627\u0644\u0645\u0646\u062a\u062c\u0627\u062a","item":"https:\/\/www.albadelakhar.ly\/shop\/"},{"@type":"ListItem","position":3,"name":"S\u00e9cheur d&#8217;air r\u00e9frig\u00e9r\u00e9 FD, FD+, FD(VSD)"}]},{"@type":"WebSite","@id":"https:\/\/www.albadelakhar.ly\/#website","url":"https:\/\/www.albadelakhar.ly\/","name":"Atlas Copco","description":"Albadel Akhar Co.","potentialAction":[{"@type":"SearchAction","target":{"@type":"EntryPoint","urlTemplate":"https:\/\/www.albadelakhar.ly\/?s={search_term_string}"},"query-input":"required name=search_term_string"}],"inLanguage":"fr-FR"}]}},"_links":{"self":[{"href":"https:\/\/www.albadelakhar.ly\/fr\/wp-json\/wp\/v2\/product\/9083","targetHints":{"allow":["GET"]}}],"collection":[{"href":"https:\/\/www.albadelakhar.ly\/fr\/wp-json\/wp\/v2\/product"}],"about":[{"href":"https:\/\/www.albadelakhar.ly\/fr\/wp-json\/wp\/v2\/types\/product"}],"wp:featuredmedia":[{"embeddable":true,"href":"https:\/\/www.albadelakhar.ly\/fr\/wp-json\/wp\/v2\/media\/9422"}],"wp:attachment":[{"href":"https:\/\/www.albadelakhar.ly\/fr\/wp-json\/wp\/v2\/media?parent=9083"}],"wp:term":[{"taxonomy":"product_cat","embeddable":true,"href":"https:\/\/www.albadelakhar.ly\/fr\/wp-json\/wp\/v2\/product_cat?post=9083"},{"taxonomy":"product_tag","embeddable":true,"href":"https:\/\/www.albadelakhar.ly\/fr\/wp-json\/wp\/v2\/product_tag?post=9083"}],"curies":[{"name":"wp","href":"https:\/\/api.w.org\/{rel}","templated":true}]}}