{"id":9451,"date":"2023-12-14T15:50:50","date_gmt":"2023-12-14T15:50:50","guid":{"rendered":"https:\/\/www.albadelakhar.ly\/product\/%d8%a8%d9%84%d8%a7%d9%88%d8%b1-%d8%b0%d9%88-%d9%85%d8%ae%d9%84%d8%a8-%d8%af%d9%88%d8%a7%d8%b1-%d8%ae%d8%a7%d9%84%d9%8a-%d9%85%d9%86-%d8%a7%d9%84%d8%b2%d9%8a%d8%aa-dzs\/"},"modified":"2023-12-26T08:10:03","modified_gmt":"2023-12-26T08:10:03","slug":"%d8%a8%d9%84%d8%a7%d9%88%d8%b1-%d8%b0%d9%88-%d9%85%d8%ae%d9%84%d8%a8-%d8%af%d9%88%d8%a7%d8%b1-%d8%ae%d8%a7%d9%84%d9%8a-%d9%85%d9%86-%d8%a7%d9%84%d8%b2%d9%8a%d8%aa-dzs","status":"publish","type":"product","link":"https:\/\/www.albadelakhar.ly\/fr\/product\/%d8%a8%d9%84%d8%a7%d9%88%d8%b1-%d8%b0%d9%88-%d9%85%d8%ae%d9%84%d8%a8-%d8%af%d9%88%d8%a7%d8%b1-%d8%ae%d8%a7%d9%84%d9%8a-%d9%85%d9%86-%d8%a7%d9%84%d8%b2%d9%8a%d8%aa-dzs\/","title":{"rendered":"Souffleur rotatif \u00e0 griffes sans huile DZS"},"content":{"rendered":"<section class=\"wpb-content-wrapper\"><p>[vc_row][vc_column width=&#8221;1\/3&#8243;][vc_column_text]<\/p>\n<div class=\"et_pb_module et_pb_text et_pb_text_19 et_pb_text_align_center et_pb_bg_layout_light\">\n<div class=\"et_pb_text_inner\">\n<div class=\"et_pb_module et_pb_text et_pb_text_8 et_pb_text_align_center et_pb_bg_layout_light\">\n<div class=\"et_pb_text_inner\">\n<p style=\"text-align: right;\"><a href=\"https:\/\/www.albadelakhar.ly\/wp-content\/uploads\/2023\/12\/DZS-150-300P-Sales-leaflet-EN-Antwerp-2935-0732-00-1.pdf\"><strong>DZS 150-300P<\/strong><img decoding=\"async\" class=\" wp-image-7682 alignright\" src=\"https:\/\/www.albadelakhar.ly\/wp-content\/uploads\/2023\/12\/download-pdf.png\" alt=\"\" width=\"58\" height=\"58\" \/><\/a><\/p>\n<\/div>\n<\/div>\n<p style=\"text-align: right;\">\n<\/div>\n<\/div>\n<p>[\/vc_column_text][\/vc_column][vc_column width=&#8221;1\/3&#8243;][\/vc_column][vc_column width=&#8221;1\/3&#8243;][\/vc_column][\/vc_row][vc_row][vc_column][vc_column_text]<\/p>\n<p>[\/vc_column_text][\/vc_column][\/vc_row]<\/p>\n<\/section>","protected":false},"excerpt":{"rendered":"<h2 style=\"color: #00adf1; text-align: left;\">Sp\u00e9cifications techniques :<\/h2>\n<table class=\"responsive alignleft\" style=\"border: 1px; border-color: #a8a8a8;\" border=\"1\"><!-- Premi\u00e8re ligne --><\/p>\n<tbody>\n<tr style=\"background-color: #e0e0e0;\">\n<td>Capacit\u00e9 FAD l\/s<\/td>\n<td>485L\/s &#8211; 1495L\/s<\/td>\n<\/tr>\n<p><!-- Deuxi\u00e8me ligne --><\/p>\n<tr style=\"background-color: white;\">\n<td>Mode d\u2019amplitude<\/td>\n<td>65 &#8211; 200 pieds<\/td>\n<\/tr>\n<p><!-- Troisi\u00e8me ligne --><\/p>\n<tr style=\"background-color: #e0e0e0;\">\n<td>Pression de travail<\/td>\n<td>7 &#8211; 33 livres par pouce carr\u00e9<\/td>\n<\/tr>\n<p><!-- Quatri\u00e8me ligne --><\/p>\n<tr style=\"background-color: white;\">\n<td>Puissance moteur install\u00e9e<\/td>\n<td>15 &#8211; 30 CV<\/td>\n<\/tr>\n<\/tbody>\n<\/table>\n","protected":false},"featured_media":9446,"template":"","meta":[],"product_cat":[151,153],"product_tag":[],"class_list":["post-9451","product","type-product","status-publish","has-post-thumbnail","hentry","product_cat-compresseurs-dair","product_cat-ventilateur"],"yoast_head":"<!-- This site is optimized with the Yoast SEO plugin v22.0 - https:\/\/yoast.com\/wordpress\/plugins\/seo\/ -->\n<title>Souffleur rotatif \u00e0 griffes sans huile DZS | Atlas Copco<\/title>\n<meta name=\"description\" content=\"Sp\u00e9cifications techniques :    Capacit\u00e9 FAD l\/s 485L\/s - 1495L\/s    Mode d\u2019amplitude 65 - 200 pieds    Pression de travail 7 - 33 livres par pouce carr\u00e9    Puissance moteur install\u00e9e 15 - 30 CV\" \/>\n<meta name=\"robots\" content=\"index, follow, max-snippet:-1, max-image-preview:large, max-video-preview:-1\" \/>\n<link rel=\"canonical\" href=\"https:\/\/www.albadelakhar.ly\/fr\/product\/\u0628\u0644\u0627\u0648\u0631-\u0630\u0648-\u0645\u062e\u0644\u0628-\u062f\u0648\u0627\u0631-\u062e\u0627\u0644\u064a-\u0645\u0646-\u0627\u0644\u0632\u064a\u062a-dzs\/\" \/>\n<meta property=\"og:locale\" content=\"fr_FR\" \/>\n<meta property=\"og:type\" content=\"article\" \/>\n<meta property=\"og:title\" content=\"Souffleur rotatif \u00e0 griffes sans huile DZS | Atlas Copco\" \/>\n<meta property=\"og:description\" content=\"Sp\u00e9cifications techniques :    Capacit\u00e9 FAD l\/s 485L\/s - 1495L\/s    Mode d\u2019amplitude 65 - 200 pieds    Pression de travail 7 - 33 livres par pouce carr\u00e9    Puissance moteur install\u00e9e 15 - 30 CV\" \/>\n<meta property=\"og:url\" content=\"https:\/\/www.albadelakhar.ly\/fr\/product\/\u0628\u0644\u0627\u0648\u0631-\u0630\u0648-\u0645\u062e\u0644\u0628-\u062f\u0648\u0627\u0631-\u062e\u0627\u0644\u064a-\u0645\u0646-\u0627\u0644\u0632\u064a\u062a-dzs\/\" \/>\n<meta property=\"og:site_name\" content=\"Atlas Copco\" \/>\n<meta property=\"article:modified_time\" content=\"2023-12-26T08:10:03+00:00\" \/>\n<meta property=\"og:image\" content=\"https:\/\/www.albadelakhar.ly\/wp-content\/uploads\/2023\/12\/Sans-titre-1-9.jpg\" \/>\n\t<meta property=\"og:image:width\" content=\"480\" \/>\n\t<meta property=\"og:image:height\" content=\"480\" \/>\n\t<meta property=\"og:image:type\" content=\"image\/jpeg\" \/>\n<meta name=\"twitter:card\" content=\"summary_large_image\" \/>\n<script type=\"application\/ld+json\" class=\"yoast-schema-graph\">{\"@context\":\"https:\/\/schema.org\",\"@graph\":[{\"@type\":\"WebPage\",\"@id\":\"https:\/\/www.albadelakhar.ly\/fr\/product\/%d8%a8%d9%84%d8%a7%d9%88%d8%b1-%d8%b0%d9%88-%d9%85%d8%ae%d9%84%d8%a8-%d8%af%d9%88%d8%a7%d8%b1-%d8%ae%d8%a7%d9%84%d9%8a-%d9%85%d9%86-%d8%a7%d9%84%d8%b2%d9%8a%d8%aa-dzs\/\",\"url\":\"https:\/\/www.albadelakhar.ly\/fr\/product\/%d8%a8%d9%84%d8%a7%d9%88%d8%b1-%d8%b0%d9%88-%d9%85%d8%ae%d9%84%d8%a8-%d8%af%d9%88%d8%a7%d8%b1-%d8%ae%d8%a7%d9%84%d9%8a-%d9%85%d9%86-%d8%a7%d9%84%d8%b2%d9%8a%d8%aa-dzs\/\",\"name\":\"Souffleur rotatif \u00e0 griffes sans huile DZS | Atlas Copco\",\"isPartOf\":{\"@id\":\"https:\/\/www.albadelakhar.ly\/#website\"},\"datePublished\":\"2023-12-14T15:50:50+00:00\",\"dateModified\":\"2023-12-26T08:10:03+00:00\",\"description\":\"Sp\u00e9cifications techniques : Capacit\u00e9 FAD l\/s 485L\/s - 1495L\/s Mode d\u2019amplitude 65 - 200 pieds Pression de travail 7 - 33 livres par pouce carr\u00e9 Puissance moteur install\u00e9e 15 - 30 CV\",\"breadcrumb\":{\"@id\":\"https:\/\/www.albadelakhar.ly\/fr\/product\/%d8%a8%d9%84%d8%a7%d9%88%d8%b1-%d8%b0%d9%88-%d9%85%d8%ae%d9%84%d8%a8-%d8%af%d9%88%d8%a7%d8%b1-%d8%ae%d8%a7%d9%84%d9%8a-%d9%85%d9%86-%d8%a7%d9%84%d8%b2%d9%8a%d8%aa-dzs\/#breadcrumb\"},\"inLanguage\":\"fr-FR\",\"potentialAction\":[{\"@type\":\"ReadAction\",\"target\":[\"https:\/\/www.albadelakhar.ly\/fr\/product\/%d8%a8%d9%84%d8%a7%d9%88%d8%b1-%d8%b0%d9%88-%d9%85%d8%ae%d9%84%d8%a8-%d8%af%d9%88%d8%a7%d8%b1-%d8%ae%d8%a7%d9%84%d9%8a-%d9%85%d9%86-%d8%a7%d9%84%d8%b2%d9%8a%d8%aa-dzs\/\"]}]},{\"@type\":\"BreadcrumbList\",\"@id\":\"https:\/\/www.albadelakhar.ly\/fr\/product\/%d8%a8%d9%84%d8%a7%d9%88%d8%b1-%d8%b0%d9%88-%d9%85%d8%ae%d9%84%d8%a8-%d8%af%d9%88%d8%a7%d8%b1-%d8%ae%d8%a7%d9%84%d9%8a-%d9%85%d9%86-%d8%a7%d9%84%d8%b2%d9%8a%d8%aa-dzs\/#breadcrumb\",\"itemListElement\":[{\"@type\":\"ListItem\",\"position\":1,\"name\":\"Accueil\",\"item\":\"https:\/\/www.albadelakhar.ly\/fr\/\"},{\"@type\":\"ListItem\",\"position\":2,\"name\":\"\u0627\u0644\u0645\u0646\u062a\u062c\u0627\u062a\",\"item\":\"https:\/\/www.albadelakhar.ly\/shop\/\"},{\"@type\":\"ListItem\",\"position\":3,\"name\":\"Souffleur rotatif \u00e0 griffes sans huile DZS\"}]},{\"@type\":\"WebSite\",\"@id\":\"https:\/\/www.albadelakhar.ly\/#website\",\"url\":\"https:\/\/www.albadelakhar.ly\/\",\"name\":\"Atlas Copco\",\"description\":\"Albadel Akhar Co.\",\"potentialAction\":[{\"@type\":\"SearchAction\",\"target\":{\"@type\":\"EntryPoint\",\"urlTemplate\":\"https:\/\/www.albadelakhar.ly\/?s={search_term_string}\"},\"query-input\":\"required name=search_term_string\"}],\"inLanguage\":\"fr-FR\"}]}<\/script>\n<!-- \/ Yoast SEO plugin. -->","yoast_head_json":{"title":"Souffleur rotatif \u00e0 griffes sans huile DZS | Atlas Copco","description":"Sp\u00e9cifications techniques :    Capacit\u00e9 FAD l\/s 485L\/s - 1495L\/s    Mode d\u2019amplitude 65 - 200 pieds    Pression de travail 7 - 33 livres par pouce carr\u00e9    Puissance moteur install\u00e9e 15 - 30 CV","robots":{"index":"index","follow":"follow","max-snippet":"max-snippet:-1","max-image-preview":"max-image-preview:large","max-video-preview":"max-video-preview:-1"},"canonical":"https:\/\/www.albadelakhar.ly\/fr\/product\/\u0628\u0644\u0627\u0648\u0631-\u0630\u0648-\u0645\u062e\u0644\u0628-\u062f\u0648\u0627\u0631-\u062e\u0627\u0644\u064a-\u0645\u0646-\u0627\u0644\u0632\u064a\u062a-dzs\/","og_locale":"fr_FR","og_type":"article","og_title":"Souffleur rotatif \u00e0 griffes sans huile DZS | Atlas Copco","og_description":"Sp\u00e9cifications techniques :    Capacit\u00e9 FAD l\/s 485L\/s - 1495L\/s    Mode d\u2019amplitude 65 - 200 pieds    Pression de travail 7 - 33 livres par pouce carr\u00e9    Puissance moteur install\u00e9e 15 - 30 CV","og_url":"https:\/\/www.albadelakhar.ly\/fr\/product\/\u0628\u0644\u0627\u0648\u0631-\u0630\u0648-\u0645\u062e\u0644\u0628-\u062f\u0648\u0627\u0631-\u062e\u0627\u0644\u064a-\u0645\u0646-\u0627\u0644\u0632\u064a\u062a-dzs\/","og_site_name":"Atlas Copco","article_modified_time":"2023-12-26T08:10:03+00:00","og_image":[{"width":480,"height":480,"url":"https:\/\/www.albadelakhar.ly\/wp-content\/uploads\/2023\/12\/Sans-titre-1-9.jpg","type":"image\/jpeg"}],"twitter_card":"summary_large_image","schema":{"@context":"https:\/\/schema.org","@graph":[{"@type":"WebPage","@id":"https:\/\/www.albadelakhar.ly\/fr\/product\/%d8%a8%d9%84%d8%a7%d9%88%d8%b1-%d8%b0%d9%88-%d9%85%d8%ae%d9%84%d8%a8-%d8%af%d9%88%d8%a7%d8%b1-%d8%ae%d8%a7%d9%84%d9%8a-%d9%85%d9%86-%d8%a7%d9%84%d8%b2%d9%8a%d8%aa-dzs\/","url":"https:\/\/www.albadelakhar.ly\/fr\/product\/%d8%a8%d9%84%d8%a7%d9%88%d8%b1-%d8%b0%d9%88-%d9%85%d8%ae%d9%84%d8%a8-%d8%af%d9%88%d8%a7%d8%b1-%d8%ae%d8%a7%d9%84%d9%8a-%d9%85%d9%86-%d8%a7%d9%84%d8%b2%d9%8a%d8%aa-dzs\/","name":"Souffleur rotatif \u00e0 griffes sans huile DZS | Atlas Copco","isPartOf":{"@id":"https:\/\/www.albadelakhar.ly\/#website"},"datePublished":"2023-12-14T15:50:50+00:00","dateModified":"2023-12-26T08:10:03+00:00","description":"Sp\u00e9cifications techniques : Capacit\u00e9 FAD l\/s 485L\/s - 1495L\/s Mode d\u2019amplitude 65 - 200 pieds Pression de travail 7 - 33 livres par pouce carr\u00e9 Puissance moteur install\u00e9e 15 - 30 CV","breadcrumb":{"@id":"https:\/\/www.albadelakhar.ly\/fr\/product\/%d8%a8%d9%84%d8%a7%d9%88%d8%b1-%d8%b0%d9%88-%d9%85%d8%ae%d9%84%d8%a8-%d8%af%d9%88%d8%a7%d8%b1-%d8%ae%d8%a7%d9%84%d9%8a-%d9%85%d9%86-%d8%a7%d9%84%d8%b2%d9%8a%d8%aa-dzs\/#breadcrumb"},"inLanguage":"fr-FR","potentialAction":[{"@type":"ReadAction","target":["https:\/\/www.albadelakhar.ly\/fr\/product\/%d8%a8%d9%84%d8%a7%d9%88%d8%b1-%d8%b0%d9%88-%d9%85%d8%ae%d9%84%d8%a8-%d8%af%d9%88%d8%a7%d8%b1-%d8%ae%d8%a7%d9%84%d9%8a-%d9%85%d9%86-%d8%a7%d9%84%d8%b2%d9%8a%d8%aa-dzs\/"]}]},{"@type":"BreadcrumbList","@id":"https:\/\/www.albadelakhar.ly\/fr\/product\/%d8%a8%d9%84%d8%a7%d9%88%d8%b1-%d8%b0%d9%88-%d9%85%d8%ae%d9%84%d8%a8-%d8%af%d9%88%d8%a7%d8%b1-%d8%ae%d8%a7%d9%84%d9%8a-%d9%85%d9%86-%d8%a7%d9%84%d8%b2%d9%8a%d8%aa-dzs\/#breadcrumb","itemListElement":[{"@type":"ListItem","position":1,"name":"Accueil","item":"https:\/\/www.albadelakhar.ly\/fr\/"},{"@type":"ListItem","position":2,"name":"\u0627\u0644\u0645\u0646\u062a\u062c\u0627\u062a","item":"https:\/\/www.albadelakhar.ly\/shop\/"},{"@type":"ListItem","position":3,"name":"Souffleur rotatif \u00e0 griffes sans huile DZS"}]},{"@type":"WebSite","@id":"https:\/\/www.albadelakhar.ly\/#website","url":"https:\/\/www.albadelakhar.ly\/","name":"Atlas Copco","description":"Albadel Akhar Co.","potentialAction":[{"@type":"SearchAction","target":{"@type":"EntryPoint","urlTemplate":"https:\/\/www.albadelakhar.ly\/?s={search_term_string}"},"query-input":"required name=search_term_string"}],"inLanguage":"fr-FR"}]}},"_links":{"self":[{"href":"https:\/\/www.albadelakhar.ly\/fr\/wp-json\/wp\/v2\/product\/9451","targetHints":{"allow":["GET"]}}],"collection":[{"href":"https:\/\/www.albadelakhar.ly\/fr\/wp-json\/wp\/v2\/product"}],"about":[{"href":"https:\/\/www.albadelakhar.ly\/fr\/wp-json\/wp\/v2\/types\/product"}],"wp:featuredmedia":[{"embeddable":true,"href":"https:\/\/www.albadelakhar.ly\/fr\/wp-json\/wp\/v2\/media\/9446"}],"wp:attachment":[{"href":"https:\/\/www.albadelakhar.ly\/fr\/wp-json\/wp\/v2\/media?parent=9451"}],"wp:term":[{"taxonomy":"product_cat","embeddable":true,"href":"https:\/\/www.albadelakhar.ly\/fr\/wp-json\/wp\/v2\/product_cat?post=9451"},{"taxonomy":"product_tag","embeddable":true,"href":"https:\/\/www.albadelakhar.ly\/fr\/wp-json\/wp\/v2\/product_tag?post=9451"}],"curies":[{"name":"wp","href":"https:\/\/api.w.org\/{rel}","templated":true}]}}