{"id":9513,"date":"2023-12-14T13:37:10","date_gmt":"2023-12-14T13:37:10","guid":{"rendered":"https:\/\/www.albadelakhar.ly\/product\/%d8%b6%d9%88%d8%a7%d8%ba%d8%b7-%d8%a7%d9%84%d9%87%d9%88%d8%a7%d8%a1-sf\/"},"modified":"2023-12-26T16:52:23","modified_gmt":"2023-12-26T16:52:23","slug":"%d8%b6%d9%88%d8%a7%d8%ba%d8%b7-%d8%a7%d9%84%d9%87%d9%88%d8%a7%d8%a1-sf","status":"publish","type":"product","link":"https:\/\/www.albadelakhar.ly\/fr\/product\/%d8%b6%d9%88%d8%a7%d8%ba%d8%b7-%d8%a7%d9%84%d9%87%d9%88%d8%a7%d8%a1-sf\/","title":{"rendered":"Compresseurs \u00e0 spirale sans huile SF et SF+"},"content":{"rendered":"<section class=\"wpb-content-wrapper\"><p>[vc_row][vc_column width=&#8221;1\/3&#8243;][vc_column_text]<\/p>\n<div class=\"et_pb_module et_pb_text et_pb_text_19 et_pb_text_align_center et_pb_bg_layout_light\">\n<div class=\"et_pb_text_inner\">\n<p style=\"text-align: right;\"><a href=\"https:\/\/www.albadelakhar.ly\/wp-content\/uploads\/2023\/12\/SF1-22_antwerp_leaflet_EN_2935084448-1.pdf\"><strong>SF 1,5 \u2013 22 kW<\/strong><img decoding=\"async\" class=\" wp-image-7682 alignright\" src=\"https:\/\/www.albadelakhar.ly\/wp-content\/uploads\/2023\/12\/download-pdf.png\" alt=\"\" width=\"58\" height=\"58\" \/><\/a><\/p>\n<\/div>\n<\/div>\n<p>[\/vc_column_text][\/vc_column][vc_column width=&#8221;1\/3&#8243;][vc_column_text]<\/p>\n<div class=\"et_pb_module et_pb_text et_pb_text_19 et_pb_text_align_center et_pb_bg_layout_light\">\n<div class=\"et_pb_text_inner\">\n<p style=\"text-align: right;\"><strong>SF 10 \u2013 30 hp specification sheet<\/strong><img decoding=\"async\" class=\" wp-image-7682 alignright\" src=\"https:\/\/www.albadelakhar.ly\/wp-content\/uploads\/2023\/12\/download-pdf.png\" alt=\"\" width=\"58\" height=\"58\" \/><\/p>\n<\/div>\n<\/div>\n<p>[\/vc_column_text][\/vc_column][vc_column width=&#8221;1\/3&#8243;][vc_column_text]<\/p>\n<div class=\"et_pb_module et_pb_text et_pb_text_19 et_pb_text_align_center et_pb_bg_layout_light\">\n<div class=\"et_pb_text_inner\">\n<p style=\"text-align: right;\"><strong>SF 1,5-7,5 specification sheet<\/strong><img decoding=\"async\" class=\" wp-image-7682 alignright\" src=\"https:\/\/www.albadelakhar.ly\/wp-content\/uploads\/2023\/12\/download-pdf.png\" alt=\"\" width=\"58\" height=\"58\" \/><\/p>\n<\/div>\n<\/div>\n<p>[\/vc_column_text][\/vc_column][\/vc_row][vc_row][vc_column][vc_column_text]<\/p>\n<p>[\/vc_column_text][\/vc_column][\/vc_row]<\/p>\n<\/section>","protected":false},"excerpt":{"rendered":"<h2 style=\"color: #00adf1; text-align: left;\">Sp\u00e9cifications techniques :<\/h2>\n<table class=\"responsive alignleft\" style=\"border: 1px; border-color: #a8a8a8;\" border=\"1\"><!-- Premi\u00e8re ligne --><\/p>\n<tbody>\n<tr style=\"background-color: #e0e0e0;\">\n<td>Quantit\u00e9 de d\u00e9bit d&#8217;air\u00a0: litres\/seconde<\/td>\n<td>1,9 &#8211; 40,8 l\/s<\/td>\n<\/tr>\n<p><!-- Deuxi\u00e8me ligne --><\/p>\n<tr style=\"background-color: white;\">\n<td>Pression de travail<\/td>\n<td>8-10 barres<\/td>\n<\/tr>\n<p><!-- Troisi\u00e8me ligne --><\/p>\n<tr style=\"background-color: #e0e0e0;\">\n<td>Puissance du moteur<\/td>\n<td>1,5 &#8211; 22 kW<\/td>\n<\/tr>\n<p><!-- Quatri\u00e8me ligne --><\/p>\n<tr style=\"background-color: white;\">\n<td>D\u00e9bit d&#8217;air : quantit\u00e9 m\u00b3\/min<\/td>\n<td>0,11 &#8211; 2,45 m\u00b3\/min<\/td>\n<\/tr>\n<\/tbody>\n<\/table>\n","protected":false},"featured_media":9508,"template":"","meta":[],"product_cat":[151,156],"product_tag":[],"class_list":["post-9513","product","type-product","status-publish","has-post-thumbnail","hentry","product_cat-compresseurs-dair","product_cat-compresseurs-dair-de-moins-de-90-kw"],"yoast_head":"<!-- This site is optimized with the Yoast SEO plugin v22.0 - https:\/\/yoast.com\/wordpress\/plugins\/seo\/ -->\n<title>Compresseurs \u00e0 spirale sans huile SF et SF+ | Atlas Copco<\/title>\n<meta name=\"description\" content=\"Sp\u00e9cifications techniques :    Quantit\u00e9 de d\u00e9bit d&#039;air\u00a0: litres\/seconde 1,9 - 40,8 l\/s    Pression de travail 8-10 barres    Puissance du moteur 1,5 - 22 kW    D\u00e9bit d&#039;air : quantit\u00e9 m\u00b3\/min 0,11 - 2,45 m\u00b3\/min\" \/>\n<meta name=\"robots\" content=\"index, follow, max-snippet:-1, max-image-preview:large, max-video-preview:-1\" \/>\n<link rel=\"canonical\" href=\"https:\/\/www.albadelakhar.ly\/fr\/product\/\u0636\u0648\u0627\u063a\u0637-\u0627\u0644\u0647\u0648\u0627\u0621-sf\/\" \/>\n<meta property=\"og:locale\" content=\"fr_FR\" \/>\n<meta property=\"og:type\" content=\"article\" \/>\n<meta property=\"og:title\" content=\"Compresseurs \u00e0 spirale sans huile SF et SF+ | Atlas Copco\" \/>\n<meta property=\"og:description\" content=\"Sp\u00e9cifications techniques :    Quantit\u00e9 de d\u00e9bit d&#039;air\u00a0: litres\/seconde 1,9 - 40,8 l\/s    Pression de travail 8-10 barres    Puissance du moteur 1,5 - 22 kW    D\u00e9bit d&#039;air : quantit\u00e9 m\u00b3\/min 0,11 - 2,45 m\u00b3\/min\" \/>\n<meta property=\"og:url\" content=\"https:\/\/www.albadelakhar.ly\/fr\/product\/\u0636\u0648\u0627\u063a\u0637-\u0627\u0644\u0647\u0648\u0627\u0621-sf\/\" \/>\n<meta property=\"og:site_name\" content=\"Atlas Copco\" \/>\n<meta property=\"article:modified_time\" content=\"2023-12-26T16:52:23+00:00\" \/>\n<meta property=\"og:image\" content=\"https:\/\/www.albadelakhar.ly\/wp-content\/uploads\/2023\/12\/Sans-titre-1-13.jpg\" \/>\n\t<meta property=\"og:image:width\" content=\"480\" \/>\n\t<meta property=\"og:image:height\" content=\"480\" \/>\n\t<meta property=\"og:image:type\" content=\"image\/jpeg\" \/>\n<meta name=\"twitter:card\" content=\"summary_large_image\" \/>\n<script type=\"application\/ld+json\" class=\"yoast-schema-graph\">{\"@context\":\"https:\/\/schema.org\",\"@graph\":[{\"@type\":\"WebPage\",\"@id\":\"https:\/\/www.albadelakhar.ly\/fr\/product\/%d8%b6%d9%88%d8%a7%d8%ba%d8%b7-%d8%a7%d9%84%d9%87%d9%88%d8%a7%d8%a1-sf\/\",\"url\":\"https:\/\/www.albadelakhar.ly\/fr\/product\/%d8%b6%d9%88%d8%a7%d8%ba%d8%b7-%d8%a7%d9%84%d9%87%d9%88%d8%a7%d8%a1-sf\/\",\"name\":\"Compresseurs \u00e0 spirale sans huile SF et SF+ | Atlas Copco\",\"isPartOf\":{\"@id\":\"https:\/\/www.albadelakhar.ly\/#website\"},\"datePublished\":\"2023-12-14T13:37:10+00:00\",\"dateModified\":\"2023-12-26T16:52:23+00:00\",\"description\":\"Sp\u00e9cifications techniques : Quantit\u00e9 de d\u00e9bit d'air\u00a0: litres\/seconde 1,9 - 40,8 l\/s Pression de travail 8-10 barres Puissance du moteur 1,5 - 22 kW D\u00e9bit d'air : quantit\u00e9 m\u00b3\/min 0,11 - 2,45 m\u00b3\/min\",\"breadcrumb\":{\"@id\":\"https:\/\/www.albadelakhar.ly\/fr\/product\/%d8%b6%d9%88%d8%a7%d8%ba%d8%b7-%d8%a7%d9%84%d9%87%d9%88%d8%a7%d8%a1-sf\/#breadcrumb\"},\"inLanguage\":\"fr-FR\",\"potentialAction\":[{\"@type\":\"ReadAction\",\"target\":[\"https:\/\/www.albadelakhar.ly\/fr\/product\/%d8%b6%d9%88%d8%a7%d8%ba%d8%b7-%d8%a7%d9%84%d9%87%d9%88%d8%a7%d8%a1-sf\/\"]}]},{\"@type\":\"BreadcrumbList\",\"@id\":\"https:\/\/www.albadelakhar.ly\/fr\/product\/%d8%b6%d9%88%d8%a7%d8%ba%d8%b7-%d8%a7%d9%84%d9%87%d9%88%d8%a7%d8%a1-sf\/#breadcrumb\",\"itemListElement\":[{\"@type\":\"ListItem\",\"position\":1,\"name\":\"Accueil\",\"item\":\"https:\/\/www.albadelakhar.ly\/fr\/\"},{\"@type\":\"ListItem\",\"position\":2,\"name\":\"\u0627\u0644\u0645\u0646\u062a\u062c\u0627\u062a\",\"item\":\"https:\/\/www.albadelakhar.ly\/shop\/\"},{\"@type\":\"ListItem\",\"position\":3,\"name\":\"Compresseurs \u00e0 spirale sans huile SF et SF+\"}]},{\"@type\":\"WebSite\",\"@id\":\"https:\/\/www.albadelakhar.ly\/#website\",\"url\":\"https:\/\/www.albadelakhar.ly\/\",\"name\":\"Atlas Copco\",\"description\":\"Albadel Akhar Co.\",\"potentialAction\":[{\"@type\":\"SearchAction\",\"target\":{\"@type\":\"EntryPoint\",\"urlTemplate\":\"https:\/\/www.albadelakhar.ly\/?s={search_term_string}\"},\"query-input\":\"required name=search_term_string\"}],\"inLanguage\":\"fr-FR\"}]}<\/script>\n<!-- \/ Yoast SEO plugin. -->","yoast_head_json":{"title":"Compresseurs \u00e0 spirale sans huile SF et SF+ | Atlas Copco","description":"Sp\u00e9cifications techniques :    Quantit\u00e9 de d\u00e9bit d'air\u00a0: litres\/seconde 1,9 - 40,8 l\/s    Pression de travail 8-10 barres    Puissance du moteur 1,5 - 22 kW    D\u00e9bit d'air : quantit\u00e9 m\u00b3\/min 0,11 - 2,45 m\u00b3\/min","robots":{"index":"index","follow":"follow","max-snippet":"max-snippet:-1","max-image-preview":"max-image-preview:large","max-video-preview":"max-video-preview:-1"},"canonical":"https:\/\/www.albadelakhar.ly\/fr\/product\/\u0636\u0648\u0627\u063a\u0637-\u0627\u0644\u0647\u0648\u0627\u0621-sf\/","og_locale":"fr_FR","og_type":"article","og_title":"Compresseurs \u00e0 spirale sans huile SF et SF+ | Atlas Copco","og_description":"Sp\u00e9cifications techniques :    Quantit\u00e9 de d\u00e9bit d'air\u00a0: litres\/seconde 1,9 - 40,8 l\/s    Pression de travail 8-10 barres    Puissance du moteur 1,5 - 22 kW    D\u00e9bit d'air : quantit\u00e9 m\u00b3\/min 0,11 - 2,45 m\u00b3\/min","og_url":"https:\/\/www.albadelakhar.ly\/fr\/product\/\u0636\u0648\u0627\u063a\u0637-\u0627\u0644\u0647\u0648\u0627\u0621-sf\/","og_site_name":"Atlas Copco","article_modified_time":"2023-12-26T16:52:23+00:00","og_image":[{"width":480,"height":480,"url":"https:\/\/www.albadelakhar.ly\/wp-content\/uploads\/2023\/12\/Sans-titre-1-13.jpg","type":"image\/jpeg"}],"twitter_card":"summary_large_image","schema":{"@context":"https:\/\/schema.org","@graph":[{"@type":"WebPage","@id":"https:\/\/www.albadelakhar.ly\/fr\/product\/%d8%b6%d9%88%d8%a7%d8%ba%d8%b7-%d8%a7%d9%84%d9%87%d9%88%d8%a7%d8%a1-sf\/","url":"https:\/\/www.albadelakhar.ly\/fr\/product\/%d8%b6%d9%88%d8%a7%d8%ba%d8%b7-%d8%a7%d9%84%d9%87%d9%88%d8%a7%d8%a1-sf\/","name":"Compresseurs \u00e0 spirale sans huile SF et SF+ | Atlas Copco","isPartOf":{"@id":"https:\/\/www.albadelakhar.ly\/#website"},"datePublished":"2023-12-14T13:37:10+00:00","dateModified":"2023-12-26T16:52:23+00:00","description":"Sp\u00e9cifications techniques : Quantit\u00e9 de d\u00e9bit d'air\u00a0: litres\/seconde 1,9 - 40,8 l\/s Pression de travail 8-10 barres Puissance du moteur 1,5 - 22 kW D\u00e9bit d'air : quantit\u00e9 m\u00b3\/min 0,11 - 2,45 m\u00b3\/min","breadcrumb":{"@id":"https:\/\/www.albadelakhar.ly\/fr\/product\/%d8%b6%d9%88%d8%a7%d8%ba%d8%b7-%d8%a7%d9%84%d9%87%d9%88%d8%a7%d8%a1-sf\/#breadcrumb"},"inLanguage":"fr-FR","potentialAction":[{"@type":"ReadAction","target":["https:\/\/www.albadelakhar.ly\/fr\/product\/%d8%b6%d9%88%d8%a7%d8%ba%d8%b7-%d8%a7%d9%84%d9%87%d9%88%d8%a7%d8%a1-sf\/"]}]},{"@type":"BreadcrumbList","@id":"https:\/\/www.albadelakhar.ly\/fr\/product\/%d8%b6%d9%88%d8%a7%d8%ba%d8%b7-%d8%a7%d9%84%d9%87%d9%88%d8%a7%d8%a1-sf\/#breadcrumb","itemListElement":[{"@type":"ListItem","position":1,"name":"Accueil","item":"https:\/\/www.albadelakhar.ly\/fr\/"},{"@type":"ListItem","position":2,"name":"\u0627\u0644\u0645\u0646\u062a\u062c\u0627\u062a","item":"https:\/\/www.albadelakhar.ly\/shop\/"},{"@type":"ListItem","position":3,"name":"Compresseurs \u00e0 spirale sans huile SF et SF+"}]},{"@type":"WebSite","@id":"https:\/\/www.albadelakhar.ly\/#website","url":"https:\/\/www.albadelakhar.ly\/","name":"Atlas Copco","description":"Albadel Akhar Co.","potentialAction":[{"@type":"SearchAction","target":{"@type":"EntryPoint","urlTemplate":"https:\/\/www.albadelakhar.ly\/?s={search_term_string}"},"query-input":"required name=search_term_string"}],"inLanguage":"fr-FR"}]}},"_links":{"self":[{"href":"https:\/\/www.albadelakhar.ly\/fr\/wp-json\/wp\/v2\/product\/9513","targetHints":{"allow":["GET"]}}],"collection":[{"href":"https:\/\/www.albadelakhar.ly\/fr\/wp-json\/wp\/v2\/product"}],"about":[{"href":"https:\/\/www.albadelakhar.ly\/fr\/wp-json\/wp\/v2\/types\/product"}],"wp:featuredmedia":[{"embeddable":true,"href":"https:\/\/www.albadelakhar.ly\/fr\/wp-json\/wp\/v2\/media\/9508"}],"wp:attachment":[{"href":"https:\/\/www.albadelakhar.ly\/fr\/wp-json\/wp\/v2\/media?parent=9513"}],"wp:term":[{"taxonomy":"product_cat","embeddable":true,"href":"https:\/\/www.albadelakhar.ly\/fr\/wp-json\/wp\/v2\/product_cat?post=9513"},{"taxonomy":"product_tag","embeddable":true,"href":"https:\/\/www.albadelakhar.ly\/fr\/wp-json\/wp\/v2\/product_tag?post=9513"}],"curies":[{"name":"wp","href":"https:\/\/api.w.org\/{rel}","templated":true}]}}